{"id":1414,"date":"2015-07-14T00:24:22","date_gmt":"2015-07-14T00:24:22","guid":{"rendered":"https:\/\/www.bazarmerlin.com\/inicio\/?post_type=product&#038;p=1414"},"modified":"2022-12-15T00:00:12","modified_gmt":"2022-12-15T00:00:12","slug":"rituales-a-la-santa-muerte-altares-ofrendas-y-oraciones","status":"publish","type":"product","link":"https:\/\/www.bazarmerlin.com\/inicio\/producto\/rituales-a-la-santa-muerte-altares-ofrendas-y-oraciones\/","title":{"rendered":"Altares, Ofrendas, Oraciones Y Rituales A La Santa Muerte"},"content":{"rendered":"<h3><strong>RITUALES A LA SANTA MUERTE ALTARES. OFRENDAS Y ORACIONES<\/strong><\/h3>\n<p>&nbsp;<\/p>\n<p>CONOCE A FONDO LA MAGIA Y EL PODER DE LA SANTA MUERTE<\/p>\n<p>El Libro que est\u00e1s a punto de leer, no tiene otra intenci\u00f3n mas que demostrarte las diversas formas en que se le rinde culto a Sant\u00edsima Muerte. Nuestra intenci\u00f3n no es hacerte cambiar de religi\u00f3n o darte armas para lograr hacer da\u00f1o a la gente mediante ofrendas y oraciones a esta misteriosa &#8220;majestad&#8221;.<\/p>\n<p>&nbsp;<\/p>\n<p>ENCUENTRA OFRENDAS EN ESTE PR\u00c1CTICO L\u00cdBRO, RECETAS, Y ALTARES; QUE TE SERVIR\u00c1N PARA CUALQUIER OCASI\u00d3N<\/p>\n<p>ALTARES.<br \/>\nOfrendas.<br \/>\nHierbas y Plantas.<br \/>\nCuarzos y Piedras.<\/p>\n<p>RITUALES<br \/>\nPara el amor Alejar calamidades Atraer felicidad<\/p>\n<p>ORACIONES.<br \/>\nPara el dinero ,Para evitar robos y para la salud<\/p>\n<p>&nbsp;<\/p>\n<p>&nbsp;<\/p>\n<p>&nbsp;<\/p>\n<p><strong>BAZAR MERLIN\u00ae<\/strong><br \/>\n<strong>El Lugar M\u00e1s M\u00edstico de Guadalajara<\/strong><br \/>\n<strong>ENVIAMOS A TODO M\u00c9XICO<\/strong><\/p>\n<!-- AddThis Advanced Settings generic via filter on the_content --><!-- AddThis Share Buttons generic via filter on the_content -->","protected":false},"excerpt":{"rendered":"<p>RITUALES A LA SANTA MUERTE ALTARES. OFRENDAS Y ORACIONES &nbsp; CONOCE A FONDO LA MAGIA Y EL PODER DE LA SANTA MUERTE El Libro que est\u00e1s a punto de leer, no tiene otra intenci\u00f3n mas que demostrarte las diversas formas en que se le rinde culto a Sant\u00edsima Muerte. Nuestra intenci\u00f3n no es hacerte cambiar&hellip;<!-- AddThis Advanced Settings generic via filter on get_the_excerpt --><!-- AddThis Share Buttons generic via filter on get_the_excerpt --><\/p>\n","protected":false},"featured_media":11085,"template":"","meta":[],"product_cat":[13],"product_tag":[876,877,878],"_links":{"self":[{"href":"https:\/\/www.bazarmerlin.com\/inicio\/wp-json\/wp\/v2\/product\/1414"}],"collection":[{"href":"https:\/\/www.bazarmerlin.com\/inicio\/wp-json\/wp\/v2\/product"}],"about":[{"href":"https:\/\/www.bazarmerlin.com\/inicio\/wp-json\/wp\/v2\/types\/product"}],"wp:featuredmedia":[{"embeddable":true,"href":"https:\/\/www.bazarmerlin.com\/inicio\/wp-json\/wp\/v2\/media\/11085"}],"wp:attachment":[{"href":"https:\/\/www.bazarmerlin.com\/inicio\/wp-json\/wp\/v2\/media?parent=1414"}],"wp:term":[{"taxonomy":"product_cat","embeddable":true,"href":"https:\/\/www.bazarmerlin.com\/inicio\/wp-json\/wp\/v2\/product_cat?post=1414"},{"taxonomy":"product_tag","embeddable":true,"href":"https:\/\/www.bazarmerlin.com\/inicio\/wp-json\/wp\/v2\/product_tag?post=1414"}],"curies":[{"name":"wp","href":"https:\/\/api.w.org\/{rel}","templated":true}]}}