{"id":1424,"date":"2015-07-14T22:33:14","date_gmt":"2015-07-14T22:33:14","guid":{"rendered":"https:\/\/www.bazarmerlin.com\/inicio\/?post_type=product&#038;p=1424"},"modified":"2023-08-19T00:52:07","modified_gmt":"2023-08-19T00:52:07","slug":"abon-coco-y-canela-desbloquea-y-atrae-oportunidades","status":"publish","type":"product","link":"https:\/\/www.bazarmerlin.com\/inicio\/producto\/abon-coco-y-canela-desbloquea-y-atrae-oportunidades\/","title":{"rendered":"Jab\u00f3n Coco Con Canela \/ Desbloquea Y Atrae Oportunidades"},"content":{"rendered":"<div style=\"text-align: center;\"><\/div>\n<p><strong>JAB\u00d3N CUBANO COCO Y CANELA<\/strong><\/p>\n<div style=\"text-align: left;\">\n<p>DESBLOQUEA Y ATRAE OPORTUNIDADES<\/p>\n<p>Los Jabones Esot\u00e9ricos son preparados con productos, esencias y extractos especiales. Cuando tienes un problema que crees de dif\u00edcil soluci\u00f3n es bueno recurrir a los rituales de magia, estos siempre nos ayudan a lograr exitosa-mente los objetivos que queremos conseguir.<\/p>\n<p>Las limpiezas o rituales con jabones sirven para uso diario tanto del cuerpo como de las manos y toda tu energ\u00eda c\u00f3smica y aurica equilibrando tus chakras para as\u00ed cambiar de forma inmediata tu suerte. Su fabricaci\u00f3n y su composici\u00f3n son de forma 100% artesanal por lo que llevan la esencia y extracto natural para equilibrar tu energ\u00eda, en algunos jabones hierbas en su interior.<\/p>\n<p>Este Poderoso jab\u00f3n te ayudara a romper todo lo negativo, como tambi\u00e9n a abrirte caminos en AMOR, NEGOCIOS Y OPORTUNIDADES DE TODO TIPO.<\/p>\n<p>Elaborado especialmente por SANTEROS CUBANOS Y ESENCIAS M\u00cdSTICAS DE ALTO PODER que te ayudar\u00e1n a abrirte los caminos en todos los aspectos.<\/p>\n<p>LIB\u00c9RATE DE CUALQUIER BLOQUEO Y CONSIGUE SUERTE &#8211; FORTUNA &#8211; OPORTUNIDADES<\/p>\n<p>JAB\u00d3N IMPORTADO DESDE CUBA POR LO QUE TE GARANTIZA VERDADEROS RESULTADOS.<\/p>\n<\/div>\n<p>&nbsp;<\/p>\n<p>&nbsp;<\/p>\n<div style=\"text-align: left;\">\n<p><strong>BAZAR\u00a0<\/strong><b>MERL\u00cdN<\/b><br \/>\n<strong>El Lugar M\u00e1s M\u00edstico de Guadalajara<\/strong><br \/>\n<strong>ENVIAMOS A TODO M\u00c9XICO<\/strong><\/p>\n<\/div>\n<p><a href=\"https:\/\/www.bazarmerlin.com\/inicio\/wp-content\/uploads\/2015\/07\/Jabon-Coco-Y-Canela-Diseno-01.jpg\"><br \/>\n<\/a><\/p>\n<!-- AddThis Advanced Settings generic via filter on the_content --><!-- AddThis Share Buttons generic via filter on the_content -->","protected":false},"excerpt":{"rendered":"<p>JAB\u00d3N CUBANO COCO Y CANELA DESBLOQUEA Y ATRAE OPORTUNIDADES Los Jabones Esot\u00e9ricos son preparados con productos, esencias y extractos especiales. Cuando tienes un problema que crees de dif\u00edcil soluci\u00f3n es bueno recurrir a los rituales de magia, estos siempre nos ayudan a lograr exitosa-mente los objetivos que queremos conseguir. Las limpiezas o rituales con jabones&hellip;<!-- AddThis Advanced Settings generic via filter on get_the_excerpt --><!-- AddThis Share Buttons generic via filter on get_the_excerpt --><\/p>\n","protected":false},"featured_media":7903,"template":"","meta":[],"product_cat":[14],"product_tag":[881,880],"_links":{"self":[{"href":"https:\/\/www.bazarmerlin.com\/inicio\/wp-json\/wp\/v2\/product\/1424"}],"collection":[{"href":"https:\/\/www.bazarmerlin.com\/inicio\/wp-json\/wp\/v2\/product"}],"about":[{"href":"https:\/\/www.bazarmerlin.com\/inicio\/wp-json\/wp\/v2\/types\/product"}],"wp:featuredmedia":[{"embeddable":true,"href":"https:\/\/www.bazarmerlin.com\/inicio\/wp-json\/wp\/v2\/media\/7903"}],"wp:attachment":[{"href":"https:\/\/www.bazarmerlin.com\/inicio\/wp-json\/wp\/v2\/media?parent=1424"}],"wp:term":[{"taxonomy":"product_cat","embeddable":true,"href":"https:\/\/www.bazarmerlin.com\/inicio\/wp-json\/wp\/v2\/product_cat?post=1424"},{"taxonomy":"product_tag","embeddable":true,"href":"https:\/\/www.bazarmerlin.com\/inicio\/wp-json\/wp\/v2\/product_tag?post=1424"}],"curies":[{"name":"wp","href":"https:\/\/api.w.org\/{rel}","templated":true}]}}