{"id":1427,"date":"2015-07-14T22:36:25","date_gmt":"2015-07-14T22:36:25","guid":{"rendered":"https:\/\/www.bazarmerlin.com\/inicio\/?post_type=product&#038;p=1427"},"modified":"2024-02-09T21:39:33","modified_gmt":"2024-02-09T21:39:33","slug":"varillas-de-radiestesia-para-busqueda-de-tesoros-ocultos","status":"publish","type":"product","link":"https:\/\/www.bazarmerlin.com\/inicio\/producto\/varillas-de-radiestesia-para-busqueda-de-tesoros-ocultos\/","title":{"rendered":"Varillas De Radiestesia &#8211; Mid\u00e9n Mejor Y Mas Preciso"},"content":{"rendered":"<p><strong>LAS VARILLAS DE RADIESTESIA M\u00c1S PROFESIONALES<\/strong><br \/>\n<strong>EN LAT\u00d3N Y ALUMINIO IONIZADO<\/strong><\/p>\n<p>&nbsp;<\/p>\n<p>INCLUYE UN SENCILLO MANUAL DE USO.<\/p>\n<p>LAS VARILLAS DE RADIESTESIA de mangos de aluminio ionizado y varas de lat\u00f3n sirven para que la energ\u00eda fluya con mayor rapidez y precisi\u00f3n.<\/p>\n<p>*Se usan para detecci\u00f3n en terrenos, casas y edificios. Pueden determinar la localizaci\u00f3n de TESOROS OCULTOS, agua y objetos perdidos. Tambi\u00e9n se han usado exitosa-mente para detectar petr\u00f3leo y minerales para extracci\u00f3n.<\/p>\n<p>*Una aplicaci\u00f3n particularmente \u00fatil es definir la ubicaci\u00f3n de radiaciones nocivas y geopat\u00edas en casas y negocios.<\/p>\n<p>*Tambi\u00e9n se usan para detectar bloqueos energ\u00e9ticos en personas. Se pueden emplear para medir cada chakra y localizar si est\u00e1n bloqueados o si la energ\u00eda est\u00e1 circulado libremente por ellos.<\/p>\n<p>LA ENERG\u00cdA Y LA MATERIA EMITEN VIBRACIONES<\/p>\n<p>A partir de las aportaciones que hizo Albert Einstein, la ciencia establece que la materia que es una forma particular de energ\u00eda tambi\u00e9n emite radiaciones. Nuestro organismo es un receptor que capta las radiaciones emitidas por otros cuerpos y por las diversas formas de energ\u00eda.<\/p>\n<p>El cuerpo capta entre otras vibraciones, los diferentes colores de la energ\u00eda luminoso, as\u00ed como los diferentes tonos de la energ\u00eda sonora, cada uno de los cuales vibra a una frecuencia determinada. Pero estas percepciones no se llevan a cabo \u00fanicamente a trav\u00e9s de los \u00f3rganos de la vista o del o\u00eddo, ya que sentimos y pensamos con todo el cuerpo.<\/p>\n<p>LAS VARILLAS DE RADIESTESIA M\u00c1S PROFESIONALES EN ALUMINIO<br \/>\nIONIZADO Y VARAS DE LAT\u00d3N.<\/p>\n<p>INCLUYE UN SENCILLO MANUAL DE USO.<\/p>\n<p>NUESTRAS VARILLAS SON LAS MEJORES PARA BUSCAR TESOROS OCULTOS.<br \/>\nRECUERDA: Incluye Sencillo Manual De Uso<\/p>\n<p>&nbsp;<\/p>\n<p>&nbsp;<\/p>\n<p><strong>BAZAR MERLIN\u00ae<\/strong><br \/>\n<strong>El Lugar M\u00e1s M\u00edstico de Guadalajara<\/strong><br \/>\n<strong>ENVIAMOS A TODO M\u00c9XICO<\/strong><\/p>\n<!-- AddThis Advanced Settings generic via filter on the_content --><!-- AddThis Share Buttons generic via filter on the_content -->","protected":false},"excerpt":{"rendered":"<p>LAS VARILLAS DE RADIESTESIA M\u00c1S PROFESIONALES EN LAT\u00d3N Y ALUMINIO IONIZADO &nbsp; INCLUYE UN SENCILLO MANUAL DE USO. LAS VARILLAS DE RADIESTESIA de mangos de aluminio ionizado y varas de lat\u00f3n sirven para que la energ\u00eda fluya con mayor rapidez y precisi\u00f3n. *Se usan para detecci\u00f3n en terrenos, casas y edificios. Pueden determinar la localizaci\u00f3n&hellip;<!-- AddThis Advanced Settings generic via filter on get_the_excerpt --><!-- AddThis Share Buttons generic via filter on get_the_excerpt --><\/p>\n","protected":false},"featured_media":11286,"template":"","meta":[],"product_cat":[21],"product_tag":[883,882],"_links":{"self":[{"href":"https:\/\/www.bazarmerlin.com\/inicio\/wp-json\/wp\/v2\/product\/1427"}],"collection":[{"href":"https:\/\/www.bazarmerlin.com\/inicio\/wp-json\/wp\/v2\/product"}],"about":[{"href":"https:\/\/www.bazarmerlin.com\/inicio\/wp-json\/wp\/v2\/types\/product"}],"wp:featuredmedia":[{"embeddable":true,"href":"https:\/\/www.bazarmerlin.com\/inicio\/wp-json\/wp\/v2\/media\/11286"}],"wp:attachment":[{"href":"https:\/\/www.bazarmerlin.com\/inicio\/wp-json\/wp\/v2\/media?parent=1427"}],"wp:term":[{"taxonomy":"product_cat","embeddable":true,"href":"https:\/\/www.bazarmerlin.com\/inicio\/wp-json\/wp\/v2\/product_cat?post=1427"},{"taxonomy":"product_tag","embeddable":true,"href":"https:\/\/www.bazarmerlin.com\/inicio\/wp-json\/wp\/v2\/product_tag?post=1427"}],"curies":[{"name":"wp","href":"https:\/\/api.w.org\/{rel}","templated":true}]}}