{"id":1429,"date":"2015-07-14T22:38:40","date_gmt":"2015-07-14T22:38:40","guid":{"rendered":"https:\/\/www.bazarmerlin.com\/inicio\/?post_type=product&#038;p=1429"},"modified":"2023-08-19T00:52:07","modified_gmt":"2023-08-19T00:52:07","slug":"polvo-de-tapabocas-para-callar-chismes-envidias-y-enredos","status":"publish","type":"product","link":"https:\/\/www.bazarmerlin.com\/inicio\/producto\/polvo-de-tapabocas-para-callar-chismes-envidias-y-enredos\/","title":{"rendered":"Polvo De Tapabocas Para Callar Chismes, Envidias Y Enredos"},"content":{"rendered":"<p><strong>POLVO TAPA BOCA<\/strong><\/p>\n<p>&nbsp;<\/p>\n<p>Polvo espiritual Tapa Boca es utilizado para callar a alguien que est\u00e9 hablando mal de ti, o que quieres que no mencione nada que tenga que ver contigo.<\/p>\n<p>Los maestros de lo esot\u00e9rico utilizan este polvo para preparar velas, talismanes, esparcirlo por los rincones del hogar, preparar ba\u00f1os y miles de otras recetas.<\/p>\n<p>&nbsp;<\/p>\n<p>&nbsp;<\/p>\n<p><strong>BAZAR\u00a0<\/strong><b>MERL\u00cdN<\/b><br \/>\n<strong>El Lugar M\u00e1s M\u00edstico de Guadalajara<\/strong><br \/>\n<strong>ENVIAMOS A TODO M\u00c9XICO<\/strong><\/p>\n<!-- AddThis Advanced Settings generic via filter on the_content --><!-- AddThis Share Buttons generic via filter on the_content -->","protected":false},"excerpt":{"rendered":"<p>POLVO TAPA BOCA &nbsp; Polvo espiritual Tapa Boca es utilizado para callar a alguien que est\u00e9 hablando mal de ti, o que quieres que no mencione nada que tenga que ver contigo. Los maestros de lo esot\u00e9rico utilizan este polvo para preparar velas, talismanes, esparcirlo por los rincones del hogar, preparar ba\u00f1os y miles de&hellip;<!-- AddThis Advanced Settings generic via filter on get_the_excerpt --><!-- AddThis Share Buttons generic via filter on get_the_excerpt --><\/p>\n","protected":false},"featured_media":8145,"template":"","meta":[],"product_cat":[14],"product_tag":[885,884],"_links":{"self":[{"href":"https:\/\/www.bazarmerlin.com\/inicio\/wp-json\/wp\/v2\/product\/1429"}],"collection":[{"href":"https:\/\/www.bazarmerlin.com\/inicio\/wp-json\/wp\/v2\/product"}],"about":[{"href":"https:\/\/www.bazarmerlin.com\/inicio\/wp-json\/wp\/v2\/types\/product"}],"wp:featuredmedia":[{"embeddable":true,"href":"https:\/\/www.bazarmerlin.com\/inicio\/wp-json\/wp\/v2\/media\/8145"}],"wp:attachment":[{"href":"https:\/\/www.bazarmerlin.com\/inicio\/wp-json\/wp\/v2\/media?parent=1429"}],"wp:term":[{"taxonomy":"product_cat","embeddable":true,"href":"https:\/\/www.bazarmerlin.com\/inicio\/wp-json\/wp\/v2\/product_cat?post=1429"},{"taxonomy":"product_tag","embeddable":true,"href":"https:\/\/www.bazarmerlin.com\/inicio\/wp-json\/wp\/v2\/product_tag?post=1429"}],"curies":[{"name":"wp","href":"https:\/\/api.w.org\/{rel}","templated":true}]}}