{"id":1435,"date":"2015-07-14T22:47:17","date_gmt":"2015-07-14T22:47:17","guid":{"rendered":"https:\/\/www.bazarmerlin.com\/inicio\/?post_type=product&#038;p=1435"},"modified":"2022-12-08T22:25:27","modified_gmt":"2022-12-08T22:25:27","slug":"perfume-de-san-benito-proteccion-contra-maleficios-y-males","status":"publish","type":"product","link":"https:\/\/www.bazarmerlin.com\/inicio\/producto\/perfume-de-san-benito-proteccion-contra-maleficios-y-males\/","title":{"rendered":"Perfume De San Benito &#8211; Proteccion Contra Maleficios Y Males"},"content":{"rendered":"<h3>Perfume de San Benito.<br \/>\nIdeal contra da\u00f1os brujer\u00edas y maldiciones.<\/h3>\n<p>&nbsp;<\/p>\n<p>Este perfume contiene las esencias b\u00e1sicas y m\u00e1gicas para desterrar y eliminar la mala vibra, mala suerte, embrujos, hechizos, salaciones y cualquier tipo de trabajo en negro por muy dif\u00edcil que sea&#8230;<\/p>\n<p>La Mejor Protecci\u00f3n Contra Maleficios Y Mala Suerte.<\/p>\n<p>crux sancti patris benedicti<br \/>\ncruz del santo padre benito<\/p>\n<p>crux sacra sit mihi lux<br \/>\nmi luz sea la cruz santa,<\/p>\n<p>non draco sit mihi dux<br \/>\nno sea el demonio mi gu\u00eda<\/p>\n<p>vade retro satana<br \/>\n\u00a1ap\u00e1rtate, satan\u00e1s!<\/p>\n<p>Numquam Suade Mihi Vana<br \/>\nNo sugieras cosas vanas,<\/p>\n<p>Sunt Mala Quae Libas<br \/>\nPues maldad es lo que brindas<\/p>\n<p>Ipse Venena Bibas<br \/>\nBebe t\u00fa mismo el veneno.<\/p>\n<p>San Benito ha sido propagado por todo el mundo desde hace mas de 300 a\u00f1os por su gran poder y fuerza espiritual que tiene a quien la porte, especialmente portada por los monjes benedictinos cubra por su eficacia ante cualquier demonio y sus manifestaciones; en defensa contra maleficios de cualquier genero, contra enfermedades, como previene cualquier tipo de accidente en casa, veh\u00edculos o negocios, ayuda atraer el \u00e9xito a quien la poder por el poder de su simbolog\u00eda.<\/p>\n<p>&nbsp;<\/p>\n<p>&nbsp;<\/p>\n<p><b>BAZAR MERL\u00cdN\u00ae<\/b><br \/>\n<strong>El Lugar M\u00e1s M\u00edstico de Guadalajara<\/strong><br \/>\n<strong>ENVIAMOS A TODO M\u00c9XICO<\/strong><\/p>\n<!-- AddThis Advanced Settings generic via filter on the_content --><!-- AddThis Share Buttons generic via filter on the_content -->","protected":false},"excerpt":{"rendered":"<p>Perfume de San Benito. Ideal contra da\u00f1os brujer\u00edas y maldiciones. &nbsp; Este perfume contiene las esencias b\u00e1sicas y m\u00e1gicas para desterrar y eliminar la mala vibra, mala suerte, embrujos, hechizos, salaciones y cualquier tipo de trabajo en negro por muy dif\u00edcil que sea&#8230; La Mejor Protecci\u00f3n Contra Maleficios Y Mala Suerte. crux sancti patris benedicti&hellip;<!-- AddThis Advanced Settings generic via filter on get_the_excerpt --><!-- AddThis Share Buttons generic via filter on get_the_excerpt --><\/p>\n","protected":false},"featured_media":11021,"template":"","meta":[],"product_cat":[20],"product_tag":[888,889],"_links":{"self":[{"href":"https:\/\/www.bazarmerlin.com\/inicio\/wp-json\/wp\/v2\/product\/1435"}],"collection":[{"href":"https:\/\/www.bazarmerlin.com\/inicio\/wp-json\/wp\/v2\/product"}],"about":[{"href":"https:\/\/www.bazarmerlin.com\/inicio\/wp-json\/wp\/v2\/types\/product"}],"wp:featuredmedia":[{"embeddable":true,"href":"https:\/\/www.bazarmerlin.com\/inicio\/wp-json\/wp\/v2\/media\/11021"}],"wp:attachment":[{"href":"https:\/\/www.bazarmerlin.com\/inicio\/wp-json\/wp\/v2\/media?parent=1435"}],"wp:term":[{"taxonomy":"product_cat","embeddable":true,"href":"https:\/\/www.bazarmerlin.com\/inicio\/wp-json\/wp\/v2\/product_cat?post=1435"},{"taxonomy":"product_tag","embeddable":true,"href":"https:\/\/www.bazarmerlin.com\/inicio\/wp-json\/wp\/v2\/product_tag?post=1435"}],"curies":[{"name":"wp","href":"https:\/\/api.w.org\/{rel}","templated":true}]}}