{"id":1437,"date":"2015-07-14T22:49:45","date_gmt":"2015-07-14T22:49:45","guid":{"rendered":"https:\/\/www.bazarmerlin.com\/inicio\/?post_type=product&#038;p=1437"},"modified":"2022-09-29T22:28:46","modified_gmt":"2022-09-29T22:28:46","slug":"cimbalos-de-meditacion-tibetanos-para-sanacion-relajacion","status":"publish","type":"product","link":"https:\/\/www.bazarmerlin.com\/inicio\/producto\/cimbalos-de-meditacion-tibetanos-para-sanacion-relajacion\/","title":{"rendered":"Cimbalos Tibetanos Para Sanaci\u00f3n, Meditacion Y Relajaci\u00f3n"},"content":{"rendered":"<p><strong>PODEROSOS C\u00cdMBALOS TIBETANOS.<\/strong><\/p>\n<p>&nbsp;<\/p>\n<p>OJO: LA SIMBOLOGIA DE CADA C\u00cdMBALO PUEDE VARIAR<br \/>\nDE ACUERDO A LA EXISTENCIA QUE SE TENGA A LA HORA DE HACER TU COMPRA.<\/p>\n<p>AL ENTRECHOCARLOS, INSTANT\u00c1NEAMENTE RESUENAN COMO UN ECO DENTRO DEL ALMA HUMANA.<\/p>\n<p>Se utilizan para: sanaci\u00f3n, meditaci\u00f3n, relajaci\u00f3n, purificaci\u00f3n, oraciones, mantras, canto devocional, danzas sagradas, ceremonias, rituales de limpieza de energ\u00edas negativas, para armonizar el aura y espacios, restauraci\u00f3n de la armon\u00eda y equilibrio, purificaci\u00f3n del cuerpo y mente, traer claridad y foco en tu meditaci\u00f3n para invocar o alejar a los esp\u00edritus etc&#8230;<\/p>\n<p>&#8212;C\u00cdMBALOS DE MEDITACI\u00d3N TIBETANOS IMPORTADOS&#8212;<\/p>\n<p>NOTA IMPORTANTE:<br \/>\nEl dise\u00f1o de los C\u00edmbalos se enviar\u00e1 de acuerdo a las existencias en el momento de la compra, ya que los dise\u00f1os est\u00e1n en constante cambio.<\/p>\n<p>&nbsp;<\/p>\n<p>&nbsp;<\/p>\n<p><strong>BAZAR MERL\u00cdN<\/strong><br \/>\n<strong>El Lugar M\u00e1s M\u00edstico de Guadalajara<\/strong><br \/>\n<strong>ENVIAMOS A TODO M\u00c9XICO&#8230;<\/strong><\/p>\n<!-- AddThis Advanced Settings generic via filter on the_content --><!-- AddThis Share Buttons generic via filter on the_content -->","protected":false},"excerpt":{"rendered":"<p>PODEROSOS C\u00cdMBALOS TIBETANOS. &nbsp; OJO: LA SIMBOLOGIA DE CADA C\u00cdMBALO PUEDE VARIAR DE ACUERDO A LA EXISTENCIA QUE SE TENGA A LA HORA DE HACER TU COMPRA. AL ENTRECHOCARLOS, INSTANT\u00c1NEAMENTE RESUENAN COMO UN ECO DENTRO DEL ALMA HUMANA. Se utilizan para: sanaci\u00f3n, meditaci\u00f3n, relajaci\u00f3n, purificaci\u00f3n, oraciones, mantras, canto devocional, danzas sagradas, ceremonias, rituales de limpieza&hellip;<!-- AddThis Advanced Settings generic via filter on get_the_excerpt --><!-- AddThis Share Buttons generic via filter on get_the_excerpt --><\/p>\n","protected":false},"featured_media":10162,"template":"","meta":[],"product_cat":[14],"product_tag":[890,891],"_links":{"self":[{"href":"https:\/\/www.bazarmerlin.com\/inicio\/wp-json\/wp\/v2\/product\/1437"}],"collection":[{"href":"https:\/\/www.bazarmerlin.com\/inicio\/wp-json\/wp\/v2\/product"}],"about":[{"href":"https:\/\/www.bazarmerlin.com\/inicio\/wp-json\/wp\/v2\/types\/product"}],"wp:featuredmedia":[{"embeddable":true,"href":"https:\/\/www.bazarmerlin.com\/inicio\/wp-json\/wp\/v2\/media\/10162"}],"wp:attachment":[{"href":"https:\/\/www.bazarmerlin.com\/inicio\/wp-json\/wp\/v2\/media?parent=1437"}],"wp:term":[{"taxonomy":"product_cat","embeddable":true,"href":"https:\/\/www.bazarmerlin.com\/inicio\/wp-json\/wp\/v2\/product_cat?post=1437"},{"taxonomy":"product_tag","embeddable":true,"href":"https:\/\/www.bazarmerlin.com\/inicio\/wp-json\/wp\/v2\/product_tag?post=1437"}],"curies":[{"name":"wp","href":"https:\/\/api.w.org\/{rel}","templated":true}]}}