{"id":1441,"date":"2015-07-14T22:55:57","date_gmt":"2015-07-14T22:55:57","guid":{"rendered":"https:\/\/www.bazarmerlin.com\/inicio\/?post_type=product&#038;p=1441"},"modified":"2022-12-29T01:03:04","modified_gmt":"2022-12-29T01:03:04","slug":"cirio-o-velon-llama-cliente-clientes-suerte-y-prosperidad","status":"publish","type":"product","link":"https:\/\/www.bazarmerlin.com\/inicio\/producto\/cirio-o-velon-llama-cliente-clientes-suerte-y-prosperidad\/","title":{"rendered":"Velon Llama Clientes &#8211; Ventas, Trabajo Y Oportunidades"},"content":{"rendered":"<p><b>VEL\u00d3N<\/b><strong>\u00a0LLAMA CLIENTES.<\/strong><\/p>\n<p>&nbsp;<\/p>\n<p>Poderos\u00edsimo cirio que atrae clientes, suerte y prosperidad a tu negocio.<\/p>\n<p>*AHORA M\u00c1S REFORZADO.<\/p>\n<p>S\u00f3lo tienes que visualizar a tu negocio con abundante \u00e9xito, y con mucha fe prenderlo con cerillos de madera, mientras dices la oraci\u00f3n que viene incluida en el cirio.<\/p>\n<p>Con s\u00f3lo 15 minutos al d\u00eda que permanezca prendido en tu establecimiento, ver\u00e1s como las oportunidades y el dinero llegan m\u00e1s f\u00e1cil.<\/p>\n<p>Olv\u00eddate de todos tus problemas econ\u00f3micos, atr\u00e9vete obtener prosperidad, armon\u00eda y equilibrio laboral.<\/p>\n<p>Con el VELON LLAMA CLIENTES tendr\u00e1s el negocio perfecto.<\/p>\n<p>&nbsp;<\/p>\n<p>&nbsp;<\/p>\n<p><strong>BAZAR MERLIN\u00ae<\/strong><br \/>\n<strong>El Lugar M\u00e1s M\u00edstico de Guadalajara<\/strong><br \/>\n<strong>ENVIAMOS A TODO M\u00c9XICO<\/strong><\/p>\n<!-- AddThis Advanced Settings generic via filter on the_content --><!-- AddThis Share Buttons generic via filter on the_content -->","protected":false},"excerpt":{"rendered":"<p>VEL\u00d3N\u00a0LLAMA CLIENTES. &nbsp; Poderos\u00edsimo cirio que atrae clientes, suerte y prosperidad a tu negocio. *AHORA M\u00c1S REFORZADO. S\u00f3lo tienes que visualizar a tu negocio con abundante \u00e9xito, y con mucha fe prenderlo con cerillos de madera, mientras dices la oraci\u00f3n que viene incluida en el cirio. Con s\u00f3lo 15 minutos al d\u00eda que permanezca prendido&hellip;<!-- AddThis Advanced Settings generic via filter on get_the_excerpt --><!-- AddThis Share Buttons generic via filter on get_the_excerpt --><\/p>\n","protected":false},"featured_media":8152,"template":"","meta":[],"product_cat":[19],"product_tag":[893,892,300],"_links":{"self":[{"href":"https:\/\/www.bazarmerlin.com\/inicio\/wp-json\/wp\/v2\/product\/1441"}],"collection":[{"href":"https:\/\/www.bazarmerlin.com\/inicio\/wp-json\/wp\/v2\/product"}],"about":[{"href":"https:\/\/www.bazarmerlin.com\/inicio\/wp-json\/wp\/v2\/types\/product"}],"wp:featuredmedia":[{"embeddable":true,"href":"https:\/\/www.bazarmerlin.com\/inicio\/wp-json\/wp\/v2\/media\/8152"}],"wp:attachment":[{"href":"https:\/\/www.bazarmerlin.com\/inicio\/wp-json\/wp\/v2\/media?parent=1441"}],"wp:term":[{"taxonomy":"product_cat","embeddable":true,"href":"https:\/\/www.bazarmerlin.com\/inicio\/wp-json\/wp\/v2\/product_cat?post=1441"},{"taxonomy":"product_tag","embeddable":true,"href":"https:\/\/www.bazarmerlin.com\/inicio\/wp-json\/wp\/v2\/product_tag?post=1441"}],"curies":[{"name":"wp","href":"https:\/\/api.w.org\/{rel}","templated":true}]}}