{"id":1443,"date":"2015-07-14T22:58:15","date_gmt":"2015-07-14T22:58:15","guid":{"rendered":"https:\/\/www.bazarmerlin.com\/inicio\/?post_type=product&#038;p=1443"},"modified":"2022-10-04T21:39:41","modified_gmt":"2022-10-04T21:39:41","slug":"original-jabon-de-sandalo-logra-proteccion-amor-y-salud","status":"publish","type":"product","link":"https:\/\/www.bazarmerlin.com\/inicio\/producto\/original-jabon-de-sandalo-logra-proteccion-amor-y-salud\/","title":{"rendered":"Jab\u00f3n De S\u00e1ndalo &#8211; Logra Protecci\u00f3n, Amor Y Salud"},"content":{"rendered":"<p><strong>JAB\u00d3N SANDALO<\/strong><br \/>\n<strong>Atrae suerte y riqueza en un relajante ba\u00f1o<\/strong><\/p>\n<p>&nbsp;<\/p>\n<p>Los poderes del s\u00e1ndalo<br \/>\nse remota a las culturas milenarias. Empleado en masajes, ba\u00f1os perfumes y utilizado como afrodis\u00edaco, para evocar la espiritualidad,<br \/>\nla meditaci\u00f3n, etc.<\/p>\n<p>Hoy en d\u00eda se sigue utilizando<br \/>\npara atraer riquezas ya que equilibra nuestra energ\u00eda y nos ayuda a llenar nuestras vidas<br \/>\nde \u00e9xito y tranquilidad, dado que el s\u00e1ndalo es un im\u00e1n de paz. Amor, dinero y sobre todo espiritualidad.<br \/>\nEl jab\u00f3n de s\u00e1ndalo nos mantiene conectados con las energ\u00edas c\u00f3smicas y con dios.<\/p>\n<p>&nbsp;<\/p>\n<p>&nbsp;<\/p>\n<p><strong>BAZAR MERL\u00cdN<\/strong><br \/>\n<strong>El Lugar M\u00e1s M\u00edstico de Guadalajara<\/strong><br \/>\n<strong>ENVIAMOS A TODO M\u00c9XICO&#8230;<\/strong><\/p>\n<!-- AddThis Advanced Settings generic via filter on the_content --><!-- AddThis Share Buttons generic via filter on the_content -->","protected":false},"excerpt":{"rendered":"<p>JAB\u00d3N SANDALO Atrae suerte y riqueza en un relajante ba\u00f1o &nbsp; Los poderes del s\u00e1ndalo se remota a las culturas milenarias. Empleado en masajes, ba\u00f1os perfumes y utilizado como afrodis\u00edaco, para evocar la espiritualidad, la meditaci\u00f3n, etc. Hoy en d\u00eda se sigue utilizando para atraer riquezas ya que equilibra nuestra energ\u00eda y nos ayuda a&hellip;<!-- AddThis Advanced Settings generic via filter on get_the_excerpt --><!-- AddThis Share Buttons generic via filter on get_the_excerpt --><\/p>\n","protected":false},"featured_media":8126,"template":"","meta":[],"product_cat":[14],"product_tag":[896,894,895],"_links":{"self":[{"href":"https:\/\/www.bazarmerlin.com\/inicio\/wp-json\/wp\/v2\/product\/1443"}],"collection":[{"href":"https:\/\/www.bazarmerlin.com\/inicio\/wp-json\/wp\/v2\/product"}],"about":[{"href":"https:\/\/www.bazarmerlin.com\/inicio\/wp-json\/wp\/v2\/types\/product"}],"wp:featuredmedia":[{"embeddable":true,"href":"https:\/\/www.bazarmerlin.com\/inicio\/wp-json\/wp\/v2\/media\/8126"}],"wp:attachment":[{"href":"https:\/\/www.bazarmerlin.com\/inicio\/wp-json\/wp\/v2\/media?parent=1443"}],"wp:term":[{"taxonomy":"product_cat","embeddable":true,"href":"https:\/\/www.bazarmerlin.com\/inicio\/wp-json\/wp\/v2\/product_cat?post=1443"},{"taxonomy":"product_tag","embeddable":true,"href":"https:\/\/www.bazarmerlin.com\/inicio\/wp-json\/wp\/v2\/product_tag?post=1443"}],"curies":[{"name":"wp","href":"https:\/\/api.w.org\/{rel}","templated":true}]}}