{"id":1447,"date":"2015-07-14T23:04:19","date_gmt":"2015-07-14T23:04:19","guid":{"rendered":"https:\/\/www.bazarmerlin.com\/inicio\/?post_type=product&#038;p=1447"},"modified":"2022-10-12T22:11:16","modified_gmt":"2022-10-12T22:11:16","slug":"autentico-polvo-de-la-chuparrosa-atrae-amor-y-pasion","status":"publish","type":"product","link":"https:\/\/www.bazarmerlin.com\/inicio\/producto\/autentico-polvo-de-la-chuparrosa-atrae-amor-y-pasion\/","title":{"rendered":"Polvo De La Chuparrosa &#8211; Atrae Amor Y Pasi\u00f3n"},"content":{"rendered":"<p><strong>POLVO DE LA CHUPARROSA<\/strong><br \/>\n<strong>-Para TRABAJOS DE AMOR Y DE ATRACCI\u00d3N-<\/strong><\/p>\n<p>LOS POLVOS DE CHUPARROSA se utilizan en trabajos de AMOR Y ATRACCI\u00d3N, contiene perfume natural de las flores, conserva la dulzura de su n\u00e9ctar.<\/p>\n<p>LA CHUPARROSA da y quita el n\u00e9ctar de las flores, da vida e inculca a la mujer el AMOR VERDADERO, es \u00fatil tambi\u00e9n para la ATRACCI\u00d3N EN LOS NEGOCIOS, CLIENTES Y OPORTUNIDADES.<\/p>\n<p>-Estos polvos deben usarse todos los d\u00edas en tu persona, tambi\u00e9n se puede saludar o acariciar al ser amado con ellos-<\/p>\n<p>&nbsp;<\/p>\n<p>&nbsp;<\/p>\n<p><b>BAZAR MERL\u00cdN\u00ae<\/b><br \/>\n<strong>El Lugar M\u00e1s M\u00edstico de Guadalajara<\/strong><br \/>\n<strong>ENVIAMOS A TODO M\u00c9XICO&#8230;<\/strong><\/p>\n<!-- AddThis Advanced Settings generic via filter on the_content --><!-- AddThis Share Buttons generic via filter on the_content -->","protected":false},"excerpt":{"rendered":"<p>POLVO DE LA CHUPARROSA -Para TRABAJOS DE AMOR Y DE ATRACCI\u00d3N- LOS POLVOS DE CHUPARROSA se utilizan en trabajos de AMOR Y ATRACCI\u00d3N, contiene perfume natural de las flores, conserva la dulzura de su n\u00e9ctar. LA CHUPARROSA da y quita el n\u00e9ctar de las flores, da vida e inculca a la mujer el AMOR VERDADERO,&hellip;<!-- AddThis Advanced Settings generic via filter on get_the_excerpt --><!-- AddThis Share Buttons generic via filter on get_the_excerpt --><\/p>\n","protected":false},"featured_media":10322,"template":"","meta":[],"product_cat":[14],"product_tag":[899,898],"_links":{"self":[{"href":"https:\/\/www.bazarmerlin.com\/inicio\/wp-json\/wp\/v2\/product\/1447"}],"collection":[{"href":"https:\/\/www.bazarmerlin.com\/inicio\/wp-json\/wp\/v2\/product"}],"about":[{"href":"https:\/\/www.bazarmerlin.com\/inicio\/wp-json\/wp\/v2\/types\/product"}],"wp:featuredmedia":[{"embeddable":true,"href":"https:\/\/www.bazarmerlin.com\/inicio\/wp-json\/wp\/v2\/media\/10322"}],"wp:attachment":[{"href":"https:\/\/www.bazarmerlin.com\/inicio\/wp-json\/wp\/v2\/media?parent=1447"}],"wp:term":[{"taxonomy":"product_cat","embeddable":true,"href":"https:\/\/www.bazarmerlin.com\/inicio\/wp-json\/wp\/v2\/product_cat?post=1447"},{"taxonomy":"product_tag","embeddable":true,"href":"https:\/\/www.bazarmerlin.com\/inicio\/wp-json\/wp\/v2\/product_tag?post=1447"}],"curies":[{"name":"wp","href":"https:\/\/api.w.org\/{rel}","templated":true}]}}