{"id":145,"date":"2015-06-20T17:32:16","date_gmt":"2015-06-20T17:32:16","guid":{"rendered":"https:\/\/www.bazarmerlin.com\/inicio\/?post_type=product&#038;p=145"},"modified":"2024-02-03T04:41:29","modified_gmt":"2024-02-03T04:41:29","slug":"145","status":"publish","type":"product","link":"https:\/\/www.bazarmerlin.com\/inicio\/producto\/145\/","title":{"rendered":"Pendulo De Cuarzo Rosa &#8211; Con Cadena Y Manual"},"content":{"rendered":"<p><strong>P\u00c9NDULO DE CUARZO ROSA<\/strong><br \/>\n<strong>-Con Cadena y Libro-<\/strong><\/p>\n<p>&nbsp;<\/p>\n<p>*Adquiere el mejor P\u00e9ndulo Importado, el Mejor de todo el Mercado*<\/p>\n<p>LA RADIESTESIA es utilizada para la detecci\u00f3n y medici\u00f3n del espectro completo de radiaciones, sea mineral, vegetal, animal o humano.<\/p>\n<p>El CUARZO ROSA o tambi\u00e9n conocido como PIEDRA DEL AMOR cura todos los males relacionados con el coraz\u00f3n tanto en el sentido f\u00edsico como el sentimental y el ps\u00edquico.<\/p>\n<p>*Lo mejor para concentrarse a nivel de ser real.<\/p>\n<p>*Sana heridas sentimentales, aplaca dolores por p\u00e9rdidas o lejan\u00eda de seres amados, fortalece el v\u00f3rtice energ\u00e9tico card\u00edaco (el chakra del coraz\u00f3n).<\/p>\n<p>Existen much\u00edsimas herramientas radiestesicas pero la mas usada es el p\u00e9ndulo, Radiestesia es un nuevo modo de usar nuestra mente, mejora la concentraci\u00f3n, aporta estabilidad emocional, desarrolla la intuici\u00f3n.<\/p>\n<p>Tambi\u00e9n te mandamos completamente gratis una gu\u00eda muy completa donde te explicamos:<\/p>\n<p>-Como limpiarlo<br \/>\n-Como trabajar con el<br \/>\n-Como usarlo en forma de adivinaci\u00f3n<br \/>\n-Como tomar decisiones correctas<br \/>\n-Como usarlo para curaci\u00f3n<br \/>\n-B\u00fasqueda de objetos perdidos.<\/p>\n<p>&nbsp;<\/p>\n<p>&nbsp;<\/p>\n<p><strong>BAZAR MERLIN\u00ae<\/strong><br \/>\n<strong>El Lugar M\u00e1s M\u00edstico de Guadalajara<\/strong><br \/>\n<strong>ENVIAMOS A TODO M\u00c9XICO\u00a0<\/strong><\/p>\n<!-- AddThis Advanced Settings generic via filter on the_content --><!-- AddThis Share Buttons generic via filter on the_content -->","protected":false},"excerpt":{"rendered":"<p>P\u00c9NDULO DE CUARZO ROSA -Con Cadena y Libro- &nbsp; *Adquiere el mejor P\u00e9ndulo Importado, el Mejor de todo el Mercado* LA RADIESTESIA es utilizada para la detecci\u00f3n y medici\u00f3n del espectro completo de radiaciones, sea mineral, vegetal, animal o humano. El CUARZO ROSA o tambi\u00e9n conocido como PIEDRA DEL AMOR cura todos los males relacionados&hellip;<!-- AddThis Advanced Settings generic via filter on get_the_excerpt --><!-- AddThis Share Buttons generic via filter on get_the_excerpt --><\/p>\n","protected":false},"featured_media":11267,"template":"","meta":[],"product_cat":[21],"product_tag":[431,430],"_links":{"self":[{"href":"https:\/\/www.bazarmerlin.com\/inicio\/wp-json\/wp\/v2\/product\/145"}],"collection":[{"href":"https:\/\/www.bazarmerlin.com\/inicio\/wp-json\/wp\/v2\/product"}],"about":[{"href":"https:\/\/www.bazarmerlin.com\/inicio\/wp-json\/wp\/v2\/types\/product"}],"wp:featuredmedia":[{"embeddable":true,"href":"https:\/\/www.bazarmerlin.com\/inicio\/wp-json\/wp\/v2\/media\/11267"}],"wp:attachment":[{"href":"https:\/\/www.bazarmerlin.com\/inicio\/wp-json\/wp\/v2\/media?parent=145"}],"wp:term":[{"taxonomy":"product_cat","embeddable":true,"href":"https:\/\/www.bazarmerlin.com\/inicio\/wp-json\/wp\/v2\/product_cat?post=145"},{"taxonomy":"product_tag","embeddable":true,"href":"https:\/\/www.bazarmerlin.com\/inicio\/wp-json\/wp\/v2\/product_tag?post=145"}],"curies":[{"name":"wp","href":"https:\/\/api.w.org\/{rel}","templated":true}]}}