{"id":1455,"date":"2015-07-14T23:17:14","date_gmt":"2015-07-14T23:17:14","guid":{"rendered":"https:\/\/www.bazarmerlin.com\/inicio\/?post_type=product&#038;p=1455"},"modified":"2023-08-19T00:52:07","modified_gmt":"2023-08-19T00:52:07","slug":"aerosol-tumba-trabajos-corte-todo-dano-o-brujeria","status":"publish","type":"product","link":"https:\/\/www.bazarmerlin.com\/inicio\/producto\/aerosol-tumba-trabajos-corte-todo-dano-o-brujeria\/","title":{"rendered":"Aerosol Tumba Trabajos &#8211; Corte Todo Da\u00f1o O Brujer\u00eda"},"content":{"rendered":"<p><strong>PODEROSO AEROSOL TUMBA TRABAJOS<\/strong><\/p>\n<p>&nbsp;<\/p>\n<p>\u00bfFRACASO CONTINUO, MALA SUERTE AUN AL INTENTAR DE TODO?<br \/>\nSEGURO ES VICTIMA FRECUENTE DE BRUJER\u00cdAS.<\/p>\n<p>Con este Poderoso Aerosol podr\u00e1 cortar todo da\u00f1o que est\u00e9 dirigido hacia usted, ya que si de un tiempo par ac\u00e1, ha estado fracasando en todo lo que se propone y\/o emprende, teniendo mala suerte en su vida, sin saber por que, seguro es victima frecuente de Brujer\u00edas, las cuales provocan personas nocivas para nuestra vida.<\/p>\n<p>Hecho con: Esencias de despojo y esencias ritualizadas para ayudar a la persona da\u00f1ada en cualquier tipo de trabajo negro, brujer\u00eda, hechizos, etc.<\/p>\n<p>&nbsp;<\/p>\n<p>Para acabar con todo da\u00f1o, debe hacer lo siguiente:<br \/>\nAplicarlo en las 4 esquinas de su negocio, empresa o local comercial para quitar todo lo malo y<br \/>\natraer toda la pureza y buena vibra, haci\u00e9ndonos sentir mucho mejor y notando el cambio en nuestro entorno.<br \/>\nPara aplicarlo en la persona o sobre uno mismo se debe rociar arriba de la cabeza, ya que eso ayudara a limpiar el Aura.<\/p>\n<p>&nbsp;<\/p>\n<p><em>Oraci\u00f3n:<\/em><br \/>\n<em>Que todo trabajo puesto<\/em><br \/>\n<em>por gente nociva<\/em><br \/>\n<em>y enemigo competidor<\/em><br \/>\n<em>que se manifiesten<\/em><br \/>\n<em>en las personas como<\/em><br \/>\n<em>cualquiera de los<\/em><br \/>\n<em>siete pecados capitales<\/em><br \/>\n<em>sea desecho y<\/em><br \/>\n<em>reducido a nada<\/em><br \/>\n<em>protegi\u00e9ndome noche y d\u00eda.<\/em><\/p>\n<p>&nbsp;<\/p>\n<p>&nbsp;<\/p>\n<p><strong>BAZAR MERLIN\u00ae<\/strong><br \/>\n<strong>El Lugar M\u00e1s M\u00edstico de Guadalajara<\/strong><br \/>\n<strong>ENVIAMOS A TODO M\u00c9XICO&#8230;<\/strong><\/p>\n<!-- AddThis Advanced Settings generic via filter on the_content --><!-- AddThis Share Buttons generic via filter on the_content -->","protected":false},"excerpt":{"rendered":"<p>PODEROSO AEROSOL TUMBA TRABAJOS &nbsp; \u00bfFRACASO CONTINUO, MALA SUERTE AUN AL INTENTAR DE TODO? SEGURO ES VICTIMA FRECUENTE DE BRUJER\u00cdAS. Con este Poderoso Aerosol podr\u00e1 cortar todo da\u00f1o que est\u00e9 dirigido hacia usted, ya que si de un tiempo par ac\u00e1, ha estado fracasando en todo lo que se propone y\/o emprende, teniendo mala suerte&hellip;<!-- AddThis Advanced Settings generic via filter on get_the_excerpt --><!-- AddThis Share Buttons generic via filter on get_the_excerpt --><\/p>\n","protected":false},"featured_media":10135,"template":"","meta":[],"product_cat":[14],"product_tag":[903,904],"_links":{"self":[{"href":"https:\/\/www.bazarmerlin.com\/inicio\/wp-json\/wp\/v2\/product\/1455"}],"collection":[{"href":"https:\/\/www.bazarmerlin.com\/inicio\/wp-json\/wp\/v2\/product"}],"about":[{"href":"https:\/\/www.bazarmerlin.com\/inicio\/wp-json\/wp\/v2\/types\/product"}],"wp:featuredmedia":[{"embeddable":true,"href":"https:\/\/www.bazarmerlin.com\/inicio\/wp-json\/wp\/v2\/media\/10135"}],"wp:attachment":[{"href":"https:\/\/www.bazarmerlin.com\/inicio\/wp-json\/wp\/v2\/media?parent=1455"}],"wp:term":[{"taxonomy":"product_cat","embeddable":true,"href":"https:\/\/www.bazarmerlin.com\/inicio\/wp-json\/wp\/v2\/product_cat?post=1455"},{"taxonomy":"product_tag","embeddable":true,"href":"https:\/\/www.bazarmerlin.com\/inicio\/wp-json\/wp\/v2\/product_tag?post=1455"}],"curies":[{"name":"wp","href":"https:\/\/api.w.org\/{rel}","templated":true}]}}