{"id":1459,"date":"2015-07-14T23:22:39","date_gmt":"2015-07-14T23:22:39","guid":{"rendered":"https:\/\/www.bazarmerlin.com\/inicio\/?post_type=product&#038;p=1459"},"modified":"2022-10-12T21:34:06","modified_gmt":"2022-10-12T21:34:06","slug":"poderoso-ritual-de-coco-abre-caminos-y-quita-obstaculos","status":"publish","type":"product","link":"https:\/\/www.bazarmerlin.com\/inicio\/producto\/poderoso-ritual-de-coco-abre-caminos-y-quita-obstaculos\/","title":{"rendered":"Poderoso Ritual De La Suerte &#8211; Coco Eleggua &#8211; Rompe Da\u00f1o"},"content":{"rendered":"<p><strong>RITUAL DE\u00a0 VELADORA DE COCO ELEGGUA PARA ABRIR CAMINOS<\/strong><\/p>\n<p>&nbsp;<\/p>\n<p>Poderosa Veladora Santera De Coco Eleggua: Abre caminos y atrae toda la buena suerte a la persona que la enciende, la razon de su poder es por que ELEGGUA es el due\u00f1o y se\u00f1or de todos los caminos, es el que te ABRE O CIERRA LAS PUERTAS, Marca las encrucijadas y en cierta forma es el due\u00f1o del porvenir y del futuro.<\/p>\n<p>Cualquier acci\u00f3n que se cometa en la vida, especialmente si se trata de viajes o situaciones economicas, debera ser pedida a ELEGGUA, el apreciara tu ofrenda o veladora que ofreces ABRIENDO CAMINOSA TU VIDA.<\/p>\n<p>Esta veladora se encuentra realizada por santeros totalmente a mano y lista para ser utilizada para abrir tus caminos.<\/p>\n<p>CALIDAD DE IMPORTACI\u00d3N<\/p>\n<p>&nbsp;<\/p>\n<p><strong>BAZAR\u00a0<\/strong><b>MERL\u00cdN<\/b><br \/>\n<strong>El Lugar M\u00e1s M\u00edstico de Guadalajara<\/strong><br \/>\n<strong>ENVIAMOS A TODO M\u00c9XICO&#8230;<\/strong><\/p>\n<!-- AddThis Advanced Settings generic via filter on the_content --><!-- AddThis Share Buttons generic via filter on the_content -->","protected":false},"excerpt":{"rendered":"<p>RITUAL DE\u00a0 VELADORA DE COCO ELEGGUA PARA ABRIR CAMINOS &nbsp; Poderosa Veladora Santera De Coco Eleggua: Abre caminos y atrae toda la buena suerte a la persona que la enciende, la razon de su poder es por que ELEGGUA es el due\u00f1o y se\u00f1or de todos los caminos, es el que te ABRE O CIERRA&hellip;<!-- AddThis Advanced Settings generic via filter on get_the_excerpt --><!-- AddThis Share Buttons generic via filter on get_the_excerpt --><\/p>\n","protected":false},"featured_media":10317,"template":"","meta":[],"product_cat":[14],"product_tag":[908,907,909],"_links":{"self":[{"href":"https:\/\/www.bazarmerlin.com\/inicio\/wp-json\/wp\/v2\/product\/1459"}],"collection":[{"href":"https:\/\/www.bazarmerlin.com\/inicio\/wp-json\/wp\/v2\/product"}],"about":[{"href":"https:\/\/www.bazarmerlin.com\/inicio\/wp-json\/wp\/v2\/types\/product"}],"wp:featuredmedia":[{"embeddable":true,"href":"https:\/\/www.bazarmerlin.com\/inicio\/wp-json\/wp\/v2\/media\/10317"}],"wp:attachment":[{"href":"https:\/\/www.bazarmerlin.com\/inicio\/wp-json\/wp\/v2\/media?parent=1459"}],"wp:term":[{"taxonomy":"product_cat","embeddable":true,"href":"https:\/\/www.bazarmerlin.com\/inicio\/wp-json\/wp\/v2\/product_cat?post=1459"},{"taxonomy":"product_tag","embeddable":true,"href":"https:\/\/www.bazarmerlin.com\/inicio\/wp-json\/wp\/v2\/product_tag?post=1459"}],"curies":[{"name":"wp","href":"https:\/\/api.w.org\/{rel}","templated":true}]}}