{"id":1465,"date":"2015-07-14T23:31:16","date_gmt":"2015-07-14T23:31:16","guid":{"rendered":"https:\/\/www.bazarmerlin.com\/inicio\/?post_type=product&#038;p=1465"},"modified":"2022-11-25T23:55:45","modified_gmt":"2022-11-25T23:55:45","slug":"eladora-de-canela-amor-prosperidad-dinero-y-armonia","status":"publish","type":"product","link":"https:\/\/www.bazarmerlin.com\/inicio\/producto\/eladora-de-canela-amor-prosperidad-dinero-y-armonia\/","title":{"rendered":"Veladora De Canela &#8211; Amor, Prosperidad, Dinero Y Armon\u00eda"},"content":{"rendered":"<p><strong>VELADORA AROM\u00c1TICA CANELA<\/strong><br \/>\n<strong>PARA ATRAER EL AMOR, LA PROSPERIDAD, DINERO Y ARMON\u00cdA ESPIRITUAL<\/strong><\/p>\n<p>&nbsp;<\/p>\n<p>Se dice que los beneficios de las velas de canela incluyen alivio del estr\u00e9s y relajaci\u00f3n, mayor estado de alerta, mejor memoria y mayor concentraci\u00f3n mental.<\/p>\n<p>Se dice que las velas de canela ayudan a aliviar el dolor de cabeza y tambi\u00e9n pueden ayudar a mejorar el enfoque visual.<\/p>\n<p>ORACI\u00d3N:<br \/>\nBENDICE MIS NEGOCIOS Y CONCEDE PAZ A MI ESP\u00cdRITU ATRAYENDO TODO LO BUENO A MI VIDA. AM\u00c9N.\u201d<\/p>\n<p>&nbsp;<\/p>\n<p>&nbsp;<\/p>\n<p><strong>BAZAR MERL\u00cdN<\/strong><br \/>\n<strong>El Lugar M\u00e1s M\u00edstico de Guadalajara<\/strong><br \/>\n<strong>ENVIAMOS A TODO M\u00c9XICO\u2026<\/strong><\/p>\n<!-- AddThis Advanced Settings generic via filter on the_content --><!-- AddThis Share Buttons generic via filter on the_content -->","protected":false},"excerpt":{"rendered":"<p>VELADORA AROM\u00c1TICA CANELA PARA ATRAER EL AMOR, LA PROSPERIDAD, DINERO Y ARMON\u00cdA ESPIRITUAL &nbsp; Se dice que los beneficios de las velas de canela incluyen alivio del estr\u00e9s y relajaci\u00f3n, mayor estado de alerta, mejor memoria y mayor concentraci\u00f3n mental. Se dice que las velas de canela ayudan a aliviar el dolor de cabeza y&hellip;<!-- AddThis Advanced Settings generic via filter on get_the_excerpt --><!-- AddThis Share Buttons generic via filter on get_the_excerpt --><\/p>\n","protected":false},"featured_media":10834,"template":"","meta":[],"product_cat":[19],"product_tag":[56,911,132,752],"_links":{"self":[{"href":"https:\/\/www.bazarmerlin.com\/inicio\/wp-json\/wp\/v2\/product\/1465"}],"collection":[{"href":"https:\/\/www.bazarmerlin.com\/inicio\/wp-json\/wp\/v2\/product"}],"about":[{"href":"https:\/\/www.bazarmerlin.com\/inicio\/wp-json\/wp\/v2\/types\/product"}],"wp:featuredmedia":[{"embeddable":true,"href":"https:\/\/www.bazarmerlin.com\/inicio\/wp-json\/wp\/v2\/media\/10834"}],"wp:attachment":[{"href":"https:\/\/www.bazarmerlin.com\/inicio\/wp-json\/wp\/v2\/media?parent=1465"}],"wp:term":[{"taxonomy":"product_cat","embeddable":true,"href":"https:\/\/www.bazarmerlin.com\/inicio\/wp-json\/wp\/v2\/product_cat?post=1465"},{"taxonomy":"product_tag","embeddable":true,"href":"https:\/\/www.bazarmerlin.com\/inicio\/wp-json\/wp\/v2\/product_tag?post=1465"}],"curies":[{"name":"wp","href":"https:\/\/api.w.org\/{rel}","templated":true}]}}