{"id":1467,"date":"2015-07-14T23:34:35","date_gmt":"2015-07-14T23:34:35","guid":{"rendered":"https:\/\/www.bazarmerlin.com\/inicio\/?post_type=product&#038;p=1467"},"modified":"2022-12-07T00:09:30","modified_gmt":"2022-12-07T00:09:30","slug":"locion-levanta-negocios-mejora-tus-ventas-en-tu-comercio","status":"publish","type":"product","link":"https:\/\/www.bazarmerlin.com\/inicio\/producto\/locion-levanta-negocios-mejora-tus-ventas-en-tu-comercio\/","title":{"rendered":"Loci\u00f3n Levanta Negocios &#8211; Mejora Tus Ventas En Tu Comercio"},"content":{"rendered":"<h3><strong>AUT\u00c9NTICA LOCI\u00d3N IMPORTADA LEVANTA NEGOCIO<\/strong><br \/>\n<strong>ATRAE DINERO, TRABAJO Y MEJORES VENTAS\u00a0<\/strong><\/h3>\n<p>&nbsp;<\/p>\n<p>Cuando sientas que los negocios van decayendo y no rinde el dinero, es esta PODEROSA LOCI\u00d3N TE PROTEGER\u00c1 DE DA\u00d1OS Y ENVIDIAS abri\u00e9ndote oportunidades para alcanzar la PROSPERIDAD Y EL \u00c9XITO que tanto mereces. S\u00f3lo necesitas rociar la entrada y las cuatro esquinas de tu negocio y decir con mucha fe tu oraci\u00f3n favorita de inmediato invocaras confianza y seguridad en todas las personas con las que trates.<\/p>\n<p>Especial para atraer la buena suerte en lo personal \u00c9XITO EN LOS NEGOCIOS y tener toda la protecci\u00f3n a donde quiera que vaya.<\/p>\n<p>Las Lociones Esot\u00e9ricas son preparadas con productos, esencias y extractos especiales. Cuando tienes un problema que crees de dif\u00edcil soluci\u00f3n es bueno recurrir a los rituales de magia, estos siempre nos ayudan a lograr exitosamente los objetivos que queremos conseguir.<\/p>\n<p>Las limpiezas o rituales con lociones sirven para uso diario tanto del cuerpo como de las manos y toda tu energ\u00eda c\u00f3smica y aurica equilibrando tus chakras para as\u00ed cambiar de forma inmediata tu suerte. Su fabricaci\u00f3n y su composici\u00f3n son de forma 100% ARTESANAL por lo que llevan la esencia y extracto natural para equilibrar tu energ\u00eda, en algunas lociones hierbas en su interior.<\/p>\n<p>&#8212; LOCI\u00d3N IMPORTADA &#8211;<\/p>\n<p>&nbsp;<\/p>\n<p>&nbsp;<\/p>\n<p><strong>BAZAR\u00a0<\/strong><b>MERL\u00cdN<\/b><br \/>\n<strong>El Lugar M\u00e1s M\u00edstico de Guadalajara<\/strong><br \/>\n<strong>ENVIAMOS A TODO M\u00c9XICO<\/strong><\/p>\n<!-- AddThis Advanced Settings generic via filter on the_content --><!-- AddThis Share Buttons generic via filter on the_content -->","protected":false},"excerpt":{"rendered":"<p>AUT\u00c9NTICA LOCI\u00d3N IMPORTADA LEVANTA NEGOCIO ATRAE DINERO, TRABAJO Y MEJORES VENTAS\u00a0 &nbsp; Cuando sientas que los negocios van decayendo y no rinde el dinero, es esta PODEROSA LOCI\u00d3N TE PROTEGER\u00c1 DE DA\u00d1OS Y ENVIDIAS abri\u00e9ndote oportunidades para alcanzar la PROSPERIDAD Y EL \u00c9XITO que tanto mereces. S\u00f3lo necesitas rociar la entrada y las cuatro esquinas&hellip;<!-- AddThis Advanced Settings generic via filter on get_the_excerpt --><!-- AddThis Share Buttons generic via filter on get_the_excerpt --><\/p>\n","protected":false},"featured_media":10986,"template":"","meta":[],"product_cat":[20],"product_tag":[912,913],"_links":{"self":[{"href":"https:\/\/www.bazarmerlin.com\/inicio\/wp-json\/wp\/v2\/product\/1467"}],"collection":[{"href":"https:\/\/www.bazarmerlin.com\/inicio\/wp-json\/wp\/v2\/product"}],"about":[{"href":"https:\/\/www.bazarmerlin.com\/inicio\/wp-json\/wp\/v2\/types\/product"}],"wp:featuredmedia":[{"embeddable":true,"href":"https:\/\/www.bazarmerlin.com\/inicio\/wp-json\/wp\/v2\/media\/10986"}],"wp:attachment":[{"href":"https:\/\/www.bazarmerlin.com\/inicio\/wp-json\/wp\/v2\/media?parent=1467"}],"wp:term":[{"taxonomy":"product_cat","embeddable":true,"href":"https:\/\/www.bazarmerlin.com\/inicio\/wp-json\/wp\/v2\/product_cat?post=1467"},{"taxonomy":"product_tag","embeddable":true,"href":"https:\/\/www.bazarmerlin.com\/inicio\/wp-json\/wp\/v2\/product_tag?post=1467"}],"curies":[{"name":"wp","href":"https:\/\/api.w.org\/{rel}","templated":true}]}}