{"id":1471,"date":"2015-07-14T23:41:14","date_gmt":"2015-07-14T23:41:14","guid":{"rendered":"https:\/\/www.bazarmerlin.com\/inicio\/?post_type=product&#038;p=1471"},"modified":"2023-01-10T01:00:38","modified_gmt":"2023-01-10T01:00:38","slug":"locion-de-coco-rompe-con-todo-lo-negativo-de-tu-vida","status":"publish","type":"product","link":"https:\/\/www.bazarmerlin.com\/inicio\/producto\/locion-de-coco-rompe-con-todo-lo-negativo-de-tu-vida\/","title":{"rendered":"Loci\u00f3n De Coco &#8211; Quita Bloqueos Y Llama La Buena Fortuna"},"content":{"rendered":"<div style=\"text-align: center;\">\n<div style=\"text-align: center;\">\n<div style=\"text-align: center;\"><\/div>\n<\/div>\n<\/div>\n<p><strong>LOCI\u00d3N DE COCO PARA QUITAR BLOQUEOS Y<\/strong><br \/>\n<strong>LLAMAR A LA BUENA FORTUNA<\/strong><\/p>\n<p>&nbsp;<\/p>\n<p>Presentaci\u00f3n: 500 ML.<\/p>\n<p>La loci\u00f3n de coco es \u00fatil para atraer la buena fortuna, esto se debe a la transmisi\u00f3n que posee, ya que genera doble suerte en distintas \u00e1reas como Los Negocios, El Dinero, El Amor, El Juego etc.<\/p>\n<p>Puede utilizarlo en todo el cuerpo despu\u00e9s del ba\u00f1o.<\/p>\n<p>&nbsp;<\/p>\n<p>&nbsp;<\/p>\n<p><strong>BAZAR MERLIN<\/strong><br \/>\n<strong>El Lugar M\u00e1s M\u00edstico de Guadalajara<\/strong><br \/>\n<strong>ENVIAMOS A TODO M\u00c9XICO&#8230;<\/strong><\/p>\n<!-- AddThis Advanced Settings generic via filter on the_content --><!-- AddThis Share Buttons generic via filter on the_content -->","protected":false},"excerpt":{"rendered":"<p>LOCI\u00d3N DE COCO PARA QUITAR BLOQUEOS Y LLAMAR A LA BUENA FORTUNA &nbsp; Presentaci\u00f3n: 500 ML. La loci\u00f3n de coco es \u00fatil para atraer la buena fortuna, esto se debe a la transmisi\u00f3n que posee, ya que genera doble suerte en distintas \u00e1reas como Los Negocios, El Dinero, El Amor, El Juego etc. Puede utilizarlo&hellip;<!-- AddThis Advanced Settings generic via filter on get_the_excerpt --><!-- AddThis Share Buttons generic via filter on get_the_excerpt --><\/p>\n","protected":false},"featured_media":10970,"template":"","meta":[],"product_cat":[20],"product_tag":[916,917],"_links":{"self":[{"href":"https:\/\/www.bazarmerlin.com\/inicio\/wp-json\/wp\/v2\/product\/1471"}],"collection":[{"href":"https:\/\/www.bazarmerlin.com\/inicio\/wp-json\/wp\/v2\/product"}],"about":[{"href":"https:\/\/www.bazarmerlin.com\/inicio\/wp-json\/wp\/v2\/types\/product"}],"wp:featuredmedia":[{"embeddable":true,"href":"https:\/\/www.bazarmerlin.com\/inicio\/wp-json\/wp\/v2\/media\/10970"}],"wp:attachment":[{"href":"https:\/\/www.bazarmerlin.com\/inicio\/wp-json\/wp\/v2\/media?parent=1471"}],"wp:term":[{"taxonomy":"product_cat","embeddable":true,"href":"https:\/\/www.bazarmerlin.com\/inicio\/wp-json\/wp\/v2\/product_cat?post=1471"},{"taxonomy":"product_tag","embeddable":true,"href":"https:\/\/www.bazarmerlin.com\/inicio\/wp-json\/wp\/v2\/product_tag?post=1471"}],"curies":[{"name":"wp","href":"https:\/\/api.w.org\/{rel}","templated":true}]}}