{"id":1475,"date":"2015-07-14T23:56:56","date_gmt":"2015-07-14T23:56:56","guid":{"rendered":"https:\/\/www.bazarmerlin.com\/inicio\/?post_type=product&#038;p=1475"},"modified":"2025-07-01T19:52:58","modified_gmt":"2025-07-01T19:52:58","slug":"perfume-kumari-abre-caminos-a-la-fortuna-y-juegos-de-azar","status":"publish","type":"product","link":"https:\/\/www.bazarmerlin.com\/inicio\/producto\/perfume-kumari-abre-caminos-a-la-fortuna-y-juegos-de-azar\/","title":{"rendered":"Perfume Kumari &#8211; Abre Caminos A La Fortuna Y Juegos De Azar"},"content":{"rendered":"<h3><strong>PERFUME CUBANO KUMARI<\/strong><br \/>\n<strong>ATRAE \u00c9XITO &#8211; RIQUEZA Y FORTUNA A TU VIDA<\/strong><\/h3>\n<p>&nbsp;<\/p>\n<p>Acaba de llegar el perfume KUMARI, perfume para atraer riqueza.<\/p>\n<p>EL CUAL TE AYUDAR\u00c1 A ATRAER TODA LA RIQUEZA QUE EST\u00c1 EN TU VIDA A LOS POCOS D\u00cdAS, estabilizando tu energ\u00eda como adem\u00e1s con la oraci\u00f3n del ven dinero (oraci\u00f3n se te indicar\u00e1 como es su uso por Telefono),<\/p>\n<p>te ayudar\u00e1 a ATRAER EL AMOR, LA SALUD Y LA PROSPERIDAD A TU VIDA .<\/p>\n<p>Como adem\u00e1s ES EXCELENTE PARA LOS JUEGOS DE AZAR ya que este te ayudara a tener suerte en cualquier juego de apuestas hermanos es lo mejor que hay en el mercado y desde cuba acaba de llegar.<\/p>\n<p>No se dejen enga\u00f1ar por nadie que les ofrezca este producto o productos falsos el original es de nosotros por lo que TE AYUDAR\u00c1 EFECTIVAMENTE A ATRAER:<\/p>\n<p>*\u00c9XITO SEGURO<br \/>\n*SUERTE EN JUEGOS DE AZAR<br \/>\n*ROMPER\u00c1 CON LAS ENVIDIAS ECON\u00d3MICAS<br \/>\n*ADEM\u00c1S AYUDAR\u00c1 A QUE TU NEGOCIO SE LEVANTE<br \/>\n*TAMBI\u00c9N AYUDAR\u00c1 A VENDER M\u00c1S F\u00c1CIL ESE COCHE, CASA O TERRENO<\/p>\n<p>&nbsp;<\/p>\n<p>&nbsp;<\/p>\n<p><strong>BAZAR MERLIN<\/strong><br \/>\n<strong>El Lugar M\u00e1s M\u00edstico de Guadalajara<\/strong><br \/>\n<strong>ENVIAMOS A TODO M\u00c9XICO\u2026<\/strong><\/p>\n<!-- AddThis Advanced Settings generic via filter on the_content --><!-- AddThis Share Buttons generic via filter on the_content -->","protected":false},"excerpt":{"rendered":"<p>PERFUME CUBANO KUMARI ATRAE \u00c9XITO &#8211; RIQUEZA Y FORTUNA A TU VIDA &nbsp; Acaba de llegar el perfume KUMARI, perfume para atraer riqueza. EL CUAL TE AYUDAR\u00c1 A ATRAER TODA LA RIQUEZA QUE EST\u00c1 EN TU VIDA A LOS POCOS D\u00cdAS, estabilizando tu energ\u00eda como adem\u00e1s con la oraci\u00f3n del ven dinero (oraci\u00f3n se te&hellip;<!-- AddThis Advanced Settings generic via filter on get_the_excerpt --><!-- AddThis Share Buttons generic via filter on get_the_excerpt --><\/p>\n","protected":false},"featured_media":11029,"template":"","meta":[],"product_cat":[20],"product_tag":[921,920],"_links":{"self":[{"href":"https:\/\/www.bazarmerlin.com\/inicio\/wp-json\/wp\/v2\/product\/1475"}],"collection":[{"href":"https:\/\/www.bazarmerlin.com\/inicio\/wp-json\/wp\/v2\/product"}],"about":[{"href":"https:\/\/www.bazarmerlin.com\/inicio\/wp-json\/wp\/v2\/types\/product"}],"wp:featuredmedia":[{"embeddable":true,"href":"https:\/\/www.bazarmerlin.com\/inicio\/wp-json\/wp\/v2\/media\/11029"}],"wp:attachment":[{"href":"https:\/\/www.bazarmerlin.com\/inicio\/wp-json\/wp\/v2\/media?parent=1475"}],"wp:term":[{"taxonomy":"product_cat","embeddable":true,"href":"https:\/\/www.bazarmerlin.com\/inicio\/wp-json\/wp\/v2\/product_cat?post=1475"},{"taxonomy":"product_tag","embeddable":true,"href":"https:\/\/www.bazarmerlin.com\/inicio\/wp-json\/wp\/v2\/product_tag?post=1475"}],"curies":[{"name":"wp","href":"https:\/\/api.w.org\/{rel}","templated":true}]}}