{"id":1481,"date":"2015-07-15T18:53:45","date_gmt":"2015-07-15T18:53:45","guid":{"rendered":"https:\/\/www.bazarmerlin.com\/inicio\/?post_type=product&#038;p=1481"},"modified":"2022-12-16T00:28:25","modified_gmt":"2022-12-16T00:28:25","slug":"veladora-rosas-y-miel-une-los-lazos-amorosos","status":"publish","type":"product","link":"https:\/\/www.bazarmerlin.com\/inicio\/producto\/veladora-rosas-y-miel-une-los-lazos-amorosos\/","title":{"rendered":"Veladora Rosas Y Miel &#8211; Une Los Lazos Amorosos"},"content":{"rendered":"<h3><strong>VELADORA ROSAS CON MIEL &#8211; ENAMORA A TU PAREJA.<\/strong><\/h3>\n<p>&nbsp;<\/p>\n<p>PARA ATRAER Y CONSERVAR PAREJA<\/p>\n<p>ATRAE EL AMOR DEL SEXO OPUESTO COMO UN PODEROSO IM\u00c1N.<\/p>\n<p>Este poderosa VELADORA ayuda atraer el amor de nuestras vidas de una manera r\u00e1pida y muy efectiva, ya que equilibrando nuestro energ\u00eda y equilibrando tu campo \u00e1urico como tus chakras esto ayudar\u00e1 a que te limpies de una manera muy sencilla sana y como Poderosa. Garantizando para que cambies esa mala suerte en el \u00e9xito Ya que no habr\u00e1 persona que se te resiste a ti por el poder de esta VELADORA elaborado con extractos 100% naturales.<\/p>\n<p>Predela en cualquier momento.<\/p>\n<p>CAMBIA DE MANERA R\u00c1PIDA Y EFECTIVA TU CAMPO \u00c1URICO.<\/p>\n<p>VELADORA ROSAS CON MIEL &#8211; UNE FUERTEMENTE LOS LAZOS AMOROSOS DE QUIEN LO USA Y ENVUELVE DE ROMANCE LA RELACI\u00d3N.<\/p>\n<p>&nbsp;<\/p>\n<p>&nbsp;<\/p>\n<p><strong>BAZAR MERLIN<\/strong><br \/>\n<strong>El Lugar M\u00e1s M\u00edstico de Guadalajara<\/strong><br \/>\n<strong>ENVIAMOS A TODO M\u00c9XICO<\/strong><\/p>\n<!-- AddThis Advanced Settings generic via filter on the_content --><!-- AddThis Share Buttons generic via filter on the_content -->","protected":false},"excerpt":{"rendered":"<p>VELADORA ROSAS CON MIEL &#8211; ENAMORA A TU PAREJA. &nbsp; PARA ATRAER Y CONSERVAR PAREJA ATRAE EL AMOR DEL SEXO OPUESTO COMO UN PODEROSO IM\u00c1N. Este poderosa VELADORA ayuda atraer el amor de nuestras vidas de una manera r\u00e1pida y muy efectiva, ya que equilibrando nuestro energ\u00eda y equilibrando tu campo \u00e1urico como tus chakras&hellip;<!-- AddThis Advanced Settings generic via filter on get_the_excerpt --><!-- AddThis Share Buttons generic via filter on get_the_excerpt --><\/p>\n","protected":false},"featured_media":8208,"template":"","meta":[],"product_cat":[19],"product_tag":[923,922],"_links":{"self":[{"href":"https:\/\/www.bazarmerlin.com\/inicio\/wp-json\/wp\/v2\/product\/1481"}],"collection":[{"href":"https:\/\/www.bazarmerlin.com\/inicio\/wp-json\/wp\/v2\/product"}],"about":[{"href":"https:\/\/www.bazarmerlin.com\/inicio\/wp-json\/wp\/v2\/types\/product"}],"wp:featuredmedia":[{"embeddable":true,"href":"https:\/\/www.bazarmerlin.com\/inicio\/wp-json\/wp\/v2\/media\/8208"}],"wp:attachment":[{"href":"https:\/\/www.bazarmerlin.com\/inicio\/wp-json\/wp\/v2\/media?parent=1481"}],"wp:term":[{"taxonomy":"product_cat","embeddable":true,"href":"https:\/\/www.bazarmerlin.com\/inicio\/wp-json\/wp\/v2\/product_cat?post=1481"},{"taxonomy":"product_tag","embeddable":true,"href":"https:\/\/www.bazarmerlin.com\/inicio\/wp-json\/wp\/v2\/product_tag?post=1481"}],"curies":[{"name":"wp","href":"https:\/\/api.w.org\/{rel}","templated":true}]}}