{"id":1486,"date":"2015-07-15T19:02:03","date_gmt":"2015-07-15T19:02:03","guid":{"rendered":"https:\/\/www.bazarmerlin.com\/inicio\/?post_type=product&#038;p=1486"},"modified":"2022-10-25T20:50:30","modified_gmt":"2022-10-25T20:50:30","slug":"esencia-mistica-destrancadera-retira-trabajos-negros","status":"publish","type":"product","link":"https:\/\/www.bazarmerlin.com\/inicio\/producto\/esencia-mistica-destrancadera-retira-trabajos-negros\/","title":{"rendered":"Esencia Mistica Destrancadera \/ Retira Trabajos Negros"},"content":{"rendered":"<p><strong>ACEITE DESTRANCADERA,<\/strong><br \/>\n<strong>NOTA: EL PRECIO ES POR 1 SOLO FRASCO<\/strong><\/p>\n<p>&nbsp;<\/p>\n<p>Para romper ataduras y alejar mala suerte, rompe brujer\u00edas. Util\u00edzala para resolver problemas muy dif\u00edciles a la vez que abre caminos.<\/p>\n<p>Desbloquea, retira y previene de trabajos negros, brujer\u00edas o da\u00f1os a tu persona, por fuertes que parezcan.<\/p>\n<p>Elaborada con esencias especialmente tratadas y ritualizadas por especialistas de alta magia. Te liberar\u00e1 de energ\u00eda negativa estancada, atrayendo s\u00f3lo vibras positivas y alejando a esas personas que s\u00f3lo quieren da\u00f1ar.<\/p>\n<p>ACEITE DESTRANCADERA,<br \/>\nNOTA: EL PRECIO ES POR 1 SOLO FRASCO<\/p>\n<p>&nbsp;<\/p>\n<p>&nbsp;<\/p>\n<p><strong>BAZAR MERLIN<\/strong><br \/>\n<strong>El Lugar M\u00e1s M\u00edstico de Guadalajara<\/strong><br \/>\n<strong>ENVIAMOS A TODO M\u00c9XICO&#8230;<\/strong><\/p>\n<!-- AddThis Advanced Settings generic via filter on the_content --><!-- AddThis Share Buttons generic via filter on the_content -->","protected":false},"excerpt":{"rendered":"<p>ACEITE DESTRANCADERA, NOTA: EL PRECIO ES POR 1 SOLO FRASCO &nbsp; Para romper ataduras y alejar mala suerte, rompe brujer\u00edas. Util\u00edzala para resolver problemas muy dif\u00edciles a la vez que abre caminos. Desbloquea, retira y previene de trabajos negros, brujer\u00edas o da\u00f1os a tu persona, por fuertes que parezcan. Elaborada con esencias especialmente tratadas y&hellip;<!-- AddThis Advanced Settings generic via filter on get_the_excerpt --><!-- AddThis Share Buttons generic via filter on get_the_excerpt --><\/p>\n","protected":false},"featured_media":10202,"template":"","meta":[],"product_cat":[14],"product_tag":[927,482],"_links":{"self":[{"href":"https:\/\/www.bazarmerlin.com\/inicio\/wp-json\/wp\/v2\/product\/1486"}],"collection":[{"href":"https:\/\/www.bazarmerlin.com\/inicio\/wp-json\/wp\/v2\/product"}],"about":[{"href":"https:\/\/www.bazarmerlin.com\/inicio\/wp-json\/wp\/v2\/types\/product"}],"wp:featuredmedia":[{"embeddable":true,"href":"https:\/\/www.bazarmerlin.com\/inicio\/wp-json\/wp\/v2\/media\/10202"}],"wp:attachment":[{"href":"https:\/\/www.bazarmerlin.com\/inicio\/wp-json\/wp\/v2\/media?parent=1486"}],"wp:term":[{"taxonomy":"product_cat","embeddable":true,"href":"https:\/\/www.bazarmerlin.com\/inicio\/wp-json\/wp\/v2\/product_cat?post=1486"},{"taxonomy":"product_tag","embeddable":true,"href":"https:\/\/www.bazarmerlin.com\/inicio\/wp-json\/wp\/v2\/product_tag?post=1486"}],"curies":[{"name":"wp","href":"https:\/\/api.w.org\/{rel}","templated":true}]}}