{"id":1488,"date":"2015-07-15T19:04:35","date_gmt":"2015-07-15T19:04:35","guid":{"rendered":"https:\/\/www.bazarmerlin.com\/inicio\/?post_type=product&#038;p=1488"},"modified":"2024-03-25T23:05:06","modified_gmt":"2024-03-25T23:05:06","slug":"aceite-de-la-abundancia-para-prosperidad-exito-y-riqueza","status":"publish","type":"product","link":"https:\/\/www.bazarmerlin.com\/inicio\/producto\/aceite-de-la-abundancia-para-prosperidad-exito-y-riqueza\/","title":{"rendered":"Aceite De La Abundancia &#8211; Prosperidad, \u00c9xito Y Riqueza"},"content":{"rendered":"<p><strong>ACEITE DE LA ABUNDANCIA<\/strong><\/p>\n<p>&nbsp;<\/p>\n<p>Aceite De La Abundancia esta mezcla de aceite esenciales terap\u00e9uticos se crea para aumentar la frecuencia arm\u00f3nica del campo de energ\u00eda magn\u00e9tica que nos rodea.<br \/>\nEsta alta frecuencia crea lo que se llama \u201cLa ley de la atracci\u00f3n\u201d,<br \/>\nque se refiere a las cosas que atraemos a nosotros mismos.<\/p>\n<p>Abundancia nos abre a una gran cantidad de posibilidades. La mezcla abundancia aumenta la atracci\u00f3n de la abundancia, \u00e9xito y mejora la frecuencia del campo de energ\u00eda que nos rodea a trav\u00e9s de estimulaci\u00f3n de los somatides.<\/p>\n<p>Los somatides transmiten frecuencia a las c\u00e9lulas por el medio ambiente cuando las estimulan a trav\u00e9s de las fragancias y pensamientos. Esta frecuencia crea la \u201cley de atracci\u00f3n\u201d, un arm\u00f3nico campo de energ\u00eda magn\u00e9tica alrededor de uno mismo.<\/p>\n<p>Al centrarse en temas de la abundancia y la inhalaci\u00f3n de este Perfume, un enlace de la memoria a la plantilla de ARN (\u00e1cido desoxirribonucleico) se crea donde la huella de la memoria se transcribe de forma permanente.<\/p>\n<p>&nbsp;<\/p>\n<p>&nbsp;<\/p>\n<p><strong>BAZAR MERL\u00cdN<\/strong><br \/>\n<strong>El Lugar M\u00e1s M\u00edstico de Guadalajara<\/strong><br \/>\n<strong>ENVIAMOS A TODO M\u00c9XICO<\/strong><\/p>\n<!-- AddThis Advanced Settings generic via filter on the_content --><!-- AddThis Share Buttons generic via filter on the_content -->","protected":false},"excerpt":{"rendered":"<p>ACEITE DE LA ABUNDANCIA &nbsp; Aceite De La Abundancia esta mezcla de aceite esenciales terap\u00e9uticos se crea para aumentar la frecuencia arm\u00f3nica del campo de energ\u00eda magn\u00e9tica que nos rodea. Esta alta frecuencia crea lo que se llama \u201cLa ley de la atracci\u00f3n\u201d, que se refiere a las cosas que atraemos a nosotros mismos. Abundancia&hellip;<!-- AddThis Advanced Settings generic via filter on get_the_excerpt --><!-- AddThis Share Buttons generic via filter on get_the_excerpt --><\/p>\n","protected":false},"featured_media":10912,"template":"","meta":[],"product_cat":[20],"product_tag":[928,929,132],"_links":{"self":[{"href":"https:\/\/www.bazarmerlin.com\/inicio\/wp-json\/wp\/v2\/product\/1488"}],"collection":[{"href":"https:\/\/www.bazarmerlin.com\/inicio\/wp-json\/wp\/v2\/product"}],"about":[{"href":"https:\/\/www.bazarmerlin.com\/inicio\/wp-json\/wp\/v2\/types\/product"}],"wp:featuredmedia":[{"embeddable":true,"href":"https:\/\/www.bazarmerlin.com\/inicio\/wp-json\/wp\/v2\/media\/10912"}],"wp:attachment":[{"href":"https:\/\/www.bazarmerlin.com\/inicio\/wp-json\/wp\/v2\/media?parent=1488"}],"wp:term":[{"taxonomy":"product_cat","embeddable":true,"href":"https:\/\/www.bazarmerlin.com\/inicio\/wp-json\/wp\/v2\/product_cat?post=1488"},{"taxonomy":"product_tag","embeddable":true,"href":"https:\/\/www.bazarmerlin.com\/inicio\/wp-json\/wp\/v2\/product_tag?post=1488"}],"curies":[{"name":"wp","href":"https:\/\/api.w.org\/{rel}","templated":true}]}}