{"id":150,"date":"2015-06-20T17:40:01","date_gmt":"2015-06-20T17:40:01","guid":{"rendered":"https:\/\/www.bazarmerlin.com\/inicio\/?post_type=product&#038;p=150"},"modified":"2022-06-09T23:37:51","modified_gmt":"2022-06-09T23:37:51","slug":"pendulo-de-cuarzo-blanco-importado-con-cadena","status":"publish","type":"product","link":"https:\/\/www.bazarmerlin.com\/inicio\/producto\/pendulo-de-cuarzo-blanco-importado-con-cadena\/","title":{"rendered":"P\u00e9ndulo De Cuarzo Blanco Importado Con Manual"},"content":{"rendered":"<div style=\"text-align: center;\">\n<div style=\"text-align: center;\">\n<div style=\"text-align: left;\"><strong>P\u00c9NDULO DE CUARZO TRASPARENTE &#8211; BLANCO.<\/strong><\/div>\n<div><\/div>\n<\/div>\n<\/div>\n<p>3 Cms de Altura Aproximado.<\/p>\n<p>Si quieres hacer lecturas de mayor exactitud, este es el p\u00e9ndulo indicado,ya que al ser de cuarzo 100% natural lo que te permite neutralizar el campo magn\u00e9tico de la Tierra. Tambi\u00e9n tienen una punta finamente tallada a mano para facilitar su uso con las escalas de medici\u00f3n.<\/p>\n<p>El p\u00e9ndulo esta hermosamente detallado y sobre todo cada detalle esta hecho a mano como ademas ya cuenta con una cadena instalada en aleaci\u00f3n de plata y los 7 metales alqu\u00edmicos lo que te permitir\u00e1 hacer una lectura perfecta o obtener esa respuesta a tantas preguntas que tienes, ya que el p\u00e9ndulo es considerado dentro de la magia una herramienta de alto poder donde nos permite dar una respuesta certera conforme a sus movimientos.<\/p>\n<p>Funcionalidades: Uso Universal apto para cualquier tipo de medici\u00f3n. Ideal para el trabajo del profesional en prospecciones generales as\u00ed como la detecciones de: tele radiestesia, planos, personas, objetos, minerales, yacimientos arqueol\u00f3gicos, diagn\u00f3sticos y aplicaciones en terapias alternativas y geobiolog\u00eda.<\/p>\n<p>CALIDAD DE IMPORTACI\u00d3N.<\/p>\n<p>NOTA IMPORTANTE: Estos p\u00e9ndulos son tallados totalmente a mano, por lo que puede contener peque\u00f1os detalles en color, jardines, vetas y fisuras interiores lo que demuestra su autenticidad y belleza en cada pieza ya que son piezas \u00fanicas, NUNCA EXISTIR\u00c1N 2 IGUALES.<\/p>\n<p>3 Cms de Altura Aproximado.<\/p>\n<p>&nbsp;<\/p>\n<p>&nbsp;<\/p>\n<p><strong>BAZAR MERLIN<\/strong><br \/>\n<strong>El Lugar M\u00e1s M\u00edstico de Guadalajara<\/strong><br \/>\n<strong>ENVIAMOS A TODO M\u00c9XICO<\/strong><\/p>\n<!-- AddThis Advanced Settings generic via filter on the_content --><!-- AddThis Share Buttons generic via filter on the_content -->","protected":false},"excerpt":{"rendered":"<p>P\u00c9NDULO DE CUARZO TRASPARENTE &#8211; BLANCO. 3 Cms de Altura Aproximado. Si quieres hacer lecturas de mayor exactitud, este es el p\u00e9ndulo indicado,ya que al ser de cuarzo 100% natural lo que te permite neutralizar el campo magn\u00e9tico de la Tierra. Tambi\u00e9n tienen una punta finamente tallada a mano para facilitar su uso con las&hellip;<!-- AddThis Advanced Settings generic via filter on get_the_excerpt --><!-- AddThis Share Buttons generic via filter on get_the_excerpt --><\/p>\n","protected":false},"featured_media":9342,"template":"","meta":[],"product_cat":[21],"product_tag":[434],"_links":{"self":[{"href":"https:\/\/www.bazarmerlin.com\/inicio\/wp-json\/wp\/v2\/product\/150"}],"collection":[{"href":"https:\/\/www.bazarmerlin.com\/inicio\/wp-json\/wp\/v2\/product"}],"about":[{"href":"https:\/\/www.bazarmerlin.com\/inicio\/wp-json\/wp\/v2\/types\/product"}],"wp:featuredmedia":[{"embeddable":true,"href":"https:\/\/www.bazarmerlin.com\/inicio\/wp-json\/wp\/v2\/media\/9342"}],"wp:attachment":[{"href":"https:\/\/www.bazarmerlin.com\/inicio\/wp-json\/wp\/v2\/media?parent=150"}],"wp:term":[{"taxonomy":"product_cat","embeddable":true,"href":"https:\/\/www.bazarmerlin.com\/inicio\/wp-json\/wp\/v2\/product_cat?post=150"},{"taxonomy":"product_tag","embeddable":true,"href":"https:\/\/www.bazarmerlin.com\/inicio\/wp-json\/wp\/v2\/product_tag?post=150"}],"curies":[{"name":"wp","href":"https:\/\/api.w.org\/{rel}","templated":true}]}}