{"id":1508,"date":"2015-07-15T19:31:33","date_gmt":"2015-07-15T19:31:33","guid":{"rendered":"https:\/\/www.bazarmerlin.com\/inicio\/?post_type=product&#038;p=1508"},"modified":"2022-10-04T21:27:02","modified_gmt":"2022-10-04T21:27:02","slug":"jabon-de-cuarzo-blanco-elimina-malas-vibras-de-tu-persona","status":"publish","type":"product","link":"https:\/\/www.bazarmerlin.com\/inicio\/producto\/jabon-de-cuarzo-blanco-elimina-malas-vibras-de-tu-persona\/","title":{"rendered":"Jabon De Cuarzo Blanco &#8211; Quita Malas Vibras Y Negatividad"},"content":{"rendered":"<div style=\"text-align: center;\">\n<div style=\"text-align: center;\">\n<div style=\"text-align: left;\"><strong>JAB\u00d3N CUARZO BLANCO<\/strong><br \/>\n<strong>ELIMINA LAS MALAS VIBRAS DE TU PERSONA<\/strong><\/div>\n<div><\/div>\n<div><\/div>\n<div style=\"text-align: left;\">\n<p>La piedra de cuarzo blanco es \u00daNICA, ya que el cristal en un GUARDIAN DE LA SALUD, pues proporciona ARMON\u00cdA, PAZ, Y ALEJA TODA ENERG\u00cdA NEGATIVA.<\/p>\n<p>Esta piedra est\u00e1 asociada con la SALUD, BUENA SUERTE, AMOR, \u00c9XITO Y LIBERA ENERG\u00cdA.<\/p>\n<p>Usalo como Jab\u00f3n individual de uso diario para que te cargues de FUERZA Y ENERG\u00cdA.<br \/>\nEl cuarzo blanco se asocia con PUREZA y procesos de purificaci\u00f3n.<br \/>\nSe dice que puede deshacer energ\u00edas que han estado estancadas por mucho tiempo y se considera un EXCELENTE LIMPIADOR DE ENERG\u00cdAS NEGATIVAS<\/p>\n<p>Especial para atraer la buena suerte en lo personal \u00e9xito en los negocios y tener toda la protecci\u00f3n a donde quiera que vaya.<\/p>\n<p>Los Jabones Esot\u00e9ricos son preparados con productos, esencias y extractos especiales. Cuando tienes un problema que crees de dif\u00edcil soluci\u00f3n es bueno recurrir a los rituales de magia, estos siempre nos ayudan a lograr exitosamente los objetivos que queremos conseguir.<\/p>\n<p>Las limpiezas o rituales con jabones sirven para uso diario tanto del cuerpo como de las manos y toda tu energ\u00eda c\u00f3smica y aurica equilibrando tus chakras para as\u00ed cambiar de forma inmediata tu suerte. Su fabricaci\u00f3n y su composici\u00f3n son de forma 100% artesanal por lo que llevan la esencia y extracto natural para equilibrar tu energ\u00eda, en algunos jabones hierbas en su interior.<\/p>\n<\/div>\n<\/div>\n<\/div>\n<p>&nbsp;<\/p>\n<p>&nbsp;<\/p>\n<div style=\"text-align: center;\">\n<div style=\"text-align: center;\">\n<div style=\"text-align: left;\">\n<p><strong>BAZAR\u00a0<\/strong><b>MERL\u00cdN<\/b><br \/>\n<strong>El Lugar M\u00e1s M\u00edstico de Guadalajara<\/strong><br \/>\n<strong>ENVIAMOS A TODO M\u00c9XICO&#8230;<\/strong><\/p>\n<\/div>\n<\/div>\n<\/div>\n<!-- AddThis Advanced Settings generic via filter on the_content --><!-- AddThis Share Buttons generic via filter on the_content -->","protected":false},"excerpt":{"rendered":"<p>JAB\u00d3N CUARZO BLANCO ELIMINA LAS MALAS VIBRAS DE TU PERSONA La piedra de cuarzo blanco es \u00daNICA, ya que el cristal en un GUARDIAN DE LA SALUD, pues proporciona ARMON\u00cdA, PAZ, Y ALEJA TODA ENERG\u00cdA NEGATIVA. Esta piedra est\u00e1 asociada con la SALUD, BUENA SUERTE, AMOR, \u00c9XITO Y LIBERA ENERG\u00cdA. Usalo como Jab\u00f3n individual de&hellip;<!-- AddThis Advanced Settings generic via filter on get_the_excerpt --><!-- AddThis Share Buttons generic via filter on get_the_excerpt --><\/p>\n","protected":false},"featured_media":8127,"template":"","meta":[],"product_cat":[14],"product_tag":[934,935],"_links":{"self":[{"href":"https:\/\/www.bazarmerlin.com\/inicio\/wp-json\/wp\/v2\/product\/1508"}],"collection":[{"href":"https:\/\/www.bazarmerlin.com\/inicio\/wp-json\/wp\/v2\/product"}],"about":[{"href":"https:\/\/www.bazarmerlin.com\/inicio\/wp-json\/wp\/v2\/types\/product"}],"wp:featuredmedia":[{"embeddable":true,"href":"https:\/\/www.bazarmerlin.com\/inicio\/wp-json\/wp\/v2\/media\/8127"}],"wp:attachment":[{"href":"https:\/\/www.bazarmerlin.com\/inicio\/wp-json\/wp\/v2\/media?parent=1508"}],"wp:term":[{"taxonomy":"product_cat","embeddable":true,"href":"https:\/\/www.bazarmerlin.com\/inicio\/wp-json\/wp\/v2\/product_cat?post=1508"},{"taxonomy":"product_tag","embeddable":true,"href":"https:\/\/www.bazarmerlin.com\/inicio\/wp-json\/wp\/v2\/product_tag?post=1508"}],"curies":[{"name":"wp","href":"https:\/\/api.w.org\/{rel}","templated":true}]}}