{"id":1512,"date":"2015-07-15T19:36:44","date_gmt":"2015-07-15T19:36:44","guid":{"rendered":"https:\/\/www.bazarmerlin.com\/inicio\/?post_type=product&#038;p=1512"},"modified":"2022-12-08T00:53:14","modified_gmt":"2022-12-08T00:53:14","slug":"perfume-de-chile-proteccion-contra-envidias-hechizos","status":"publish","type":"product","link":"https:\/\/www.bazarmerlin.com\/inicio\/producto\/perfume-de-chile-proteccion-contra-envidias-hechizos\/","title":{"rendered":"Perfume De Chile &#8211; Protecci\u00f3n Contra Envidias, Hechizos"},"content":{"rendered":"<h3><strong>Perfume De Chile Rojo-<\/strong><br \/>\n<strong>Protecci\u00f3n Contra Envidias, Hechizos<\/strong><\/h3>\n<p>100 Militros<\/p>\n<p>OJO: LA PRESENTACION DE LA CAJA CAMBIO<br \/>\nPERO ES LA MISMA FORMULA<\/p>\n<p>&nbsp;<\/p>\n<p>&nbsp;<\/p>\n<p><strong>BAZAR MERLIN<\/strong><br \/>\n<strong>El Lugar M\u00e1s M\u00edstico de Guadalajara<\/strong><br \/>\n<strong>ENVIAMOS A TODO M\u00c9XICO <\/strong><\/p>\n<!-- AddThis Advanced Settings generic via filter on the_content --><!-- AddThis Share Buttons generic via filter on the_content -->","protected":false},"excerpt":{"rendered":"<p>Perfume De Chile Rojo- Protecci\u00f3n Contra Envidias, Hechizos 100 Militros OJO: LA PRESENTACION DE LA CAJA CAMBIO PERO ES LA MISMA FORMULA &nbsp; &nbsp; BAZAR MERLIN El Lugar M\u00e1s M\u00edstico de Guadalajara ENVIAMOS A TODO M\u00c9XICO<!-- AddThis Advanced Settings generic via filter on get_the_excerpt --><!-- AddThis Share Buttons generic via filter on get_the_excerpt --><\/p>\n","protected":false},"featured_media":11015,"template":"","meta":[],"product_cat":[20],"product_tag":[114,936,937],"_links":{"self":[{"href":"https:\/\/www.bazarmerlin.com\/inicio\/wp-json\/wp\/v2\/product\/1512"}],"collection":[{"href":"https:\/\/www.bazarmerlin.com\/inicio\/wp-json\/wp\/v2\/product"}],"about":[{"href":"https:\/\/www.bazarmerlin.com\/inicio\/wp-json\/wp\/v2\/types\/product"}],"wp:featuredmedia":[{"embeddable":true,"href":"https:\/\/www.bazarmerlin.com\/inicio\/wp-json\/wp\/v2\/media\/11015"}],"wp:attachment":[{"href":"https:\/\/www.bazarmerlin.com\/inicio\/wp-json\/wp\/v2\/media?parent=1512"}],"wp:term":[{"taxonomy":"product_cat","embeddable":true,"href":"https:\/\/www.bazarmerlin.com\/inicio\/wp-json\/wp\/v2\/product_cat?post=1512"},{"taxonomy":"product_tag","embeddable":true,"href":"https:\/\/www.bazarmerlin.com\/inicio\/wp-json\/wp\/v2\/product_tag?post=1512"}],"curies":[{"name":"wp","href":"https:\/\/api.w.org\/{rel}","templated":true}]}}