{"id":1516,"date":"2015-07-15T19:43:07","date_gmt":"2015-07-15T19:43:07","guid":{"rendered":"https:\/\/www.bazarmerlin.com\/inicio\/?post_type=product&#038;p=1516"},"modified":"2023-02-04T00:07:19","modified_gmt":"2023-02-04T00:07:19","slug":"locion-de-sandalo-abundancia-proteccion-y-prosperidad","status":"publish","type":"product","link":"https:\/\/www.bazarmerlin.com\/inicio\/producto\/locion-de-sandalo-abundancia-proteccion-y-prosperidad\/","title":{"rendered":"Loci\u00f3n De S\u00e1ndalo &#8211; para quitar mala vibra y Sal"},"content":{"rendered":"<p><strong>Locion de S\u00e1ndalo Tradicional<\/strong><\/p>\n<p><strong>LOCI\u00d3N DE S\u00c1NDALO AYUDARA A ATRAER A TU VIDA SUERTE, PROTECCI\u00d3N Y \u00c9XITO EN TODO LO QUE EMPRENDAS.<\/strong><\/p>\n<p>&nbsp;<\/p>\n<p>&nbsp;<\/p>\n<p>ANCESTRAL LOCION DE S\u00c1NDALO. El aroma de s\u00e1ndalo es pesado, fuerte y exquisito. Elaborado con extracto 100% natural y concentrado de la india. Exquisito aroma duradero, usado por hombres y mujeres que cambie su vida a \u00e9xito por el poder y magnetismo de la esencia.<\/p>\n<p>El Sandalo es una plata ancestral elaborada de las cortesas de la planta del mismo nombre. Posee un aroma muy fuerte con un ex\u00f3tico toque que recuerda a la fina madera de la INDIA.<\/p>\n<p>Esta exquisita esencia ayudara a equilibrar tu energ\u00eda y campo \u00e1urico abriendo caminos EN TODO LO QUE EMPRENDAS COMO \u00c9XITO, AMOR, DINERO, SALUD Y PROTECCI\u00d3N CONTRA CUALQUIER DA\u00d1O. Esto debido a su magnetismo que ayuda a activar la energ\u00eda de los chakras y equilibrar tu campo \u00e1urico.<\/p>\n<p>&nbsp;<\/p>\n<p>&nbsp;<\/p>\n<p><strong>BAZAR MERLIN<\/strong><br \/>\n<strong>El Lugar M\u00e1s M\u00edstico de Guadalajara<\/strong><br \/>\n<strong>ENVIAMOS A TODO M\u00c9XICO Y EL MUNDO\u2026<\/strong><\/p>\n<!-- AddThis Advanced Settings generic via filter on the_content --><!-- AddThis Share Buttons generic via filter on the_content -->","protected":false},"excerpt":{"rendered":"<p>Locion de S\u00e1ndalo Tradicional LOCI\u00d3N DE S\u00c1NDALO AYUDARA A ATRAER A TU VIDA SUERTE, PROTECCI\u00d3N Y \u00c9XITO EN TODO LO QUE EMPRENDAS. &nbsp; &nbsp; ANCESTRAL LOCION DE S\u00c1NDALO. El aroma de s\u00e1ndalo es pesado, fuerte y exquisito. Elaborado con extracto 100% natural y concentrado de la india. Exquisito aroma duradero, usado por hombres y mujeres&hellip;<!-- AddThis Advanced Settings generic via filter on get_the_excerpt --><!-- AddThis Share Buttons generic via filter on get_the_excerpt --><\/p>\n","protected":false},"featured_media":8120,"template":"","meta":[],"product_cat":[20],"product_tag":[940,941],"_links":{"self":[{"href":"https:\/\/www.bazarmerlin.com\/inicio\/wp-json\/wp\/v2\/product\/1516"}],"collection":[{"href":"https:\/\/www.bazarmerlin.com\/inicio\/wp-json\/wp\/v2\/product"}],"about":[{"href":"https:\/\/www.bazarmerlin.com\/inicio\/wp-json\/wp\/v2\/types\/product"}],"wp:featuredmedia":[{"embeddable":true,"href":"https:\/\/www.bazarmerlin.com\/inicio\/wp-json\/wp\/v2\/media\/8120"}],"wp:attachment":[{"href":"https:\/\/www.bazarmerlin.com\/inicio\/wp-json\/wp\/v2\/media?parent=1516"}],"wp:term":[{"taxonomy":"product_cat","embeddable":true,"href":"https:\/\/www.bazarmerlin.com\/inicio\/wp-json\/wp\/v2\/product_cat?post=1516"},{"taxonomy":"product_tag","embeddable":true,"href":"https:\/\/www.bazarmerlin.com\/inicio\/wp-json\/wp\/v2\/product_tag?post=1516"}],"curies":[{"name":"wp","href":"https:\/\/api.w.org\/{rel}","templated":true}]}}