{"id":1522,"date":"2015-07-15T19:49:54","date_gmt":"2015-07-15T19:49:54","guid":{"rendered":"https:\/\/www.bazarmerlin.com\/inicio\/?post_type=product&#038;p=1522"},"modified":"2022-10-14T21:55:28","modified_gmt":"2022-10-14T21:55:28","slug":"santa-muerte-7-colores-en-resina-pequena-13cm","status":"publish","type":"product","link":"https:\/\/www.bazarmerlin.com\/inicio\/producto\/santa-muerte-7-colores-en-resina-pequena-13cm\/","title":{"rendered":"Santa Muerte 7 Colores En Resina Peque\u00f1a 13cm"},"content":{"rendered":"<div style=\"text-align: center;\">\n<div style=\"text-align: center;\">\n<div style=\"text-align: center;\"><\/div>\n<\/div>\n<\/div>\n<p><strong>SANTA MUERTE 7 COLORES\u00a0<\/strong><\/p>\n<p>&nbsp;<\/p>\n<p>COLORES DISPONIBLES DORADO, BLANCO ROJA Y NEGRA<\/p>\n<p>Para todo tipo de Rituales, Oraciones y Ofrendas<\/p>\n<p>FINAMENTE TERMINADA PARA TRABAJOS DE MAGIA PARA SU ALTAR O PARA PEDIR QUE NOS AYUDE A CONSEGUIR AMOR, TRABAJO O DINERO.<\/p>\n<p>Se dice que cuando la SANTA MUERTE concede un favor se cobra con alguno de nuestros familiares; eso es totalmente falso, ya que ella, por el contrario, protege de cualquier enfermedad provocada por alg\u00fan trabajo de MAGIA NEGRA, HECHICER\u00cdA O ENFERMEDAD NATURAL.<\/p>\n<p>QUE CASTIGA CUANDO NO LE RENDIMOS PENITENCIAS?<\/p>\n<p>Eso es tambi\u00e9n una falsedad, ya que ella no trabaja as\u00ed, ella viene para ayudarnos, no para castigar a sus devotos. Aunque MUCHOS nunca la ha visto con buenos ojos, cada d\u00eda que pasa la SANT\u00cdSIMA MUERTE tiene m\u00e1s devotos y seguidores.<\/p>\n<p>Busquemos la manera para realizar acciones de poder utilizando velas, veladoras, b\u00e1lsamos, inciensos, hierbas y ofrendas para que los aspectos que tienen que ver con la SALUD, EL AMOR, EL TRABAJO, EL DINERO Y LA ARMON\u00cdA lleguen a nuestra vida de una manera natural y compartida Conozcamos la forma de REALIZAR RITUALES para que se establezca conexi\u00f3n con esta entidad santa y as\u00ed obtengamos su gu\u00eda y protecci\u00f3n, siempre y cuando las pretensiones de nuestras intenciones, tengan como misi\u00f3n el bien a los dem\u00e1s.<\/p>\n<p>Cuando elaboremos un ritual frente a ella, procuremos estar a solas, evitemos estar con otra persona, ya que esto nos restara energ\u00eda y concentraci\u00f3n. Cuando recemos y hagamos nuestras peticiones, estas deber\u00e1n decirse con fe y firmeza nunca titubeemos de lo que estamos haciendo y diciendo.<\/p>\n<p>&nbsp;<\/p>\n<p>&nbsp;<\/p>\n<p><strong>BAZAR MERL\u00cdN<\/strong><br \/>\n<strong>El Lugar M\u00e1s M\u00edstico de Guadalajara<\/strong><br \/>\n<strong>ENVIAMOS A TODO M\u00c9XICO\u2026<\/strong><\/p>\n<!-- AddThis Advanced Settings generic via filter on the_content --><!-- AddThis Share Buttons generic via filter on the_content -->","protected":false},"excerpt":{"rendered":"<p>SANTA MUERTE 7 COLORES\u00a0 &nbsp; COLORES DISPONIBLES DORADO, BLANCO ROJA Y NEGRA Para todo tipo de Rituales, Oraciones y Ofrendas FINAMENTE TERMINADA PARA TRABAJOS DE MAGIA PARA SU ALTAR O PARA PEDIR QUE NOS AYUDE A CONSEGUIR AMOR, TRABAJO O DINERO. Se dice que cuando la SANTA MUERTE concede un favor se cobra con alguno&hellip;<!-- AddThis Advanced Settings generic via filter on get_the_excerpt --><!-- AddThis Share Buttons generic via filter on get_the_excerpt --><\/p>\n","protected":false},"featured_media":10357,"template":"","meta":[],"product_cat":[14],"product_tag":[944],"_links":{"self":[{"href":"https:\/\/www.bazarmerlin.com\/inicio\/wp-json\/wp\/v2\/product\/1522"}],"collection":[{"href":"https:\/\/www.bazarmerlin.com\/inicio\/wp-json\/wp\/v2\/product"}],"about":[{"href":"https:\/\/www.bazarmerlin.com\/inicio\/wp-json\/wp\/v2\/types\/product"}],"wp:featuredmedia":[{"embeddable":true,"href":"https:\/\/www.bazarmerlin.com\/inicio\/wp-json\/wp\/v2\/media\/10357"}],"wp:attachment":[{"href":"https:\/\/www.bazarmerlin.com\/inicio\/wp-json\/wp\/v2\/media?parent=1522"}],"wp:term":[{"taxonomy":"product_cat","embeddable":true,"href":"https:\/\/www.bazarmerlin.com\/inicio\/wp-json\/wp\/v2\/product_cat?post=1522"},{"taxonomy":"product_tag","embeddable":true,"href":"https:\/\/www.bazarmerlin.com\/inicio\/wp-json\/wp\/v2\/product_tag?post=1522"}],"curies":[{"name":"wp","href":"https:\/\/api.w.org\/{rel}","templated":true}]}}