{"id":1524,"date":"2015-07-15T19:52:06","date_gmt":"2015-07-15T19:52:06","guid":{"rendered":"https:\/\/www.bazarmerlin.com\/inicio\/?post_type=product&#038;p=1524"},"modified":"2024-03-25T23:05:06","modified_gmt":"2024-03-25T23:05:06","slug":"perfume-de-mandarina-abundancia-prosperidad","status":"publish","type":"product","link":"https:\/\/www.bazarmerlin.com\/inicio\/producto\/perfume-de-mandarina-abundancia-prosperidad\/","title":{"rendered":"Locion Mandarina &#8211; Abundancia, Dinero y Trabajo"},"content":{"rendered":"<h3><strong>LOCI\u00d3N MANDARINA<\/strong><br \/>\n<strong>ATRAE A TU PERSONA PROSPERIDAD, ARMON\u00cdA, BUENA VIBRA<\/strong><\/h3>\n<p>&nbsp;<\/p>\n<p>Cada ves que emprenda cualquier acci\u00f3n para obtener SUERTE,<br \/>\nuse esta loci\u00f3n y la fortuna sera propicia en todas las actividades de su vida .<br \/>\nYa que esta loci\u00f3n corta cualquier bloqueo que tenga la persona y lograr atraer la buena suerte<br \/>\ny oportunidades.<\/p>\n<p>ESPECIAL PARA ATRAER<br \/>\nTrabajo, oportunidades y abundancia<\/p>\n<p>\u00daselo diariamente y la FORTUNA le sera propicia en todas las actividades de su vida<\/p>\n<p>Su esencia es energ\u00e9tica, brind\u00e1ndole siempre optimismo, energ\u00eda y fortaleza para salir adelante de cualquier dificultad, alcanzando metas y estabilidad econ\u00f3mica deseada.<\/p>\n<p>Su exquisito aroma evoca en los dem\u00e1s ARMON\u00cdA Y SIMPAT\u00cdA, mejorando de modo inmediato en sus relaciones sociales<\/p>\n<p>LOCI\u00d3N MANDARINA<\/p>\n<p>&nbsp;<\/p>\n<p>&nbsp;<\/p>\n<p><strong>BAZAR MERLIN<\/strong><br \/>\n<strong>El Lugar M\u00e1s M\u00edstico de Guadalajara<\/strong><br \/>\n<strong>ENVIAMOS A TODO M\u00c9XICO<\/strong><\/p>\n<!-- AddThis Advanced Settings generic via filter on the_content --><!-- AddThis Share Buttons generic via filter on the_content -->","protected":false},"excerpt":{"rendered":"<p>LOCI\u00d3N MANDARINA ATRAE A TU PERSONA PROSPERIDAD, ARMON\u00cdA, BUENA VIBRA &nbsp; Cada ves que emprenda cualquier acci\u00f3n para obtener SUERTE, use esta loci\u00f3n y la fortuna sera propicia en todas las actividades de su vida . Ya que esta loci\u00f3n corta cualquier bloqueo que tenga la persona y lograr atraer la buena suerte y oportunidades.&hellip;<!-- AddThis Advanced Settings generic via filter on get_the_excerpt --><!-- AddThis Share Buttons generic via filter on get_the_excerpt --><\/p>\n","protected":false},"featured_media":10990,"template":"","meta":[],"product_cat":[20],"product_tag":[131,946,945],"_links":{"self":[{"href":"https:\/\/www.bazarmerlin.com\/inicio\/wp-json\/wp\/v2\/product\/1524"}],"collection":[{"href":"https:\/\/www.bazarmerlin.com\/inicio\/wp-json\/wp\/v2\/product"}],"about":[{"href":"https:\/\/www.bazarmerlin.com\/inicio\/wp-json\/wp\/v2\/types\/product"}],"wp:featuredmedia":[{"embeddable":true,"href":"https:\/\/www.bazarmerlin.com\/inicio\/wp-json\/wp\/v2\/media\/10990"}],"wp:attachment":[{"href":"https:\/\/www.bazarmerlin.com\/inicio\/wp-json\/wp\/v2\/media?parent=1524"}],"wp:term":[{"taxonomy":"product_cat","embeddable":true,"href":"https:\/\/www.bazarmerlin.com\/inicio\/wp-json\/wp\/v2\/product_cat?post=1524"},{"taxonomy":"product_tag","embeddable":true,"href":"https:\/\/www.bazarmerlin.com\/inicio\/wp-json\/wp\/v2\/product_tag?post=1524"}],"curies":[{"name":"wp","href":"https:\/\/api.w.org\/{rel}","templated":true}]}}