{"id":1528,"date":"2015-07-15T19:56:32","date_gmt":"2015-07-15T19:56:32","guid":{"rendered":"https:\/\/www.bazarmerlin.com\/inicio\/?post_type=product&#038;p=1528"},"modified":"2022-10-03T21:55:38","modified_gmt":"2022-10-03T21:55:38","slug":"jabon-contra-dano-quita-cualquier-trabajo-negro","status":"publish","type":"product","link":"https:\/\/www.bazarmerlin.com\/inicio\/producto\/jabon-contra-dano-quita-cualquier-trabajo-negro\/","title":{"rendered":"Jab\u00f3n Contra Da\u00f1o &#8211; Quita Cualquier Trabajo Negro"},"content":{"rendered":"<div style=\"text-align: center;\">\n<div style=\"text-align: center;\">\n<div style=\"text-align: left;\"><strong>JAB\u00d3N CONTRA DA\u00d1O<\/strong><br \/>\n<strong>Quita Cualquier Trabajo Negro<\/strong><\/div>\n<div style=\"text-align: left;\">\n<p>&nbsp;<\/p>\n<p>Poderoso jab\u00f3n que ayudar\u00e1 contrarrestar da\u00f1os, bloqueos y negatividad. Usan diariamente con mucha fe y obtendr\u00e1 f\u00e1cilmente dinero, salud, suerte y felicidad.<\/p>\n<p>Este poderoso jab\u00f3n cortar\u00e1 toda la mala suerte y quitar a cualquier trabajo negro que te hayan impuesto protegi\u00e9ndote adem\u00e1s de las malas vibras y los pensamientos destructivos original lo sabes es por uno mismo. Ayudara a limpiar tu campo \u00e1urico atrayendo oportunidades \u00e9xito y abri\u00e9ndote caminos.<\/p>\n<p>Los Jabones Esot\u00e9ricos son preparados con productos, esencias y extractos especiales. Cuando tienes un problema que crees de dif\u00edcil soluci\u00f3n es bueno recurrir a los rituales de magia, estos siempre nos ayudan a lograr exitosamente los objetivos que queremos conseguir.<\/p>\n<p>Las limpiezas o rituales con jabones sirven para uso diario tanto del cuerpo como de las manos y toda tu energ\u00eda c\u00f3smica y aurica equilibrando tus chakras para as\u00ed cambiar de forma inmediata tu suerte. Su fabricaci\u00f3n y su composici\u00f3n son de forma 100% artesanal por lo que llevan la esencia y extracto natural para equilibrar tu energ\u00eda, en algunos jabones hierbas en su interior.<\/p>\n<p>&nbsp;<\/p>\n<\/div>\n<\/div>\n<p>&nbsp;<\/p>\n<div style=\"text-align: center;\">\n<div style=\"text-align: left;\">\n<p><strong>BAZAR\u00a0<\/strong><b>MERL\u00cdN<\/b><br \/>\n<strong>El Lugar M\u00e1s M\u00edstico de Guadalajara<\/strong><br \/>\n<strong>ENVIAMOS A TODO M\u00c9XICO<\/strong><\/p>\n<\/div>\n<\/div>\n<\/div>\n<!-- AddThis Advanced Settings generic via filter on the_content --><!-- AddThis Share Buttons generic via filter on the_content -->","protected":false},"excerpt":{"rendered":"<p>JAB\u00d3N CONTRA DA\u00d1O Quita Cualquier Trabajo Negro &nbsp; Poderoso jab\u00f3n que ayudar\u00e1 contrarrestar da\u00f1os, bloqueos y negatividad. Usan diariamente con mucha fe y obtendr\u00e1 f\u00e1cilmente dinero, salud, suerte y felicidad. Este poderoso jab\u00f3n cortar\u00e1 toda la mala suerte y quitar a cualquier trabajo negro que te hayan impuesto protegi\u00e9ndote adem\u00e1s de las malas vibras y&hellip;<!-- AddThis Advanced Settings generic via filter on get_the_excerpt --><!-- AddThis Share Buttons generic via filter on get_the_excerpt --><\/p>\n","protected":false},"featured_media":10225,"template":"","meta":[],"product_cat":[14],"product_tag":[947,948],"_links":{"self":[{"href":"https:\/\/www.bazarmerlin.com\/inicio\/wp-json\/wp\/v2\/product\/1528"}],"collection":[{"href":"https:\/\/www.bazarmerlin.com\/inicio\/wp-json\/wp\/v2\/product"}],"about":[{"href":"https:\/\/www.bazarmerlin.com\/inicio\/wp-json\/wp\/v2\/types\/product"}],"wp:featuredmedia":[{"embeddable":true,"href":"https:\/\/www.bazarmerlin.com\/inicio\/wp-json\/wp\/v2\/media\/10225"}],"wp:attachment":[{"href":"https:\/\/www.bazarmerlin.com\/inicio\/wp-json\/wp\/v2\/media?parent=1528"}],"wp:term":[{"taxonomy":"product_cat","embeddable":true,"href":"https:\/\/www.bazarmerlin.com\/inicio\/wp-json\/wp\/v2\/product_cat?post=1528"},{"taxonomy":"product_tag","embeddable":true,"href":"https:\/\/www.bazarmerlin.com\/inicio\/wp-json\/wp\/v2\/product_tag?post=1528"}],"curies":[{"name":"wp","href":"https:\/\/api.w.org\/{rel}","templated":true}]}}