{"id":1532,"date":"2015-07-15T19:59:51","date_gmt":"2015-07-15T19:59:51","guid":{"rendered":"https:\/\/www.bazarmerlin.com\/inicio\/?post_type=product&#038;p=1532"},"modified":"2022-10-04T23:14:37","modified_gmt":"2022-10-04T23:14:37","slug":"jabon-de-sandalo-con-miel-abundancia-proteccion","status":"publish","type":"product","link":"https:\/\/www.bazarmerlin.com\/inicio\/producto\/jabon-de-sandalo-con-miel-abundancia-proteccion\/","title":{"rendered":"Jab\u00f3n De S\u00e1ndalo Con Miel &#8211; Abundancia y Protecci\u00f3n"},"content":{"rendered":"<div style=\"text-align: center;\">\n<div style=\"text-align: center;\">\n<p style=\"text-align: left;\"><strong>JAB\u00d3N CUBANO DE S\u00c1NDALO CON MIEL<\/strong><br \/>\n<em><strong>ATRAE SUERTE Y RIQUEZA EN UN RELAJANTE BA\u00d1O.<\/strong><\/em><\/p>\n<p style=\"text-align: left;\">Los Jabones Esot\u00e9ricos son preparados con productos, esencias y extractos especiales. Cuando tienes un problema que crees de dif\u00edcil soluci\u00f3n es bueno recurrir a los rituales de magia, estos siempre nos ayudan a lograr exitosa mente los objetivos que queremos conseguir.<\/p>\n<p style=\"text-align: left;\">Las limpiezas o rituales con jabones sirven para uso diario tanto del cuerpo como de las manos y toda tu energ\u00eda c\u00f3smica y aurica equilibrando tus chakras para as\u00ed cambiar de forma inmediata tu suerte. Su fabricaci\u00f3n y su composici\u00f3n son de forma 100% artesanal por lo que llevan la esencia y extracto natural para equilibrar tu energ\u00eda, en algunos jabones hierbas en su interior.<\/p>\n<p style=\"text-align: left;\">LOS GRANDES PODERES DEL S\u00c1NDALO SE REMONTAN A LAS CULTURAS MILENARIAS. EMPLEANDO EN SUS MASAJES, BA\u00d1OS, PERFUMES UTILIZADO COMO ATRAYENTE PARA EVOCAR LA ESPIRITUALIDAD Y LA MEDITACI\u00d3N.<\/p>\n<p style=\"text-align: left;\">HOY EN D\u00cdA SE SIGUE UTILIZANDO PARA ATRAER RIQUEZAS, YA QUE EQUILIBRA NUESTRAS ENERG\u00cdAS Y NOS AYUDA A LLENAR NUESTRAS VIDAS DE \u00c9XITO Y TRANQUILIDAD DADO QUE EL S\u00c1NDALO ES UN IM\u00c1N DE PAZ, AMOR, DINERO Y SOBRE TODO ESPIRITUALIDAD. EL JAB\u00d3N DE S\u00c1NDALO NOS MANTIENE CONECTADOS CON LAS ENERG\u00cdAS C\u00d3SMICAS Y CON DIOS.<\/p>\n<p style=\"text-align: left;\">\u00a1 UTIL\u00cdZALO DIARIO Y ATRAE SUERTE COMO RIQUEZA EN UN RELAJANTE BA\u00d1O !<\/p>\n<\/div>\n<\/div>\n<p>&nbsp;<\/p>\n<p>&nbsp;<\/p>\n<div style=\"text-align: center;\">\n<div style=\"text-align: center;\">\n<p style=\"text-align: left;\"><strong>BAZAR\u00a0<\/strong><b>MERL\u00cdN<\/b><br \/>\n<strong>El Lugar M\u00e1s M\u00edstico de Guadalajara<\/strong><br \/>\n<strong>ENVIAMOS A TODO M\u00c9XICO&#8230;<\/strong><\/p>\n<div style=\"text-align: left;\"><\/div>\n<\/div>\n<\/div>\n<!-- AddThis Advanced Settings generic via filter on the_content --><!-- AddThis Share Buttons generic via filter on the_content -->","protected":false},"excerpt":{"rendered":"<p>JAB\u00d3N CUBANO DE S\u00c1NDALO CON MIEL ATRAE SUERTE Y RIQUEZA EN UN RELAJANTE BA\u00d1O. Los Jabones Esot\u00e9ricos son preparados con productos, esencias y extractos especiales. Cuando tienes un problema que crees de dif\u00edcil soluci\u00f3n es bueno recurrir a los rituales de magia, estos siempre nos ayudan a lograr exitosa mente los objetivos que queremos conseguir.&hellip;<!-- AddThis Advanced Settings generic via filter on get_the_excerpt --><!-- AddThis Share Buttons generic via filter on get_the_excerpt --><\/p>\n","protected":false},"featured_media":8339,"template":"","meta":[],"product_cat":[14],"product_tag":[490,951],"_links":{"self":[{"href":"https:\/\/www.bazarmerlin.com\/inicio\/wp-json\/wp\/v2\/product\/1532"}],"collection":[{"href":"https:\/\/www.bazarmerlin.com\/inicio\/wp-json\/wp\/v2\/product"}],"about":[{"href":"https:\/\/www.bazarmerlin.com\/inicio\/wp-json\/wp\/v2\/types\/product"}],"wp:featuredmedia":[{"embeddable":true,"href":"https:\/\/www.bazarmerlin.com\/inicio\/wp-json\/wp\/v2\/media\/8339"}],"wp:attachment":[{"href":"https:\/\/www.bazarmerlin.com\/inicio\/wp-json\/wp\/v2\/media?parent=1532"}],"wp:term":[{"taxonomy":"product_cat","embeddable":true,"href":"https:\/\/www.bazarmerlin.com\/inicio\/wp-json\/wp\/v2\/product_cat?post=1532"},{"taxonomy":"product_tag","embeddable":true,"href":"https:\/\/www.bazarmerlin.com\/inicio\/wp-json\/wp\/v2\/product_tag?post=1532"}],"curies":[{"name":"wp","href":"https:\/\/api.w.org\/{rel}","templated":true}]}}