{"id":1556,"date":"2015-07-15T21:32:24","date_gmt":"2015-07-15T21:32:24","guid":{"rendered":"https:\/\/www.bazarmerlin.com\/inicio\/?post_type=product&#038;p=1556"},"modified":"2022-10-13T23:12:32","modified_gmt":"2022-10-13T23:12:32","slug":"sal-de-bano-de-mandarina-prosperidad-abundancia-y-armonia","status":"publish","type":"product","link":"https:\/\/www.bazarmerlin.com\/inicio\/producto\/sal-de-bano-de-mandarina-prosperidad-abundancia-y-armonia\/","title":{"rendered":"Sal De Ba\u00f1o De Mandarina &#8211; Prosperidad, Abundancia Y Armon\u00eda"},"content":{"rendered":"<p><strong>SAL DE BA\u00d1O MANDARINA <\/strong><\/p>\n<p><strong>PROSPERIDAD, ABUNDANCIA Y ARMON\u00cdA<\/strong><\/p>\n<p>&nbsp;<\/p>\n<p>Energizaste arom\u00e1tico que te brinda optimismo para emprender cualquier empresa<\/p>\n<p>S\u00f3lo enju\u00e1gate despu\u00e9s del ba\u00f1o por 7 d\u00edas con estas poderosas sales<\/p>\n<p>&#8211; del cuello para abajo &#8211; y logra mayor armon\u00eda en el amor.<\/p>\n<p>&nbsp;<\/p>\n<p>&nbsp;<\/p>\n<p><strong>BAZAR MERL\u00cdN<\/strong><br \/>\n<strong>El Lugar M\u00e1s M\u00edstico de Guadalajara<\/strong><br \/>\n<strong>ENVIAMOS A TODO M\u00c9XICO&#8230;\u00a0<\/strong><\/p>\n<!-- AddThis Advanced Settings generic via filter on the_content --><!-- AddThis Share Buttons generic via filter on the_content -->","protected":false},"excerpt":{"rendered":"<p>SAL DE BA\u00d1O MANDARINA PROSPERIDAD, ABUNDANCIA Y ARMON\u00cdA &nbsp; Energizaste arom\u00e1tico que te brinda optimismo para emprender cualquier empresa S\u00f3lo enju\u00e1gate despu\u00e9s del ba\u00f1o por 7 d\u00edas con estas poderosas sales &#8211; del cuello para abajo &#8211; y logra mayor armon\u00eda en el amor. &nbsp; &nbsp; BAZAR MERL\u00cdN El Lugar M\u00e1s M\u00edstico de Guadalajara ENVIAMOS&hellip;<!-- AddThis Advanced Settings generic via filter on get_the_excerpt --><!-- AddThis Share Buttons generic via filter on get_the_excerpt --><\/p>\n","protected":false},"featured_media":10348,"template":"","meta":[],"product_cat":[14],"product_tag":[964,132,963],"_links":{"self":[{"href":"https:\/\/www.bazarmerlin.com\/inicio\/wp-json\/wp\/v2\/product\/1556"}],"collection":[{"href":"https:\/\/www.bazarmerlin.com\/inicio\/wp-json\/wp\/v2\/product"}],"about":[{"href":"https:\/\/www.bazarmerlin.com\/inicio\/wp-json\/wp\/v2\/types\/product"}],"wp:featuredmedia":[{"embeddable":true,"href":"https:\/\/www.bazarmerlin.com\/inicio\/wp-json\/wp\/v2\/media\/10348"}],"wp:attachment":[{"href":"https:\/\/www.bazarmerlin.com\/inicio\/wp-json\/wp\/v2\/media?parent=1556"}],"wp:term":[{"taxonomy":"product_cat","embeddable":true,"href":"https:\/\/www.bazarmerlin.com\/inicio\/wp-json\/wp\/v2\/product_cat?post=1556"},{"taxonomy":"product_tag","embeddable":true,"href":"https:\/\/www.bazarmerlin.com\/inicio\/wp-json\/wp\/v2\/product_tag?post=1556"}],"curies":[{"name":"wp","href":"https:\/\/api.w.org\/{rel}","templated":true}]}}