{"id":156,"date":"2015-06-20T17:49:20","date_gmt":"2015-06-20T17:49:20","guid":{"rendered":"https:\/\/www.bazarmerlin.com\/inicio\/?post_type=product&#038;p=156"},"modified":"2022-12-27T00:05:42","modified_gmt":"2022-12-27T00:05:42","slug":"libro-de-los-secretos-del-pendulo","status":"publish","type":"product","link":"https:\/\/www.bazarmerlin.com\/inicio\/producto\/libro-de-los-secretos-del-pendulo\/","title":{"rendered":"Libro Los Secretos Del Pendulo &#8211; Aprende Como Usarlo"},"content":{"rendered":"<p><strong>Los Secretos Del P\u00e9ndulo<\/strong><\/p>\n<p>&nbsp;<\/p>\n<p>Rutti, Ralph<\/p>\n<p>En este libro te decimos c\u00f3mo puedes hacer un p\u00e9ndulo, y la manera de usarlo. Pero te pedimos que tengas fe, que creas en lo que haces y en lo que piensas, ya que en la efectividad para conseguir buenos resultados, depender\u00e1 de la capacidad mental e intuitiva de cada persona, y de si aplicaci\u00f3n y constancia en el uso del p\u00e9ndulo.<\/p>\n<p>&nbsp;<\/p>\n<p>&nbsp;<\/p>\n<p><strong>BAZAR MERLIN\u00ae<\/strong><br \/>\n<strong>El Lugar M\u00e1s M\u00edstico de Guadalajara<\/strong><br \/>\n<strong>ENVIAMOS A TODO M\u00c9XICO\u2026<\/strong><\/p>\n<!-- AddThis Advanced Settings generic via filter on the_content --><!-- AddThis Share Buttons generic via filter on the_content -->","protected":false},"excerpt":{"rendered":"<p>Los Secretos Del P\u00e9ndulo &nbsp; Rutti, Ralph En este libro te decimos c\u00f3mo puedes hacer un p\u00e9ndulo, y la manera de usarlo. Pero te pedimos que tengas fe, que creas en lo que haces y en lo que piensas, ya que en la efectividad para conseguir buenos resultados, depender\u00e1 de la capacidad mental e intuitiva&hellip;<!-- AddThis Advanced Settings generic via filter on get_the_excerpt --><!-- AddThis Share Buttons generic via filter on get_the_excerpt --><\/p>\n","protected":false},"featured_media":11255,"template":"","meta":[],"product_cat":[21],"product_tag":[437,436],"_links":{"self":[{"href":"https:\/\/www.bazarmerlin.com\/inicio\/wp-json\/wp\/v2\/product\/156"}],"collection":[{"href":"https:\/\/www.bazarmerlin.com\/inicio\/wp-json\/wp\/v2\/product"}],"about":[{"href":"https:\/\/www.bazarmerlin.com\/inicio\/wp-json\/wp\/v2\/types\/product"}],"wp:featuredmedia":[{"embeddable":true,"href":"https:\/\/www.bazarmerlin.com\/inicio\/wp-json\/wp\/v2\/media\/11255"}],"wp:attachment":[{"href":"https:\/\/www.bazarmerlin.com\/inicio\/wp-json\/wp\/v2\/media?parent=156"}],"wp:term":[{"taxonomy":"product_cat","embeddable":true,"href":"https:\/\/www.bazarmerlin.com\/inicio\/wp-json\/wp\/v2\/product_cat?post=156"},{"taxonomy":"product_tag","embeddable":true,"href":"https:\/\/www.bazarmerlin.com\/inicio\/wp-json\/wp\/v2\/product_tag?post=156"}],"curies":[{"name":"wp","href":"https:\/\/api.w.org\/{rel}","templated":true}]}}