{"id":1560,"date":"2015-07-15T21:39:00","date_gmt":"2015-07-15T21:39:00","guid":{"rendered":"https:\/\/www.bazarmerlin.com\/inicio\/?post_type=product&#038;p=1560"},"modified":"2022-10-13T23:22:56","modified_gmt":"2022-10-13T23:22:56","slug":"sal-de-bano-de-sandalo-abundancia-proteccion-prosperidad","status":"publish","type":"product","link":"https:\/\/www.bazarmerlin.com\/inicio\/producto\/sal-de-bano-de-sandalo-abundancia-proteccion-prosperidad\/","title":{"rendered":"Sal De Ba\u00f1o De S\u00e1ndalo &#8211; Abundancia, Protecci\u00f3n, Prosperidad"},"content":{"rendered":"<p><strong>SAL DE BA\u00d1O S\u00c1NDALO ABUNDANCIA, PROTECCI\u00d3N<\/strong><\/p>\n<p>&nbsp;<\/p>\n<p>Especial para potenciar la FORTUNA en negocio o trabajo, ya que EL S\u00c1NDALO es un im\u00e1n de PAZ, AMOR, DINERO Y ESPIRITUALIDAD Para lograr purificar y preparar el cuerpo para la meditaci\u00f3n y balance\u00a0 Arm\u00f3nico<\/p>\n<p>&nbsp;<\/p>\n<p>Los poderes del s\u00e1ndalo se remontan a las culturas milenarias, empleado en masajes, ba\u00f1os, perfumes y utilizado como afrodis\u00edaco, para evocar la espiritualidad, la meditaci\u00f3n, etc.<\/p>\n<p>&nbsp;<\/p>\n<p>S\u00f3lo enju\u00e1gate despu\u00e9s del ba\u00f1o por 7 d\u00edas con estas poderosas sales<\/p>\n<p>\u2013 del cuello para abajo \u2013 y logra mayor armon\u00eda en el amor.<\/p>\n<p>&nbsp;<\/p>\n<p>&nbsp;<\/p>\n<p><strong>BAZAR MERL\u00cdN<\/strong><br \/>\n<strong>El Lugar M\u00e1s M\u00edstico de Guadalajara<\/strong><br \/>\n<strong>ENVIAMOS A TODO M\u00c9XICO\u2026\u00a0<\/strong><\/p>\n<!-- AddThis Advanced Settings generic via filter on the_content --><!-- AddThis Share Buttons generic via filter on the_content -->","protected":false},"excerpt":{"rendered":"<p>SAL DE BA\u00d1O S\u00c1NDALO ABUNDANCIA, PROTECCI\u00d3N &nbsp; Especial para potenciar la FORTUNA en negocio o trabajo, ya que EL S\u00c1NDALO es un im\u00e1n de PAZ, AMOR, DINERO Y ESPIRITUALIDAD Para lograr purificar y preparar el cuerpo para la meditaci\u00f3n y balance\u00a0 Arm\u00f3nico &nbsp; Los poderes del s\u00e1ndalo se remontan a las culturas milenarias, empleado en&hellip;<!-- AddThis Advanced Settings generic via filter on get_the_excerpt --><!-- AddThis Share Buttons generic via filter on get_the_excerpt --><\/p>\n","protected":false},"featured_media":10349,"template":"","meta":[],"product_cat":[14],"product_tag":[131,132,57,967],"_links":{"self":[{"href":"https:\/\/www.bazarmerlin.com\/inicio\/wp-json\/wp\/v2\/product\/1560"}],"collection":[{"href":"https:\/\/www.bazarmerlin.com\/inicio\/wp-json\/wp\/v2\/product"}],"about":[{"href":"https:\/\/www.bazarmerlin.com\/inicio\/wp-json\/wp\/v2\/types\/product"}],"wp:featuredmedia":[{"embeddable":true,"href":"https:\/\/www.bazarmerlin.com\/inicio\/wp-json\/wp\/v2\/media\/10349"}],"wp:attachment":[{"href":"https:\/\/www.bazarmerlin.com\/inicio\/wp-json\/wp\/v2\/media?parent=1560"}],"wp:term":[{"taxonomy":"product_cat","embeddable":true,"href":"https:\/\/www.bazarmerlin.com\/inicio\/wp-json\/wp\/v2\/product_cat?post=1560"},{"taxonomy":"product_tag","embeddable":true,"href":"https:\/\/www.bazarmerlin.com\/inicio\/wp-json\/wp\/v2\/product_tag?post=1560"}],"curies":[{"name":"wp","href":"https:\/\/api.w.org\/{rel}","templated":true}]}}