{"id":1562,"date":"2015-07-15T21:41:22","date_gmt":"2015-07-15T21:41:22","guid":{"rendered":"https:\/\/www.bazarmerlin.com\/inicio\/?post_type=product&#038;p=1562"},"modified":"2022-10-04T22:55:48","modified_gmt":"2022-10-04T22:55:48","slug":"jabon-levanta-negocio-trabajo-comercio-mejores-ventas","status":"publish","type":"product","link":"https:\/\/www.bazarmerlin.com\/inicio\/producto\/jabon-levanta-negocio-trabajo-comercio-mejores-ventas\/","title":{"rendered":"Jab\u00f3n Levanta Negocio &#8211; Trabajo, Comercio, Mejores Ventas"},"content":{"rendered":"<p><strong>JAB\u00d3N IMPORTADO LEVANTA NEGOCIO<\/strong><br \/>\n<strong>ATRAE DINERO, TRABAJO Y MEJORES VENTAS.<\/strong><\/p>\n<p>&nbsp;<\/p>\n<p>Cuando sientas que los negocios van decayendo y no rinde el dinero, es este PODEROSO JAB\u00d3N TE PROTEGER\u00c1 DE DA\u00d1OS Y ENVIDIAS abri\u00e9ndote oportunidades para alcanzar la PROSPERIDAD Y EL \u00c9XITO que tanto mereces. S\u00f3lo necesitar\u00e1s ba\u00f1arte todos los d\u00edas con este poderoso jab\u00f3n y decir con mucha fe tu oraci\u00f3n favorita de inmediato invocaras confianza y seguridad en todas las personas con las que trates.<\/p>\n<p>Especial para atraer la buena suerte en lo personal \u00c9XITO EN LOS NEGOCIOS y tener toda la protecci\u00f3n a donde quiera que vaya.<\/p>\n<p>Los Jabones Esot\u00e9ricos son preparados con productos, esencias y extractos especiales. Cuando tienes un problema que crees de dif\u00edcil soluci\u00f3n es bueno recurrir a los rituales de magia, estos siempre nos ayudan a lograr exitosamente los objetivos que queremos conseguir.<\/p>\n<p>Las limpiezas o rituales con jabones sirven para uso diario tanto del cuerpo como de las manos y toda tu energ\u00eda c\u00f3smica y aurica equilibrando tus chakras para as\u00ed cambiar de forma inmediata tu suerte. Su fabricaci\u00f3n y su composici\u00f3n son de forma 100% ARTESANAL por lo que llevan la esencia y extracto natural para equilibrar tu energ\u00eda, en algunos jabones hierbas en su interior.<\/p>\n<p>&nbsp;<\/p>\n<p>&nbsp;<\/p>\n<p><strong>BAZAR\u00a0<\/strong><b>MERL\u00cdN<\/b><br \/>\n<strong>El Lugar M\u00e1s M\u00edstico de Guadalajara<\/strong><br \/>\n<strong>ENVIAMOS A TODO M\u00c9XICO.<\/strong><\/p>\n<!-- AddThis Advanced Settings generic via filter on the_content --><!-- AddThis Share Buttons generic via filter on the_content -->","protected":false},"excerpt":{"rendered":"<p>JAB\u00d3N IMPORTADO LEVANTA NEGOCIO ATRAE DINERO, TRABAJO Y MEJORES VENTAS. &nbsp; Cuando sientas que los negocios van decayendo y no rinde el dinero, es este PODEROSO JAB\u00d3N TE PROTEGER\u00c1 DE DA\u00d1OS Y ENVIDIAS abri\u00e9ndote oportunidades para alcanzar la PROSPERIDAD Y EL \u00c9XITO que tanto mereces. S\u00f3lo necesitar\u00e1s ba\u00f1arte todos los d\u00edas con este poderoso jab\u00f3n&hellip;<!-- AddThis Advanced Settings generic via filter on get_the_excerpt --><!-- AddThis Share Buttons generic via filter on get_the_excerpt --><\/p>\n","protected":false},"featured_media":10244,"template":"","meta":[],"product_cat":[14],"product_tag":[970,968,971,969],"_links":{"self":[{"href":"https:\/\/www.bazarmerlin.com\/inicio\/wp-json\/wp\/v2\/product\/1562"}],"collection":[{"href":"https:\/\/www.bazarmerlin.com\/inicio\/wp-json\/wp\/v2\/product"}],"about":[{"href":"https:\/\/www.bazarmerlin.com\/inicio\/wp-json\/wp\/v2\/types\/product"}],"wp:featuredmedia":[{"embeddable":true,"href":"https:\/\/www.bazarmerlin.com\/inicio\/wp-json\/wp\/v2\/media\/10244"}],"wp:attachment":[{"href":"https:\/\/www.bazarmerlin.com\/inicio\/wp-json\/wp\/v2\/media?parent=1562"}],"wp:term":[{"taxonomy":"product_cat","embeddable":true,"href":"https:\/\/www.bazarmerlin.com\/inicio\/wp-json\/wp\/v2\/product_cat?post=1562"},{"taxonomy":"product_tag","embeddable":true,"href":"https:\/\/www.bazarmerlin.com\/inicio\/wp-json\/wp\/v2\/product_tag?post=1562"}],"curies":[{"name":"wp","href":"https:\/\/api.w.org\/{rel}","templated":true}]}}