{"id":1568,"date":"2015-07-15T21:49:33","date_gmt":"2015-07-15T21:49:33","guid":{"rendered":"https:\/\/www.bazarmerlin.com\/inicio\/?post_type=product&#038;p=1568"},"modified":"2022-12-29T22:49:26","modified_gmt":"2022-12-29T22:49:26","slug":"esencia-magica-embeleso-para-atraer-y-amarrar","status":"publish","type":"product","link":"https:\/\/www.bazarmerlin.com\/inicio\/producto\/esencia-magica-embeleso-para-atraer-y-amarrar\/","title":{"rendered":"Esencia M\u00e1gica Embeleso &#8211; Para Atraer Y Amarrar"},"content":{"rendered":"<p><strong>ESENCIA M\u00c1GICA EMBELESO<\/strong><br \/>\n<strong>*PASI\u00d3N *SEXO *ATRACCI\u00d3N *DOMINIO<\/strong><\/p>\n<p>&nbsp;<\/p>\n<p>ESENCIA DE 10 M.L<\/p>\n<p>Especialmente preparado para dominar y atraer el amor<br \/>\nO TENER SUERTE CON EL HOMBRE QUE DESEAS.<\/p>\n<p>Aplicalo todos los d\u00edas y notar\u00e1s que SER\u00c1S IRRESISTIBLE ANTE TU PAREJA O ANTE LOS DEM\u00c1S HOMBRES<\/p>\n<p>APLICALO Y LOGRA ATRACCI\u00d3N<\/p>\n<p>ESENCIA M\u00c1GICA EMBELESO<br \/>\n*PASI\u00d3N *SEXO *ATRACCI\u00d3N *DOMINIO<\/p>\n<p>ESENCIA DE 10 M.L<\/p>\n<p>&nbsp;<\/p>\n<p>&nbsp;<\/p>\n<p><strong>BAZAR MERL\u00cdN<\/strong><br \/>\n<strong>El Lugar M\u00e1s M\u00edstico de Guadalajara<\/strong><br \/>\n<strong>ENVIAMOS A TODO M\u00c9XICO<\/strong><\/p>\n<!-- AddThis Advanced Settings generic via filter on the_content --><!-- AddThis Share Buttons generic via filter on the_content -->","protected":false},"excerpt":{"rendered":"<p>ESENCIA M\u00c1GICA EMBELESO *PASI\u00d3N *SEXO *ATRACCI\u00d3N *DOMINIO &nbsp; ESENCIA DE 10 M.L Especialmente preparado para dominar y atraer el amor O TENER SUERTE CON EL HOMBRE QUE DESEAS. Aplicalo todos los d\u00edas y notar\u00e1s que SER\u00c1S IRRESISTIBLE ANTE TU PAREJA O ANTE LOS DEM\u00c1S HOMBRES APLICALO Y LOGRA ATRACCI\u00d3N ESENCIA M\u00c1GICA EMBELESO *PASI\u00d3N *SEXO *ATRACCI\u00d3N&hellip;<!-- AddThis Advanced Settings generic via filter on get_the_excerpt --><!-- AddThis Share Buttons generic via filter on get_the_excerpt --><\/p>\n","protected":false},"featured_media":11290,"template":"","meta":[],"product_cat":[17],"product_tag":[973,974],"_links":{"self":[{"href":"https:\/\/www.bazarmerlin.com\/inicio\/wp-json\/wp\/v2\/product\/1568"}],"collection":[{"href":"https:\/\/www.bazarmerlin.com\/inicio\/wp-json\/wp\/v2\/product"}],"about":[{"href":"https:\/\/www.bazarmerlin.com\/inicio\/wp-json\/wp\/v2\/types\/product"}],"wp:featuredmedia":[{"embeddable":true,"href":"https:\/\/www.bazarmerlin.com\/inicio\/wp-json\/wp\/v2\/media\/11290"}],"wp:attachment":[{"href":"https:\/\/www.bazarmerlin.com\/inicio\/wp-json\/wp\/v2\/media?parent=1568"}],"wp:term":[{"taxonomy":"product_cat","embeddable":true,"href":"https:\/\/www.bazarmerlin.com\/inicio\/wp-json\/wp\/v2\/product_cat?post=1568"},{"taxonomy":"product_tag","embeddable":true,"href":"https:\/\/www.bazarmerlin.com\/inicio\/wp-json\/wp\/v2\/product_tag?post=1568"}],"curies":[{"name":"wp","href":"https:\/\/api.w.org\/{rel}","templated":true}]}}