{"id":1570,"date":"2015-07-15T21:52:02","date_gmt":"2015-07-15T21:52:02","guid":{"rendered":"https:\/\/www.bazarmerlin.com\/inicio\/?post_type=product&#038;p=1570"},"modified":"2022-11-29T00:05:27","modified_gmt":"2022-11-29T00:05:27","slug":"veladora-nido-del-pajaro-macua-buena-suerte","status":"publish","type":"product","link":"https:\/\/www.bazarmerlin.com\/inicio\/producto\/veladora-nido-del-pajaro-macua-buena-suerte\/","title":{"rendered":"Veladora Nido Del P\u00e1jaro Macu\u00e1 &#8211; Buena Suerte"},"content":{"rendered":"<p><strong>PODEROSA VELADORA NIDO DEL P\u00c1JARO MACUA.<\/strong><\/p>\n<p>&nbsp;<\/p>\n<p>Veladora Original De La Buena Suerte.<br \/>\nAtrae Para El Amor, Salud, Abundancia, Armon\u00eda Y Suerte En Todo.<\/p>\n<p>Esta Poderosa Veladora abre puertas y caminos por mas cerrados que este y mas mala suerte que tengas.<\/p>\n<p>Este maravillosa Veladora, preparado con el nido del P\u00e1jaro Macua, tiene el poder y el magnetismo de atraer a quien lo use: Amor, Dinero, Salud, Uni\u00f3n de Novios, Suerte y Prosperidad en todo negocio que emprenda. Cuenta la historia que esta m\u00edstica ave hace su nido en las alturas, donde adquiere todo el poder y la radiaciones positivas. Recuerde: \u201cSi sus penas quiere olvidar ponga el nido del p\u00e1jaro macua a trabajar.\u201d<\/p>\n<p>LA LEYENDAS DE ESTE MISTICO PAJARO.<\/p>\n<p>Una de las leyendas que rodea al P\u00e1jaro Macu\u00e1 cuenta que Cristo impresionado por la belleza de un Macu\u00e1 que vio sentado en la rama de un olivo en las monta\u00f1as de Galilea lo proclamo bendito sobre todos los dem\u00e1s.<\/p>\n<p>Cuenta la leyenda que fue el P\u00e1jaro Macu\u00e1 quien le quito al Se\u00f1or las espinas de la corona clavadas en su frente y as\u00ed gano un lugar muy especial en el coraz\u00f3n de Dios.<\/p>\n<p>La leyenda del P\u00e1jaro Macu\u00e1 vive a\u00fan hoy ya que muchos productos de alto poder esot\u00e9rico usan parte de su nido para hacer productos m\u00e1gicos cargados de alta energ\u00eda.<\/p>\n<p>Prende tu Veladora en Casa U Oficina As\u00ed Mismo Deja Que La Magia Y La Buena Suerte Te Siga A Todas Partes A Ti Y A Toda Tu Familia.<\/p>\n<p>&nbsp;<\/p>\n<p>&nbsp;<\/p>\n<p><strong>BAZAR MERLIN<\/strong><br \/>\n<strong>El Lugar M\u00e1s M\u00edstico de Guadalajara<\/strong><br \/>\n<strong>ENVIAMOS A TODO M\u00c9XICO<\/strong><\/p>\n<!-- AddThis Advanced Settings generic via filter on the_content --><!-- AddThis Share Buttons generic via filter on the_content -->","protected":false},"excerpt":{"rendered":"<p>PODEROSA VELADORA NIDO DEL P\u00c1JARO MACUA. &nbsp; Veladora Original De La Buena Suerte. Atrae Para El Amor, Salud, Abundancia, Armon\u00eda Y Suerte En Todo. Esta Poderosa Veladora abre puertas y caminos por mas cerrados que este y mas mala suerte que tengas. Este maravillosa Veladora, preparado con el nido del P\u00e1jaro Macua, tiene el poder&hellip;<!-- AddThis Advanced Settings generic via filter on get_the_excerpt --><!-- AddThis Share Buttons generic via filter on get_the_excerpt --><\/p>\n","protected":false},"featured_media":10846,"template":"","meta":[],"product_cat":[19],"product_tag":[130,975],"_links":{"self":[{"href":"https:\/\/www.bazarmerlin.com\/inicio\/wp-json\/wp\/v2\/product\/1570"}],"collection":[{"href":"https:\/\/www.bazarmerlin.com\/inicio\/wp-json\/wp\/v2\/product"}],"about":[{"href":"https:\/\/www.bazarmerlin.com\/inicio\/wp-json\/wp\/v2\/types\/product"}],"wp:featuredmedia":[{"embeddable":true,"href":"https:\/\/www.bazarmerlin.com\/inicio\/wp-json\/wp\/v2\/media\/10846"}],"wp:attachment":[{"href":"https:\/\/www.bazarmerlin.com\/inicio\/wp-json\/wp\/v2\/media?parent=1570"}],"wp:term":[{"taxonomy":"product_cat","embeddable":true,"href":"https:\/\/www.bazarmerlin.com\/inicio\/wp-json\/wp\/v2\/product_cat?post=1570"},{"taxonomy":"product_tag","embeddable":true,"href":"https:\/\/www.bazarmerlin.com\/inicio\/wp-json\/wp\/v2\/product_tag?post=1570"}],"curies":[{"name":"wp","href":"https:\/\/api.w.org\/{rel}","templated":true}]}}