{"id":1574,"date":"2015-07-15T21:56:24","date_gmt":"2015-07-15T21:56:24","guid":{"rendered":"https:\/\/www.bazarmerlin.com\/inicio\/?post_type=product&#038;p=1574"},"modified":"2022-12-07T23:18:37","modified_gmt":"2022-12-07T23:18:37","slug":"perfume-amor-ardiente-para-conquistar-hombres","status":"publish","type":"product","link":"https:\/\/www.bazarmerlin.com\/inicio\/producto\/perfume-amor-ardiente-para-conquistar-hombres\/","title":{"rendered":"Perfume Amor Ardiente Ellas &#8211; Para Conquistar Hombres"},"content":{"rendered":"<h3><strong>PERFUME AMOR ARDIENTE\u00a0<\/strong><\/h3>\n<p>&nbsp;<\/p>\n<p>\u00dasalo t\u00fa, conquistalo a \u00e9l<\/p>\n<p>Poderoso perfume que har\u00e1 m\u00e1s intensa la relaci\u00f3n con tu pareja y si no tienes pareja, \u00fasalo diariamente para enamorar al hombre que t\u00fa quieras<\/p>\n<p>Intensifica tu atractivo natural, eleva tu autoestima y buen humor, evoca en los dem\u00e1s simpat\u00eda, pasi\u00f3n y sensualidad<\/p>\n<p>&nbsp;<\/p>\n<p>&nbsp;<\/p>\n<p><strong>BAZAR MERLIN<\/strong><br \/>\n<strong>El Lugar M\u00e1s M\u00edstico de Guadalajara<\/strong><br \/>\n<strong>ENVIAMOS A TODO M\u00c9XICO\u2026<\/strong><\/p>\n<!-- AddThis Advanced Settings generic via filter on the_content --><!-- AddThis Share Buttons generic via filter on the_content -->","protected":false},"excerpt":{"rendered":"<p>PERFUME AMOR ARDIENTE\u00a0 &nbsp; \u00dasalo t\u00fa, conquistalo a \u00e9l Poderoso perfume que har\u00e1 m\u00e1s intensa la relaci\u00f3n con tu pareja y si no tienes pareja, \u00fasalo diariamente para enamorar al hombre que t\u00fa quieras Intensifica tu atractivo natural, eleva tu autoestima y buen humor, evoca en los dem\u00e1s simpat\u00eda, pasi\u00f3n y sensualidad &nbsp; &nbsp; BAZAR&hellip;<!-- AddThis Advanced Settings generic via filter on get_the_excerpt --><!-- AddThis Share Buttons generic via filter on get_the_excerpt --><\/p>\n","protected":false},"featured_media":11004,"template":"","meta":[],"product_cat":[20],"product_tag":[977,976],"_links":{"self":[{"href":"https:\/\/www.bazarmerlin.com\/inicio\/wp-json\/wp\/v2\/product\/1574"}],"collection":[{"href":"https:\/\/www.bazarmerlin.com\/inicio\/wp-json\/wp\/v2\/product"}],"about":[{"href":"https:\/\/www.bazarmerlin.com\/inicio\/wp-json\/wp\/v2\/types\/product"}],"wp:featuredmedia":[{"embeddable":true,"href":"https:\/\/www.bazarmerlin.com\/inicio\/wp-json\/wp\/v2\/media\/11004"}],"wp:attachment":[{"href":"https:\/\/www.bazarmerlin.com\/inicio\/wp-json\/wp\/v2\/media?parent=1574"}],"wp:term":[{"taxonomy":"product_cat","embeddable":true,"href":"https:\/\/www.bazarmerlin.com\/inicio\/wp-json\/wp\/v2\/product_cat?post=1574"},{"taxonomy":"product_tag","embeddable":true,"href":"https:\/\/www.bazarmerlin.com\/inicio\/wp-json\/wp\/v2\/product_tag?post=1574"}],"curies":[{"name":"wp","href":"https:\/\/api.w.org\/{rel}","templated":true}]}}