{"id":1585,"date":"2015-07-17T16:43:02","date_gmt":"2015-07-17T16:43:02","guid":{"rendered":"https:\/\/www.bazarmerlin.com\/inicio\/?post_type=product&#038;p=1585"},"modified":"2022-12-23T23:46:09","modified_gmt":"2022-12-23T23:46:09","slug":"santeria-la-religion-yoruba-y-sus-raices-en-cuba","status":"publish","type":"product","link":"https:\/\/www.bazarmerlin.com\/inicio\/producto\/santeria-la-religion-yoruba-y-sus-raices-en-cuba\/","title":{"rendered":"Santer\u00eda La Religi\u00f3n Yoruba Y Sus Ra\u00edces En Cuba"},"content":{"rendered":"<p>SANTER\u00cdA. LA RELIGI\u00d3N YORUBA Y<br \/>\nSUS RA\u00cdCES EN CUBA: CULTOS Y TRADICIONES<\/p>\n<p>Santeria la religion yoruba y sus raices en cuba: cultos y tradiciones En este libro podras entrar al mundo de la religion yoruba,asi como conocer sobre los cultos hacia sus dioses y sus tradiciones.<br \/>\npg.223<\/p>\n<p>BAZAR MERLIN<br \/>\nEl Lugar M\u00e1s M\u00edstico de Guadalajara<br \/>\nENVIAMOS A TODO M\u00c9XICO<\/p>\n<!-- AddThis Advanced Settings generic via filter on the_content --><!-- AddThis Share Buttons generic via filter on the_content -->","protected":false},"excerpt":{"rendered":"<p>SANTER\u00cdA. LA RELIGI\u00d3N YORUBA Y SUS RA\u00cdCES EN CUBA: CULTOS Y TRADICIONES Santeria la religion yoruba y sus raices en cuba: cultos y tradiciones En este libro podras entrar al mundo de la religion yoruba,asi como conocer sobre los cultos hacia sus dioses y sus tradiciones. pg.223 BAZAR MERLIN El Lugar M\u00e1s M\u00edstico de Guadalajara&hellip;<!-- AddThis Advanced Settings generic via filter on get_the_excerpt --><!-- AddThis Share Buttons generic via filter on get_the_excerpt --><\/p>\n","protected":false},"featured_media":11238,"template":"","meta":[],"product_cat":[13],"product_tag":[982],"_links":{"self":[{"href":"https:\/\/www.bazarmerlin.com\/inicio\/wp-json\/wp\/v2\/product\/1585"}],"collection":[{"href":"https:\/\/www.bazarmerlin.com\/inicio\/wp-json\/wp\/v2\/product"}],"about":[{"href":"https:\/\/www.bazarmerlin.com\/inicio\/wp-json\/wp\/v2\/types\/product"}],"wp:featuredmedia":[{"embeddable":true,"href":"https:\/\/www.bazarmerlin.com\/inicio\/wp-json\/wp\/v2\/media\/11238"}],"wp:attachment":[{"href":"https:\/\/www.bazarmerlin.com\/inicio\/wp-json\/wp\/v2\/media?parent=1585"}],"wp:term":[{"taxonomy":"product_cat","embeddable":true,"href":"https:\/\/www.bazarmerlin.com\/inicio\/wp-json\/wp\/v2\/product_cat?post=1585"},{"taxonomy":"product_tag","embeddable":true,"href":"https:\/\/www.bazarmerlin.com\/inicio\/wp-json\/wp\/v2\/product_tag?post=1585"}],"curies":[{"name":"wp","href":"https:\/\/api.w.org\/{rel}","templated":true}]}}