{"id":1589,"date":"2015-07-17T16:52:53","date_gmt":"2015-07-17T16:52:53","guid":{"rendered":"https:\/\/www.bazarmerlin.com\/inicio\/?post_type=product&#038;p=1589"},"modified":"2022-12-10T00:50:10","modified_gmt":"2022-12-10T00:50:10","slug":"perfume-rosas-y-canela-amor-proteccion-y-dinero","status":"publish","type":"product","link":"https:\/\/www.bazarmerlin.com\/inicio\/producto\/perfume-rosas-y-canela-amor-proteccion-y-dinero\/","title":{"rendered":"Perfume Rosas Y Canela &#8211; Amor, Protecci\u00f3n Y Dinero"},"content":{"rendered":"<h3><strong>PERFUME ROSAS Y CANELA<\/strong><br \/>\n<strong>Amor, Prosperidad y Buena Suerte<\/strong><\/h3>\n<p>&nbsp;<\/p>\n<p>LA CANELA nos es \u00fatil para contrarrestar cualquier influencia negativa, aumenta la energ\u00eda del cuerpo f\u00edsico y ps\u00edquico y la seguridad en nosotros; permitiendo as\u00ed, que la econom\u00eda se vea favorecida y los negocios florezcan, incrementando los clientes y atrayendo \u00e9xito en cualquier negocio o empresa que comience. Tambi\u00e9n nos otorga suerte en juegos de azar y nos ayuda a tomar decisiones correctas.<\/p>\n<p>LAS ROSAS, son el amuleto atrayente del amor por excelencia, ya que es el m\u00e1s poderoso. Su esencia es capaz de atraer al sexo opuesto, equilibrar los chakras, aumentar el autoestima y el carisma personal, as\u00ed como de disolver de forma eficaz los problemas con la pareja.<\/p>\n<p>Su aroma evoca armon\u00eda y felicidad al instante; por tanto, se recomienda a aquellas personas que deseen tener pareja, incrementar su c\u00edrculo social o simpatizar con sus clientes.<\/p>\n<p>&nbsp;<\/p>\n<p>&nbsp;<\/p>\n<p><strong>BAZAR MERLIN<\/strong><br \/>\n<strong>El Lugar M\u00e1s M\u00edstico de Guadalajara<\/strong><br \/>\n<strong>ENVIAMOS A TODO M\u00c9XICO<\/strong><\/p>\n<!-- AddThis Advanced Settings generic via filter on the_content --><!-- AddThis Share Buttons generic via filter on the_content -->","protected":false},"excerpt":{"rendered":"<p>PERFUME ROSAS Y CANELA Amor, Prosperidad y Buena Suerte &nbsp; LA CANELA nos es \u00fatil para contrarrestar cualquier influencia negativa, aumenta la energ\u00eda del cuerpo f\u00edsico y ps\u00edquico y la seguridad en nosotros; permitiendo as\u00ed, que la econom\u00eda se vea favorecida y los negocios florezcan, incrementando los clientes y atrayendo \u00e9xito en cualquier negocio o&hellip;<!-- AddThis Advanced Settings generic via filter on get_the_excerpt --><!-- AddThis Share Buttons generic via filter on get_the_excerpt --><\/p>\n","protected":false},"featured_media":11044,"template":"","meta":[],"product_cat":[20],"product_tag":[56,984,869],"_links":{"self":[{"href":"https:\/\/www.bazarmerlin.com\/inicio\/wp-json\/wp\/v2\/product\/1589"}],"collection":[{"href":"https:\/\/www.bazarmerlin.com\/inicio\/wp-json\/wp\/v2\/product"}],"about":[{"href":"https:\/\/www.bazarmerlin.com\/inicio\/wp-json\/wp\/v2\/types\/product"}],"wp:featuredmedia":[{"embeddable":true,"href":"https:\/\/www.bazarmerlin.com\/inicio\/wp-json\/wp\/v2\/media\/11044"}],"wp:attachment":[{"href":"https:\/\/www.bazarmerlin.com\/inicio\/wp-json\/wp\/v2\/media?parent=1589"}],"wp:term":[{"taxonomy":"product_cat","embeddable":true,"href":"https:\/\/www.bazarmerlin.com\/inicio\/wp-json\/wp\/v2\/product_cat?post=1589"},{"taxonomy":"product_tag","embeddable":true,"href":"https:\/\/www.bazarmerlin.com\/inicio\/wp-json\/wp\/v2\/product_tag?post=1589"}],"curies":[{"name":"wp","href":"https:\/\/api.w.org\/{rel}","templated":true}]}}