{"id":1593,"date":"2015-07-17T16:57:16","date_gmt":"2015-07-17T16:57:16","guid":{"rendered":"https:\/\/www.bazarmerlin.com\/inicio\/?post_type=product&#038;p=1593"},"modified":"2022-12-20T00:17:57","modified_gmt":"2022-12-20T00:17:57","slug":"la-biblia-de-los-hechizos-hechizos-y-encantamientos","status":"publish","type":"product","link":"https:\/\/www.bazarmerlin.com\/inicio\/producto\/la-biblia-de-los-hechizos-hechizos-y-encantamientos\/","title":{"rendered":"La Biblia De Los Hechizos &#8211; Hechizos Y Encantamientos"},"content":{"rendered":"<p><strong>LA BIBLIA DE LOS HECHIZOS <\/strong><br \/>\n<strong>HECHIZOS Y ENCANTAMIENTOS<\/strong><\/p>\n<p>&nbsp;<\/p>\n<p>La Biblia de los hechizos es una valiosa y completa gu\u00eda de hechicer\u00eda pr\u00e1ctica. En ella encontrar\u00e1s ciento cincuenta conjuros destinados a mejorar tu vida y las circunstancias que te rodean. Trabajar con la magia natural y conocerla te ayudar\u00e1 a favorecer tu suerte, tu salud, tu vida profesional y tu situaci\u00f3n familiar, \u00a1especialmente tu relaci\u00f3n de pareja! Por medio de detalladas explicaciones, La Biblia de los hechizos no s\u00f3lo te introduce en el arte de la magia, sino que te ofrece una amplia variedad de hechizos y talismanes tradicionales que resultan absolutamente relevantes para la vida moderna.<\/p>\n<p>&nbsp;<\/p>\n<p>&nbsp;<\/p>\n<p><strong>BAZAR MERLIN<\/strong><br \/>\n<strong>El Lugar M\u00e1s M\u00edstico de Guadalajara<\/strong><br \/>\n<strong>ENVIAMOS A TODO M\u00c9XICO<\/strong><\/p>\n<!-- AddThis Advanced Settings generic via filter on the_content --><!-- AddThis Share Buttons generic via filter on the_content -->","protected":false},"excerpt":{"rendered":"<p>LA BIBLIA DE LOS HECHIZOS HECHIZOS Y ENCANTAMIENTOS &nbsp; La Biblia de los hechizos es una valiosa y completa gu\u00eda de hechicer\u00eda pr\u00e1ctica. En ella encontrar\u00e1s ciento cincuenta conjuros destinados a mejorar tu vida y las circunstancias que te rodean. Trabajar con la magia natural y conocerla te ayudar\u00e1 a favorecer tu suerte, tu salud,&hellip;<!-- AddThis Advanced Settings generic via filter on get_the_excerpt --><!-- AddThis Share Buttons generic via filter on get_the_excerpt --><\/p>\n","protected":false},"featured_media":11164,"template":"","meta":[],"product_cat":[13],"product_tag":[986,985],"_links":{"self":[{"href":"https:\/\/www.bazarmerlin.com\/inicio\/wp-json\/wp\/v2\/product\/1593"}],"collection":[{"href":"https:\/\/www.bazarmerlin.com\/inicio\/wp-json\/wp\/v2\/product"}],"about":[{"href":"https:\/\/www.bazarmerlin.com\/inicio\/wp-json\/wp\/v2\/types\/product"}],"wp:featuredmedia":[{"embeddable":true,"href":"https:\/\/www.bazarmerlin.com\/inicio\/wp-json\/wp\/v2\/media\/11164"}],"wp:attachment":[{"href":"https:\/\/www.bazarmerlin.com\/inicio\/wp-json\/wp\/v2\/media?parent=1593"}],"wp:term":[{"taxonomy":"product_cat","embeddable":true,"href":"https:\/\/www.bazarmerlin.com\/inicio\/wp-json\/wp\/v2\/product_cat?post=1593"},{"taxonomy":"product_tag","embeddable":true,"href":"https:\/\/www.bazarmerlin.com\/inicio\/wp-json\/wp\/v2\/product_tag?post=1593"}],"curies":[{"name":"wp","href":"https:\/\/api.w.org\/{rel}","templated":true}]}}