{"id":1595,"date":"2015-07-17T17:00:17","date_gmt":"2015-07-17T17:00:17","guid":{"rendered":"https:\/\/www.bazarmerlin.com\/inicio\/?post_type=product&#038;p=1595"},"modified":"2022-12-16T22:35:54","modified_gmt":"2022-12-16T22:35:54","slug":"velon-abre-camino-coco-vainilla-y-guayaba-2","status":"publish","type":"product","link":"https:\/\/www.bazarmerlin.com\/inicio\/producto\/velon-abre-camino-coco-vainilla-y-guayaba-2\/","title":{"rendered":"Vel\u00f3n Abre Camino &#8211; Quita Estorbos De Tu Vida"},"content":{"rendered":"<p><b>VEL\u00d3N<\/b><strong>\u00a0ABRE CAMINO<\/strong><\/p>\n<p>&nbsp;<\/p>\n<p>ATRAE DINERO, SUERTE, SALUD, Y ABRE CUALQUIER CAMINO.<\/p>\n<p>Especial para abrir los caminos hacia EL EXITO, FELICIDAD, DINERO, TRABAJO, ABUNDANCIA Y DICHA, utilizala con mucha f\u00e9. No te fallar\u00e1!<\/p>\n<p>CORTA DE INMEDIATO LA MALA SUERTE Y EMPRENDE CAMINO HACIA EL \u00c9XITO.<\/p>\n<p>DESBLOQUEA DE INMEDIATO CUALQUIER CAMINO.<\/p>\n<p>Sirve para desbloquear problemas que parec\u00edan estancados y sin soluci\u00f3n posible.<br \/>\nProporciona un cambio que nos abre una nueva visi\u00f3n y vemos el camino libre donde antes no eramos capaces de percibirlo.<\/p>\n<p>Esta veladora es capaz de cambiar a la persona si es necesario para su apertura de nuevos caminos.<\/p>\n<p>&nbsp;<\/p>\n<p>&nbsp;<\/p>\n<p><strong>BAZAR MERLIN<\/strong><br \/>\n<strong>El Lugar M\u00e1s M\u00edstico de Guadalajara<\/strong><br \/>\n<strong>ENVIAMOS A TODO M\u00c9XICO<\/strong><\/p>\n<!-- AddThis Advanced Settings generic via filter on the_content --><!-- AddThis Share Buttons generic via filter on the_content -->","protected":false},"excerpt":{"rendered":"<p>VEL\u00d3N\u00a0ABRE CAMINO &nbsp; ATRAE DINERO, SUERTE, SALUD, Y ABRE CUALQUIER CAMINO. Especial para abrir los caminos hacia EL EXITO, FELICIDAD, DINERO, TRABAJO, ABUNDANCIA Y DICHA, utilizala con mucha f\u00e9. No te fallar\u00e1! CORTA DE INMEDIATO LA MALA SUERTE Y EMPRENDE CAMINO HACIA EL \u00c9XITO. DESBLOQUEA DE INMEDIATO CUALQUIER CAMINO. Sirve para desbloquear problemas que parec\u00edan&hellip;<!-- AddThis Advanced Settings generic via filter on get_the_excerpt --><!-- AddThis Share Buttons generic via filter on get_the_excerpt --><\/p>\n","protected":false},"featured_media":10964,"template":"","meta":[],"product_cat":[19],"product_tag":[988,987],"_links":{"self":[{"href":"https:\/\/www.bazarmerlin.com\/inicio\/wp-json\/wp\/v2\/product\/1595"}],"collection":[{"href":"https:\/\/www.bazarmerlin.com\/inicio\/wp-json\/wp\/v2\/product"}],"about":[{"href":"https:\/\/www.bazarmerlin.com\/inicio\/wp-json\/wp\/v2\/types\/product"}],"wp:featuredmedia":[{"embeddable":true,"href":"https:\/\/www.bazarmerlin.com\/inicio\/wp-json\/wp\/v2\/media\/10964"}],"wp:attachment":[{"href":"https:\/\/www.bazarmerlin.com\/inicio\/wp-json\/wp\/v2\/media?parent=1595"}],"wp:term":[{"taxonomy":"product_cat","embeddable":true,"href":"https:\/\/www.bazarmerlin.com\/inicio\/wp-json\/wp\/v2\/product_cat?post=1595"},{"taxonomy":"product_tag","embeddable":true,"href":"https:\/\/www.bazarmerlin.com\/inicio\/wp-json\/wp\/v2\/product_tag?post=1595"}],"curies":[{"name":"wp","href":"https:\/\/api.w.org\/{rel}","templated":true}]}}