{"id":1597,"date":"2015-07-17T17:02:21","date_gmt":"2015-07-17T17:02:21","guid":{"rendered":"https:\/\/www.bazarmerlin.com\/inicio\/?post_type=product&#038;p=1597"},"modified":"2022-10-03T21:29:50","modified_gmt":"2022-10-03T21:29:50","slug":"jabon-contra-envidias-te-protege-de-enemigos","status":"publish","type":"product","link":"https:\/\/www.bazarmerlin.com\/inicio\/producto\/jabon-contra-envidias-te-protege-de-enemigos\/","title":{"rendered":"Jabon Contra Envidias &#8211; Te Protege De Enemigos"},"content":{"rendered":"<p><strong>JAB\u00d3N CONTRA ENVIDIAS &#8211;<\/strong><br \/>\n<strong>TE PROTEGE DE ENEMIGOS<\/strong><\/p>\n<p>&nbsp;<\/p>\n<p>&#8211; Este poderoso jab\u00f3n aleja las malas Vibraciones, Envidias y<br \/>\nte protege de enemigos.<\/p>\n<p>&#8211; Limpia tu Campo Aurico, atrayendo oportunidades, \u00e9xito y abrirte caminos.<\/p>\n<p>&#8211; Util\u00edzalo todos los d\u00edas, como jab\u00f3n normal y obtendr\u00e1s en tu vida triunfo,<br \/>\nfortuna y protecci\u00f3n.<\/p>\n<p>Para mejorar resultados se recomienda usar loci\u00f3n contra envidias<br \/>\ndespu\u00e9s de usar este producto.<\/p>\n<p>&nbsp;<\/p>\n<p>&nbsp;<\/p>\n<p><strong>BAZAR MERL\u00cdN<\/strong><br \/>\n<strong>El Lugar M\u00e1s M\u00edstico de Guadalajara<\/strong><br \/>\n<strong>ENVIAMOS A TODO M\u00c9XICO&#8230;<\/strong><\/p>\n<!-- AddThis Advanced Settings generic via filter on the_content --><!-- AddThis Share Buttons generic via filter on the_content -->","protected":false},"excerpt":{"rendered":"<p>JAB\u00d3N CONTRA ENVIDIAS &#8211; TE PROTEGE DE ENEMIGOS &nbsp; &#8211; Este poderoso jab\u00f3n aleja las malas Vibraciones, Envidias y te protege de enemigos. &#8211; Limpia tu Campo Aurico, atrayendo oportunidades, \u00e9xito y abrirte caminos. &#8211; Util\u00edzalo todos los d\u00edas, como jab\u00f3n normal y obtendr\u00e1s en tu vida triunfo, fortuna y protecci\u00f3n. Para mejorar resultados se&hellip;<!-- AddThis Advanced Settings generic via filter on get_the_excerpt --><!-- AddThis Share Buttons generic via filter on get_the_excerpt --><\/p>\n","protected":false},"featured_media":10224,"template":"","meta":[],"product_cat":[14],"product_tag":[989,990],"_links":{"self":[{"href":"https:\/\/www.bazarmerlin.com\/inicio\/wp-json\/wp\/v2\/product\/1597"}],"collection":[{"href":"https:\/\/www.bazarmerlin.com\/inicio\/wp-json\/wp\/v2\/product"}],"about":[{"href":"https:\/\/www.bazarmerlin.com\/inicio\/wp-json\/wp\/v2\/types\/product"}],"wp:featuredmedia":[{"embeddable":true,"href":"https:\/\/www.bazarmerlin.com\/inicio\/wp-json\/wp\/v2\/media\/10224"}],"wp:attachment":[{"href":"https:\/\/www.bazarmerlin.com\/inicio\/wp-json\/wp\/v2\/media?parent=1597"}],"wp:term":[{"taxonomy":"product_cat","embeddable":true,"href":"https:\/\/www.bazarmerlin.com\/inicio\/wp-json\/wp\/v2\/product_cat?post=1597"},{"taxonomy":"product_tag","embeddable":true,"href":"https:\/\/www.bazarmerlin.com\/inicio\/wp-json\/wp\/v2\/product_tag?post=1597"}],"curies":[{"name":"wp","href":"https:\/\/api.w.org\/{rel}","templated":true}]}}