{"id":1604,"date":"2015-07-17T17:12:47","date_gmt":"2015-07-17T17:12:47","guid":{"rendered":"https:\/\/www.bazarmerlin.com\/inicio\/?post_type=product&#038;p=1604"},"modified":"2022-12-08T22:43:06","modified_gmt":"2022-12-08T22:43:06","slug":"perfume-eleggua-original-con-talisman-de-las-7-herramientas","status":"publish","type":"product","link":"https:\/\/www.bazarmerlin.com\/inicio\/producto\/perfume-eleggua-original-con-talisman-de-las-7-herramientas\/","title":{"rendered":"Perfume Eleggua Original Con Talisman De Las 7 Herramientas"},"content":{"rendered":"<h3><strong>Poderoso Perfume De Eleggua.<\/strong><br \/>\n<strong>Incluye Poderoso Talism\u00e1n Cubano De Eleggua.<\/strong><\/h3>\n<p>&nbsp;<\/p>\n<p>Este poderoso perfume esta elaborado a mano junto varios s\u00edmbolos cabal\u00edsticos y rituales capaces de atraer la suerte y protecci\u00f3n de manera inmediata al usar el perfume y el dije juntos los cuales fueron reunidos un talism\u00e1n bellamente confeccionado por un babalawo llamado marabaki, es el nombre de un guerrero muy poderoso dentro de la paler\u00eda y el candomble.<\/p>\n<p>Asi mismo un perfume elaborado con los mas finos aceites, plantas y omieros cubanos que dan ese toque fresco pero atrayente al \u00e9xito en todo lo que emprendas.<\/p>\n<p>Este poderoso dije o herramienta se escoge bajo tu fecha de nacimiento para que sea el eleggua correcto a tu cuerpo y energ\u00eda.<\/p>\n<p>El talism\u00e1n ya viene preparado desde cuba en el cual se hace un ritual invocado y orando a las deidades africanas. Usa el perfume antes de salir de tu casa u oficina as\u00ed mismo \u00fantale a tu talism\u00e1n el cual llevaras siempre contigo y deja que la magia y la buena suerte te siga a todas partes a ti y a toda tu familia.<\/p>\n<p>Ideal para cualquier persona:<\/p>\n<p>*Los que no ganan en juegos de azar.<br \/>\n*Abrir caminos en todo lo que emprendas.<br \/>\n*Para los que no consiguen trabajo.<br \/>\n*Para comprar o obtener ese cr\u00e9dito tan anhelado.<br \/>\n*Para que llegue la fortuna y \u00e9xito a ti.<br \/>\n*Para los que quieren vender m\u00e1s en su negocio. (aplicarlo dentro de donde guardes tu dinero y veras como atrae m\u00e1s dinero y clientes)<br \/>\n*Atraer amor, dinero, salud, protecci\u00f3n, alejar da\u00f1os y accidentes.<\/p>\n<p>Su poderoso talism\u00e1n que abre puertas y caminos por mas cerrados que este y mas mala suerte que tengas.<\/p>\n<p>&nbsp;<\/p>\n<p>&nbsp;<\/p>\n<p><strong>BAZAR MERLIN\u00ae<\/strong><br \/>\n<strong>El Lugar M\u00e1s M\u00edstico de Guadalajara<\/strong><br \/>\n<strong>ENVIAMOS A TODO M\u00c9XICO\u2026<\/strong><\/p>\n<!-- AddThis Advanced Settings generic via filter on the_content --><!-- AddThis Share Buttons generic via filter on the_content -->","protected":false},"excerpt":{"rendered":"<p>Poderoso Perfume De Eleggua. Incluye Poderoso Talism\u00e1n Cubano De Eleggua. &nbsp; Este poderoso perfume esta elaborado a mano junto varios s\u00edmbolos cabal\u00edsticos y rituales capaces de atraer la suerte y protecci\u00f3n de manera inmediata al usar el perfume y el dije juntos los cuales fueron reunidos un talism\u00e1n bellamente confeccionado por un babalawo llamado marabaki,&hellip;<!-- AddThis Advanced Settings generic via filter on get_the_excerpt --><!-- AddThis Share Buttons generic via filter on get_the_excerpt --><\/p>\n","protected":false},"featured_media":11023,"template":"","meta":[],"product_cat":[20],"product_tag":[993],"_links":{"self":[{"href":"https:\/\/www.bazarmerlin.com\/inicio\/wp-json\/wp\/v2\/product\/1604"}],"collection":[{"href":"https:\/\/www.bazarmerlin.com\/inicio\/wp-json\/wp\/v2\/product"}],"about":[{"href":"https:\/\/www.bazarmerlin.com\/inicio\/wp-json\/wp\/v2\/types\/product"}],"wp:featuredmedia":[{"embeddable":true,"href":"https:\/\/www.bazarmerlin.com\/inicio\/wp-json\/wp\/v2\/media\/11023"}],"wp:attachment":[{"href":"https:\/\/www.bazarmerlin.com\/inicio\/wp-json\/wp\/v2\/media?parent=1604"}],"wp:term":[{"taxonomy":"product_cat","embeddable":true,"href":"https:\/\/www.bazarmerlin.com\/inicio\/wp-json\/wp\/v2\/product_cat?post=1604"},{"taxonomy":"product_tag","embeddable":true,"href":"https:\/\/www.bazarmerlin.com\/inicio\/wp-json\/wp\/v2\/product_tag?post=1604"}],"curies":[{"name":"wp","href":"https:\/\/api.w.org\/{rel}","templated":true}]}}