{"id":1612,"date":"2015-07-17T17:24:02","date_gmt":"2015-07-17T17:24:02","guid":{"rendered":"https:\/\/www.bazarmerlin.com\/inicio\/?post_type=product&#038;p=1612"},"modified":"2025-11-16T05:13:21","modified_gmt":"2025-11-16T05:13:21","slug":"legitima-locion-7-veces-reversible-revierte-todo-dano","status":"publish","type":"product","link":"https:\/\/www.bazarmerlin.com\/inicio\/producto\/legitima-locion-7-veces-reversible-revierte-todo-dano\/","title":{"rendered":"Legitima Loci\u00f3n 7 Veces Reversible &#8211; Revierte Todo Da\u00f1o"},"content":{"rendered":"<p><strong>LOCI\u00d3N 7 VECES REVERSIBLE.<\/strong><\/p>\n<p>&nbsp;<\/p>\n<p>*QUITA TODO LO MALO DE TU CASA O NEGOCIO CON ESTA FORMULA PODEROSA.<\/p>\n<p>Forma de uso:<\/p>\n<p>Trapea o riega con esta loci\u00f3n de adentro hac\u00eda afuera para retirar toda clase de embrujo, hechizos, envidias, mala suerte, mala fortuna y vibras negativas. Para que logres la armon\u00eda en tu casa.<\/p>\n<p>Ya que tu la adquieres v\u00eda telef\u00f3nica te daremos indicaciones de como usarla.<\/p>\n<p>&nbsp;<\/p>\n<p>&nbsp;<\/p>\n<p><strong>BAZAR\u00a0<\/strong><b>MERL\u00cdN<\/b><br \/>\n<strong>El Lugar M\u00e1s M\u00edstico de Guadalajara<\/strong><br \/>\n<strong>ENVIAMOS A TODO M\u00c9XICO<\/strong><\/p>\n<!-- AddThis Advanced Settings generic via filter on the_content --><!-- AddThis Share Buttons generic via filter on the_content -->","protected":false},"excerpt":{"rendered":"<p>LOCI\u00d3N 7 VECES REVERSIBLE. &nbsp; *QUITA TODO LO MALO DE TU CASA O NEGOCIO CON ESTA FORMULA PODEROSA. Forma de uso: Trapea o riega con esta loci\u00f3n de adentro hac\u00eda afuera para retirar toda clase de embrujo, hechizos, envidias, mala suerte, mala fortuna y vibras negativas. Para que logres la armon\u00eda en tu casa. Ya&hellip;<!-- AddThis Advanced Settings generic via filter on get_the_excerpt --><!-- AddThis Share Buttons generic via filter on get_the_excerpt --><\/p>\n","protected":false},"featured_media":10938,"template":"","meta":[],"product_cat":[20],"product_tag":[999,1000],"_links":{"self":[{"href":"https:\/\/www.bazarmerlin.com\/inicio\/wp-json\/wp\/v2\/product\/1612"}],"collection":[{"href":"https:\/\/www.bazarmerlin.com\/inicio\/wp-json\/wp\/v2\/product"}],"about":[{"href":"https:\/\/www.bazarmerlin.com\/inicio\/wp-json\/wp\/v2\/types\/product"}],"wp:featuredmedia":[{"embeddable":true,"href":"https:\/\/www.bazarmerlin.com\/inicio\/wp-json\/wp\/v2\/media\/10938"}],"wp:attachment":[{"href":"https:\/\/www.bazarmerlin.com\/inicio\/wp-json\/wp\/v2\/media?parent=1612"}],"wp:term":[{"taxonomy":"product_cat","embeddable":true,"href":"https:\/\/www.bazarmerlin.com\/inicio\/wp-json\/wp\/v2\/product_cat?post=1612"},{"taxonomy":"product_tag","embeddable":true,"href":"https:\/\/www.bazarmerlin.com\/inicio\/wp-json\/wp\/v2\/product_tag?post=1612"}],"curies":[{"name":"wp","href":"https:\/\/api.w.org\/{rel}","templated":true}]}}