{"id":1618,"date":"2015-07-17T17:31:15","date_gmt":"2015-07-17T17:31:15","guid":{"rendered":"https:\/\/www.bazarmerlin.com\/inicio\/?post_type=product&#038;p=1618"},"modified":"2022-11-25T22:53:45","modified_gmt":"2022-11-25T22:53:45","slug":"veladora-compuesta-contra-danos-casa-negocio-y-persona","status":"publish","type":"product","link":"https:\/\/www.bazarmerlin.com\/inicio\/producto\/veladora-compuesta-contra-danos-casa-negocio-y-persona\/","title":{"rendered":"Veladora Compuesta Contra Da\u00f1os &#8211; Casa, Negocio Y Persona"},"content":{"rendered":"<p><strong>VELADORA COMPUESTA CONTRA DANOS<\/strong><\/p>\n<p>&nbsp;<\/p>\n<p>Esta elaborada con esencias m\u00edsticas especialmente para cortar de tajo cualquier trabajo negro.<br \/>\nA base de hierbas se han creado espec\u00edficamente para cada vela.<\/p>\n<p>IDEAL PARA OBTENER FORTUNA, ROMPE MALES, MALDICIONES, CONJUROS BRUJER\u00cdAS Y ENERG\u00cdAS NEGATIVAS.<\/p>\n<p>Esta veladora se utiliza para PESARES, MALES, FRACASOS, ODIOS, ENVIDIAS Y ENFERMEDADES con la fuerza de esta veladora retirara los da\u00f1os ocasionados por sus enemigos y PROTEGER\u00c1 a la vez A SU FAMILIA.<\/p>\n<p>Nuestras materias primas de alta calidad y su preparaci\u00f3n energ\u00e9tica se han asegurado de que nuestras velas obtienen resultados excepcionalmente positivos y r\u00e1pidos. Contamos con m\u00e1s de 300 variedades que tocan en todas las<br \/>\nsituaciones de la vida, tales como ENERG\u00cdA LIMPIA, ABRE CAMINOS, SUERTE, DISTANCIA RELACIONES NEGATIVAS, ATRAER RELACIONES POSITIVAS, AMOR, NEGOCIOS, DINERO, EMPLEO, EX\u00c1MENES, ESTUDIOS, PROTECCI\u00d3N, TERAPIAS ALTERNATIVAS, SALUD.<\/p>\n<p>L\u00cdBRATE DE TODAS ESTAS MOLESTIAS PURIFICANDOTE A TI YA TU CASA O TRABAJO.<\/p>\n<p>ORACI\u00d3N:<br \/>\nYO TE SUPLICO JESUS AMOROSO, DUE\u00d1O DE LA SALUD QUE POR LA VIRTUD DE TU SANTO NOMBRE Y POR LA EFICACIA DE ESTE JAB\u00d3N, ME LIBERES DE LOS DOLORES Y TRIBULACIONES QUE ME ATORMENTAN TE PIDO QUE BENDIGAS ESTE RECINTO YA TODOS LOS QUE EN EL HABITAMOS D\u00c1NDONOS SALUD, SUERTE Y PROTECCI\u00d3N CONTRA TODO MAL. AMEN.<\/p>\n<p>&nbsp;<\/p>\n<p>&nbsp;<\/p>\n<p>&nbsp;<\/p>\n<p><strong>BAZAR MERL\u00cdN<\/strong><br \/>\n<strong>El Lugar M\u00e1s M\u00edstico de Guadalajara<\/strong><br \/>\n<strong>ENVIAMOS A TODO M\u00c9XICO\u2026<\/strong><\/p>\n<!-- AddThis Advanced Settings generic via filter on the_content --><!-- AddThis Share Buttons generic via filter on the_content -->","protected":false},"excerpt":{"rendered":"<p>VELADORA COMPUESTA CONTRA DANOS &nbsp; Esta elaborada con esencias m\u00edsticas especialmente para cortar de tajo cualquier trabajo negro. A base de hierbas se han creado espec\u00edficamente para cada vela. IDEAL PARA OBTENER FORTUNA, ROMPE MALES, MALDICIONES, CONJUROS BRUJER\u00cdAS Y ENERG\u00cdAS NEGATIVAS. Esta veladora se utiliza para PESARES, MALES, FRACASOS, ODIOS, ENVIDIAS Y ENFERMEDADES con la&hellip;<!-- AddThis Advanced Settings generic via filter on get_the_excerpt --><!-- AddThis Share Buttons generic via filter on get_the_excerpt --><\/p>\n","protected":false},"featured_media":10829,"template":"","meta":[],"product_cat":[19],"product_tag":[1007,1008,1006],"_links":{"self":[{"href":"https:\/\/www.bazarmerlin.com\/inicio\/wp-json\/wp\/v2\/product\/1618"}],"collection":[{"href":"https:\/\/www.bazarmerlin.com\/inicio\/wp-json\/wp\/v2\/product"}],"about":[{"href":"https:\/\/www.bazarmerlin.com\/inicio\/wp-json\/wp\/v2\/types\/product"}],"wp:featuredmedia":[{"embeddable":true,"href":"https:\/\/www.bazarmerlin.com\/inicio\/wp-json\/wp\/v2\/media\/10829"}],"wp:attachment":[{"href":"https:\/\/www.bazarmerlin.com\/inicio\/wp-json\/wp\/v2\/media?parent=1618"}],"wp:term":[{"taxonomy":"product_cat","embeddable":true,"href":"https:\/\/www.bazarmerlin.com\/inicio\/wp-json\/wp\/v2\/product_cat?post=1618"},{"taxonomy":"product_tag","embeddable":true,"href":"https:\/\/www.bazarmerlin.com\/inicio\/wp-json\/wp\/v2\/product_tag?post=1618"}],"curies":[{"name":"wp","href":"https:\/\/api.w.org\/{rel}","templated":true}]}}