{"id":1622,"date":"2015-07-17T17:35:25","date_gmt":"2015-07-17T17:35:25","guid":{"rendered":"https:\/\/www.bazarmerlin.com\/inicio\/?post_type=product&#038;p=1622"},"modified":"2023-01-11T22:27:55","modified_gmt":"2023-01-11T22:27:55","slug":"incienso-astral-7x7-limpia-y-destruye-trabajos-de-magia","status":"publish","type":"product","link":"https:\/\/www.bazarmerlin.com\/inicio\/producto\/incienso-astral-7x7-limpia-y-destruye-trabajos-de-magia\/","title":{"rendered":"Incienso Astral 7 x 7 &#8211; Limpia Y Destruye Trabajos De Magia"},"content":{"rendered":"<p><strong>INCIENSO ASTRAL 7 X 7<\/strong><br \/>\n<strong>LIMPIA Y DESTRUYE TRABAJOS DE MAGIA<\/strong><\/p>\n<p>&nbsp;<\/p>\n<p>Este incienso m\u00edstico\u00a0 7\u00d77 cuida de los miembros de la familia, de su salud y de la estabilidad econ\u00f3mica. Si se coloca en la oficina o en el lugar de trabajo evita los problemas y trae tranquilidad.<\/p>\n<p>El incienso Astral 7\u00d77 contra todo es un incienso natural con un agradable aroma que sirve especialmente para la limpieza y protecci\u00f3n, adem\u00e1s de la realizaci\u00f3n de peticiones y limpiezas de malas energ\u00edas.<\/p>\n<p>Este incienso sirve para atraer las buenas energ\u00edas y protegernos del mal de ojo eliminando los problemas de alrededor y trayendo tranquilidad al ambiente que nos rodea.<\/p>\n<p>Incienso reforzado con 7 Esencias del poder magn\u00e9tico de atracci\u00f3n.<\/p>\n<p>Capacidad para usar los 7 d\u00edas de la semana.<\/p>\n<p>Desde la m\u00e1s remota antig\u00fcedad las fuerzas astrales han ejercido sus poderes magn\u00e9ticos positivos y negativos sobre la humanidad.<\/p>\n<p>Estudios realizados sobre estas Fuerzas Astrales lograron reunir las mejores 49 esencias (7\u00d77) con los poderes magn\u00e9ticos m\u00e1s positivos y para lograr un infalible proceso de magnetizaci\u00f3n con este poderoso Incienso de atracci\u00f3n.<\/p>\n<p>Toda persona que use este poderoso incienso obtendr\u00e1 un Aura Magn\u00e9tica y Astral Positiva.<\/p>\n<p>&nbsp;<\/p>\n<p>&nbsp;<\/p>\n<p><strong>BAZAR MERLIN<\/strong><br \/>\n<strong>El Lugar M\u00e1s M\u00edstico de Guadalajara<\/strong><br \/>\n<strong>ENVIAMOS A TODO M\u00c9XICO&#8230;<\/strong><\/p>\n<!-- AddThis Advanced Settings generic via filter on the_content --><!-- AddThis Share Buttons generic via filter on the_content -->","protected":false},"excerpt":{"rendered":"<p>INCIENSO ASTRAL 7 X 7 LIMPIA Y DESTRUYE TRABAJOS DE MAGIA &nbsp; Este incienso m\u00edstico\u00a0 7\u00d77 cuida de los miembros de la familia, de su salud y de la estabilidad econ\u00f3mica. Si se coloca en la oficina o en el lugar de trabajo evita los problemas y trae tranquilidad. El incienso Astral 7\u00d77 contra todo&hellip;<!-- AddThis Advanced Settings generic via filter on get_the_excerpt --><!-- AddThis Share Buttons generic via filter on get_the_excerpt --><\/p>\n","protected":false},"featured_media":11476,"template":"","meta":[],"product_cat":[274],"product_tag":[1011,1012],"_links":{"self":[{"href":"https:\/\/www.bazarmerlin.com\/inicio\/wp-json\/wp\/v2\/product\/1622"}],"collection":[{"href":"https:\/\/www.bazarmerlin.com\/inicio\/wp-json\/wp\/v2\/product"}],"about":[{"href":"https:\/\/www.bazarmerlin.com\/inicio\/wp-json\/wp\/v2\/types\/product"}],"wp:featuredmedia":[{"embeddable":true,"href":"https:\/\/www.bazarmerlin.com\/inicio\/wp-json\/wp\/v2\/media\/11476"}],"wp:attachment":[{"href":"https:\/\/www.bazarmerlin.com\/inicio\/wp-json\/wp\/v2\/media?parent=1622"}],"wp:term":[{"taxonomy":"product_cat","embeddable":true,"href":"https:\/\/www.bazarmerlin.com\/inicio\/wp-json\/wp\/v2\/product_cat?post=1622"},{"taxonomy":"product_tag","embeddable":true,"href":"https:\/\/www.bazarmerlin.com\/inicio\/wp-json\/wp\/v2\/product_tag?post=1622"}],"curies":[{"name":"wp","href":"https:\/\/api.w.org\/{rel}","templated":true}]}}