{"id":1624,"date":"2015-07-17T17:37:41","date_gmt":"2015-07-17T17:37:41","guid":{"rendered":"https:\/\/www.bazarmerlin.com\/inicio\/?post_type=product&#038;p=1624"},"modified":"2022-12-07T23:37:15","modified_gmt":"2022-12-07T23:37:15","slug":"perfume-coco-eleggua-corta-bloqueos-y-mala-suerte","status":"publish","type":"product","link":"https:\/\/www.bazarmerlin.com\/inicio\/producto\/perfume-coco-eleggua-corta-bloqueos-y-mala-suerte\/","title":{"rendered":"Perfume Coco Eleggua &#8211; Corta Bloqueos Y Mala Suerte"},"content":{"rendered":"<h3><strong>PERFUME DE COCO ELEGGUA<\/strong><br \/>\n<strong>FABRICADO TOTALMENTE A MANO POR SANTEROS<\/strong>.<\/h3>\n<p>&nbsp;<\/p>\n<p>ATRAE A TU VIDA SUERTE Y EXITO EN TODO LO QUE EMPRENDAS.<\/p>\n<p>EL PERFUME DE COCO ELEGGUA Te Ayudar\u00e1 A Obtener Todo Lo Que Siempre Has So\u00f1ado Como Poder, Amor, Dinero Y Salud. Te ayudar\u00e1 a Lograr El \u00c9xito En Todos Los Aspectos De Tu Vida.<\/p>\n<p>Cambia Tu Vida Casi Inmediatamente Con el Poder De ELEGUA&#8230;<\/p>\n<p>Eleggua tiene el poder de absorber todas las energ\u00edas negativas y malas que pueden hacernos da\u00f1o y que impregnan a la energ\u00eda del ambiente de una casa, negocio , autom\u00f3vil, etc. Eleggua absorbe las energ\u00edas negativas de nuestro cuerpo y su fuerza limpia la energ\u00eda negativa del lugar donde se encuentra .<\/p>\n<p>El es el due\u00f1o de los caminos y encrucijadas, y posee las llaves del destino , que abre y cierra las puertas a la felicidad o la desgracia , la prosperidad y la pobreza. \u00c9l es el primero que llamamos cuando necesitamos caminos y puertas abiertas . \u00c9l es el primero de los cuatro soldados santeros (Og\u00fan, Ochosi y Ozun). Sin \u00e9l nada no se puede hacer nada.<\/p>\n<p>\u00bfPara Que Te Sirve Eleggua?<\/p>\n<p>Eleggua te invita a que abras tu camino ya que quiere ser tu \u00e1ngel guardi\u00e1n y cuidar y proteger todos tus caminos al amor dinero salud y combatir contra envidias y accidentes ya que sus poderosos receptores de energ\u00edas negativas como de ondas biomagn\u00e9ticas el cual nos ayuda a atraer vibraciones buenas y positivas a nuestras vidas llen\u00e1ndonos de poder y fuerza a trav\u00e9s de su magia extremadamente poderoso para as\u00ed poder salir adelante en nuestro camino y en todo lo que emprendamos.<\/p>\n<p>&nbsp;<\/p>\n<p>&nbsp;<\/p>\n<p><strong>BAZAR MERLIN<\/strong><br \/>\n<strong>El Lugar M\u00e1s M\u00edstico de Guadalajara<\/strong><br \/>\n<strong>ENVIAMOS A TODO M\u00c9XICO<\/strong><\/p>\n<!-- AddThis Advanced Settings generic via filter on the_content --><!-- AddThis Share Buttons generic via filter on the_content -->","protected":false},"excerpt":{"rendered":"<p>PERFUME DE COCO ELEGGUA FABRICADO TOTALMENTE A MANO POR SANTEROS. &nbsp; ATRAE A TU VIDA SUERTE Y EXITO EN TODO LO QUE EMPRENDAS. EL PERFUME DE COCO ELEGGUA Te Ayudar\u00e1 A Obtener Todo Lo Que Siempre Has So\u00f1ado Como Poder, Amor, Dinero Y Salud. Te ayudar\u00e1 a Lograr El \u00c9xito En Todos Los Aspectos De&hellip;<!-- AddThis Advanced Settings generic via filter on get_the_excerpt --><!-- AddThis Share Buttons generic via filter on get_the_excerpt --><\/p>\n","protected":false},"featured_media":11009,"template":"","meta":[],"product_cat":[20],"product_tag":[953,1013],"_links":{"self":[{"href":"https:\/\/www.bazarmerlin.com\/inicio\/wp-json\/wp\/v2\/product\/1624"}],"collection":[{"href":"https:\/\/www.bazarmerlin.com\/inicio\/wp-json\/wp\/v2\/product"}],"about":[{"href":"https:\/\/www.bazarmerlin.com\/inicio\/wp-json\/wp\/v2\/types\/product"}],"wp:featuredmedia":[{"embeddable":true,"href":"https:\/\/www.bazarmerlin.com\/inicio\/wp-json\/wp\/v2\/media\/11009"}],"wp:attachment":[{"href":"https:\/\/www.bazarmerlin.com\/inicio\/wp-json\/wp\/v2\/media?parent=1624"}],"wp:term":[{"taxonomy":"product_cat","embeddable":true,"href":"https:\/\/www.bazarmerlin.com\/inicio\/wp-json\/wp\/v2\/product_cat?post=1624"},{"taxonomy":"product_tag","embeddable":true,"href":"https:\/\/www.bazarmerlin.com\/inicio\/wp-json\/wp\/v2\/product_tag?post=1624"}],"curies":[{"name":"wp","href":"https:\/\/api.w.org\/{rel}","templated":true}]}}