{"id":1636,"date":"2015-07-17T17:54:35","date_gmt":"2015-07-17T17:54:35","guid":{"rendered":"https:\/\/www.bazarmerlin.com\/inicio\/?post_type=product&#038;p=1636"},"modified":"2022-12-15T22:09:56","modified_gmt":"2022-12-15T22:09:56","slug":"biblia-de-los-cristales-vol-3-cuarzos-y-piedras","status":"publish","type":"product","link":"https:\/\/www.bazarmerlin.com\/inicio\/producto\/biblia-de-los-cristales-vol-3-cuarzos-y-piedras\/","title":{"rendered":"Biblia De Los Cristales Vol. 3 Cuarzos Y Piedras"},"content":{"rendered":"<h3><strong>BIBLIA DE LOS CRISTALES VOL. 3 CUARZOS Y PIEDRAS<\/strong><\/h3>\n<p>&nbsp;<\/p>\n<p>Este tercer volumen del bestseller La biblia de los cristales presenta m\u00e1s de 250 cristales y minerales de nueva generaci\u00f3n y alta vibraci\u00f3n que te ayudar\u00e1n en tu proceso sanador y de transformaci\u00f3n.<\/p>\n<p>Entre ellos se incluyen varios cristales extraordinarios cuyas propiedades esot\u00e9ricas no figuran en ning\u00fan otro texto.<\/p>\n<p>En esta gu\u00eda esencial tambi\u00e9n incluimos apartados dedicados a las calaveras de cristal, a los sers cristalinos, a las piedras de Madagascar e indicaciones para trabajar con los &#8220;nuevos&#8221; chakras tales como la Estrella del Alma y los chakras de la Manifestaci\u00f3n, que resultan estimulados por los poderosos cristales que aparecen en este tomo.<\/p>\n<p>&nbsp;<\/p>\n<p><strong>BAZAR MERLIN<\/strong><br \/>\n<strong>El Lugar M\u00e1s M\u00edstico de Guadalajara<\/strong><br \/>\n<strong>ENVIAMOS A TODO M\u00c9XICO<\/strong><\/p>\n<!-- AddThis Advanced Settings generic via filter on the_content --><!-- AddThis Share Buttons generic via filter on the_content -->","protected":false},"excerpt":{"rendered":"<p>BIBLIA DE LOS CRISTALES VOL. 3 CUARZOS Y PIEDRAS &nbsp; Este tercer volumen del bestseller La biblia de los cristales presenta m\u00e1s de 250 cristales y minerales de nueva generaci\u00f3n y alta vibraci\u00f3n que te ayudar\u00e1n en tu proceso sanador y de transformaci\u00f3n. Entre ellos se incluyen varios cristales extraordinarios cuyas propiedades esot\u00e9ricas no figuran&hellip;<!-- AddThis Advanced Settings generic via filter on get_the_excerpt --><!-- AddThis Share Buttons generic via filter on get_the_excerpt --><\/p>\n","protected":false},"featured_media":11094,"template":"","meta":[],"product_cat":[13],"product_tag":[1023],"_links":{"self":[{"href":"https:\/\/www.bazarmerlin.com\/inicio\/wp-json\/wp\/v2\/product\/1636"}],"collection":[{"href":"https:\/\/www.bazarmerlin.com\/inicio\/wp-json\/wp\/v2\/product"}],"about":[{"href":"https:\/\/www.bazarmerlin.com\/inicio\/wp-json\/wp\/v2\/types\/product"}],"wp:featuredmedia":[{"embeddable":true,"href":"https:\/\/www.bazarmerlin.com\/inicio\/wp-json\/wp\/v2\/media\/11094"}],"wp:attachment":[{"href":"https:\/\/www.bazarmerlin.com\/inicio\/wp-json\/wp\/v2\/media?parent=1636"}],"wp:term":[{"taxonomy":"product_cat","embeddable":true,"href":"https:\/\/www.bazarmerlin.com\/inicio\/wp-json\/wp\/v2\/product_cat?post=1636"},{"taxonomy":"product_tag","embeddable":true,"href":"https:\/\/www.bazarmerlin.com\/inicio\/wp-json\/wp\/v2\/product_tag?post=1636"}],"curies":[{"name":"wp","href":"https:\/\/api.w.org\/{rel}","templated":true}]}}