{"id":1638,"date":"2015-07-17T17:57:21","date_gmt":"2015-07-17T17:57:21","guid":{"rendered":"https:\/\/www.bazarmerlin.com\/inicio\/?post_type=product&#038;p=1638"},"modified":"2022-11-30T00:58:35","modified_gmt":"2022-11-30T00:58:35","slug":"velon-de-meditacion-7-chakras-paz-y-armonia-para-meditar","status":"publish","type":"product","link":"https:\/\/www.bazarmerlin.com\/inicio\/producto\/velon-de-meditacion-7-chakras-paz-y-armonia-para-meditar\/","title":{"rendered":"Velon De Meditacion 7 Chakras &#8211; Paz Y Armonia Para Meditar"},"content":{"rendered":"<p><strong>VEL\u00d3N MEDITACI\u00d3N 7 CHAKRAS<\/strong><\/p>\n<p>&nbsp;<\/p>\n<p>UN VEL\u00d3N \u00daNICO en su categor\u00eda, PROPORCIONA PAZ Y ARMON\u00cdA A LA HORA DE MEDITAR o practicar cualquier tipo de curaci\u00f3n o sesi\u00f3n energ\u00e9tica. Muy usado por los profesionales de la meditaci\u00f3n.<\/p>\n<p>El vel\u00f3n &#8220;Siete Chakras&#8221; est\u00e1 preparado para realizar meditaciones o acompa\u00f1ar terapias para equilibrar y\/o potenciar estos centros sutiles por donde entran distintas cualidades de energ\u00eda en nuestro cuerpo.<\/p>\n<p>LA MEDITACION NOS AYUDA A DESCANSAR NUESTRA MENTE DE LA RUTINA DIARIA Y CONCENTRARNOS EN ESA UNICA COSA QUE NOS HACE FELIZ. NUESTRO SER<\/p>\n<p>&nbsp;<\/p>\n<p>&nbsp;<\/p>\n<p><strong>BAZAR MERLIN<\/strong><br \/>\n<strong>El Lugar M\u00e1s M\u00edstico de Guadalajara<\/strong><br \/>\n<strong>ENVIAMOS A TODO M\u00c9XICO<\/strong><\/p>\n<!-- AddThis Advanced Settings generic via filter on the_content --><!-- AddThis Share Buttons generic via filter on the_content -->","protected":false},"excerpt":{"rendered":"<p>VEL\u00d3N MEDITACI\u00d3N 7 CHAKRAS &nbsp; UN VEL\u00d3N \u00daNICO en su categor\u00eda, PROPORCIONA PAZ Y ARMON\u00cdA A LA HORA DE MEDITAR o practicar cualquier tipo de curaci\u00f3n o sesi\u00f3n energ\u00e9tica. Muy usado por los profesionales de la meditaci\u00f3n. El vel\u00f3n &#8220;Siete Chakras&#8221; est\u00e1 preparado para realizar meditaciones o acompa\u00f1ar terapias para equilibrar y\/o potenciar estos centros&hellip;<!-- AddThis Advanced Settings generic via filter on get_the_excerpt --><!-- AddThis Share Buttons generic via filter on get_the_excerpt --><\/p>\n","protected":false},"featured_media":10897,"template":"","meta":[],"product_cat":[19],"product_tag":[1025,1024],"_links":{"self":[{"href":"https:\/\/www.bazarmerlin.com\/inicio\/wp-json\/wp\/v2\/product\/1638"}],"collection":[{"href":"https:\/\/www.bazarmerlin.com\/inicio\/wp-json\/wp\/v2\/product"}],"about":[{"href":"https:\/\/www.bazarmerlin.com\/inicio\/wp-json\/wp\/v2\/types\/product"}],"wp:featuredmedia":[{"embeddable":true,"href":"https:\/\/www.bazarmerlin.com\/inicio\/wp-json\/wp\/v2\/media\/10897"}],"wp:attachment":[{"href":"https:\/\/www.bazarmerlin.com\/inicio\/wp-json\/wp\/v2\/media?parent=1638"}],"wp:term":[{"taxonomy":"product_cat","embeddable":true,"href":"https:\/\/www.bazarmerlin.com\/inicio\/wp-json\/wp\/v2\/product_cat?post=1638"},{"taxonomy":"product_tag","embeddable":true,"href":"https:\/\/www.bazarmerlin.com\/inicio\/wp-json\/wp\/v2\/product_tag?post=1638"}],"curies":[{"name":"wp","href":"https:\/\/api.w.org\/{rel}","templated":true}]}}