{"id":1641,"date":"2015-07-17T18:00:04","date_gmt":"2015-07-17T18:00:04","guid":{"rendered":"https:\/\/www.bazarmerlin.com\/inicio\/?post_type=product&#038;p=1641"},"modified":"2022-11-30T22:42:13","modified_gmt":"2022-11-30T22:42:13","slug":"velon-de-meditacion-om-paz-y-armonia-especial-para-meditar","status":"publish","type":"product","link":"https:\/\/www.bazarmerlin.com\/inicio\/producto\/velon-de-meditacion-om-paz-y-armonia-especial-para-meditar\/","title":{"rendered":"Velon De Meditacion Om &#8211; Paz Y Armonia Especial Para Meditar"},"content":{"rendered":"<p><strong>VEL\u00d3N MEDITACI\u00d3N OM<\/strong><\/p>\n<p>&nbsp;<\/p>\n<p>UN VEL\u00d3N \u00daNICO en su categoria. PROPORCIONA PAZ Y ARMON\u00cdA A LA HORA DE MEDITAR o practicar cualquier tipo de curaci\u00f3n o sesi\u00f3n energ\u00e9tica. Muy usado por los profesionales de la meditaci\u00f3n.<\/p>\n<p>LOS MANTRAS M\u00e1s poderosos son los que poseen forma nonosilabica. El m\u00e1s conocido es el Hindu OM que contiene LA CLAVE DEL UNIVERSO.<\/p>\n<p>El vel\u00f3n &#8220;OM&#8221; est\u00e1 preparado para realizar meditaciones o acompa\u00f1ar terapias para equilibrar y\/o potenciar estos centros sutiles por donde entran distintas cualidades de energ\u00eda en nuestro cuerpo.<\/p>\n<p>Aunque este mantra es considerado la esencia de todos los vedas y otros cultos orientales, no es una palabra de origen sanscrito, ni de ning\u00fan otro idioma; es una palabra sagrada, el s\u00edmbolo m\u00e1s elevado del universo, el acercamiento mayor a lo ABSOLUTO.<\/p>\n<p>Se requiere una mente muy fuerte, una aplicaci\u00f3n continua, meditaci\u00f3n solitaria y un gran concentraci\u00f3n para conectarse con su verdadero significado, ya que ning\u00fan otro sonido produce tan fuerte poder de vibraci\u00f3n como OM BRAHMAN SIMBOLIZA EL DIVINO Y EL UNIVERSO ENTERO.<\/p>\n<p>&nbsp;<\/p>\n<p>&nbsp;<\/p>\n<p><strong>BAZAR MERL\u00cdN<\/strong><br \/>\n<strong>El Lugar M\u00e1s M\u00edstico de Guadalajara<\/strong><br \/>\n<strong>ENVIAMOS A TODO M\u00c9XICO\u2026<\/strong><\/p>\n<!-- AddThis Advanced Settings generic via filter on the_content --><!-- AddThis Share Buttons generic via filter on the_content -->","protected":false},"excerpt":{"rendered":"<p>VEL\u00d3N MEDITACI\u00d3N OM &nbsp; UN VEL\u00d3N \u00daNICO en su categoria. PROPORCIONA PAZ Y ARMON\u00cdA A LA HORA DE MEDITAR o practicar cualquier tipo de curaci\u00f3n o sesi\u00f3n energ\u00e9tica. Muy usado por los profesionales de la meditaci\u00f3n. LOS MANTRAS M\u00e1s poderosos son los que poseen forma nonosilabica. El m\u00e1s conocido es el Hindu OM que contiene&hellip;<!-- AddThis Advanced Settings generic via filter on get_the_excerpt --><!-- AddThis Share Buttons generic via filter on get_the_excerpt --><\/p>\n","protected":false},"featured_media":10901,"template":"","meta":[],"product_cat":[19],"product_tag":[1027,1026],"_links":{"self":[{"href":"https:\/\/www.bazarmerlin.com\/inicio\/wp-json\/wp\/v2\/product\/1641"}],"collection":[{"href":"https:\/\/www.bazarmerlin.com\/inicio\/wp-json\/wp\/v2\/product"}],"about":[{"href":"https:\/\/www.bazarmerlin.com\/inicio\/wp-json\/wp\/v2\/types\/product"}],"wp:featuredmedia":[{"embeddable":true,"href":"https:\/\/www.bazarmerlin.com\/inicio\/wp-json\/wp\/v2\/media\/10901"}],"wp:attachment":[{"href":"https:\/\/www.bazarmerlin.com\/inicio\/wp-json\/wp\/v2\/media?parent=1641"}],"wp:term":[{"taxonomy":"product_cat","embeddable":true,"href":"https:\/\/www.bazarmerlin.com\/inicio\/wp-json\/wp\/v2\/product_cat?post=1641"},{"taxonomy":"product_tag","embeddable":true,"href":"https:\/\/www.bazarmerlin.com\/inicio\/wp-json\/wp\/v2\/product_tag?post=1641"}],"curies":[{"name":"wp","href":"https:\/\/api.w.org\/{rel}","templated":true}]}}