{"id":1645,"date":"2015-07-17T18:04:10","date_gmt":"2015-07-17T18:04:10","guid":{"rendered":"https:\/\/www.bazarmerlin.com\/inicio\/?post_type=product&#038;p=1645"},"modified":"2022-12-02T00:23:12","modified_gmt":"2022-12-02T00:23:12","slug":"locion-7-arcangeles-armonia-y-proteccion-en-ti","status":"publish","type":"product","link":"https:\/\/www.bazarmerlin.com\/inicio\/producto\/locion-7-arcangeles-armonia-y-proteccion-en-ti\/","title":{"rendered":"Locion 7 Arcangeles &#8211; Armonia Y Proteccion En Ti."},"content":{"rendered":"<p><strong>PERFUME DE LOS 7 ARCANGELES.<\/strong><br \/>\n<strong>Para Atraer Suerte, Armonia Y Proteccion A Tu Vida.<\/strong><\/p>\n<p>&nbsp;<\/p>\n<p>Los perfumes celestiales como \u00e9ste, son sutiles energ\u00edas que transitan por las l\u00edneas c\u00f3smicas que atraviesan la tierra y tiene la propiedad de manifestarse a trav\u00e9s de las Flores, plantas, \u00e1rboles, resinas, semillas, rocas, maderas y en todo y cada una de las min\u00fasculas part\u00edculas de la creaci\u00f3n del Dios todopoderoso.<\/p>\n<p>Utilizando el perfume de Los 7 arc\u00e1ngeles lograr\u00e1s encontrar la protecci\u00f3n la suerte y la luz a todos tus problemas por m\u00e1s dif\u00edciles que sean Ya que ellos te cubrir\u00e1n con su manto y har\u00e1n que tu vida cambie de una forma m\u00e1s sencilla y r\u00e1pida.<\/p>\n<p>Utilizar la oraci\u00f3n de tu Arc\u00e1ngel, Dependiendo el d\u00eda de la semana que apliques este poderoso como espiritual perfume.<\/p>\n<p>Lunes &#8211; Arc\u00e1ngel Jofiel<br \/>\nMartes- Arc\u00e1ngel Chamuel<br \/>\nMi\u00e9rcoles- Arc\u00e1ngel Gabriel<br \/>\nJueves &#8211; Arc\u00e1ngel Rafael<br \/>\nViernes &#8211; Arc\u00e1ngel Uriel<br \/>\nS\u00e1bado &#8211; Arc\u00e1ngel Zadquiel<br \/>\nDomingo &#8211; Arc\u00e1ngel Miguel<\/p>\n<p>&nbsp;<\/p>\n<p>&nbsp;<\/p>\n<p><strong>BAZAR MERLIN<\/strong><br \/>\n<strong>El Lugar M\u00e1s M\u00edstico de Guadalajara<\/strong><br \/>\n<strong>ENVIAMOS A TODO M\u00c9XICO<\/strong><\/p>\n<!-- AddThis Advanced Settings generic via filter on the_content --><!-- AddThis Share Buttons generic via filter on the_content -->","protected":false},"excerpt":{"rendered":"<p>PERFUME DE LOS 7 ARCANGELES. Para Atraer Suerte, Armonia Y Proteccion A Tu Vida. &nbsp; Los perfumes celestiales como \u00e9ste, son sutiles energ\u00edas que transitan por las l\u00edneas c\u00f3smicas que atraviesan la tierra y tiene la propiedad de manifestarse a trav\u00e9s de las Flores, plantas, \u00e1rboles, resinas, semillas, rocas, maderas y en todo y cada&hellip;<!-- AddThis Advanced Settings generic via filter on get_the_excerpt --><!-- AddThis Share Buttons generic via filter on get_the_excerpt --><\/p>\n","protected":false},"featured_media":10939,"template":"","meta":[],"product_cat":[20],"product_tag":[1029,1028],"_links":{"self":[{"href":"https:\/\/www.bazarmerlin.com\/inicio\/wp-json\/wp\/v2\/product\/1645"}],"collection":[{"href":"https:\/\/www.bazarmerlin.com\/inicio\/wp-json\/wp\/v2\/product"}],"about":[{"href":"https:\/\/www.bazarmerlin.com\/inicio\/wp-json\/wp\/v2\/types\/product"}],"wp:featuredmedia":[{"embeddable":true,"href":"https:\/\/www.bazarmerlin.com\/inicio\/wp-json\/wp\/v2\/media\/10939"}],"wp:attachment":[{"href":"https:\/\/www.bazarmerlin.com\/inicio\/wp-json\/wp\/v2\/media?parent=1645"}],"wp:term":[{"taxonomy":"product_cat","embeddable":true,"href":"https:\/\/www.bazarmerlin.com\/inicio\/wp-json\/wp\/v2\/product_cat?post=1645"},{"taxonomy":"product_tag","embeddable":true,"href":"https:\/\/www.bazarmerlin.com\/inicio\/wp-json\/wp\/v2\/product_tag?post=1645"}],"curies":[{"name":"wp","href":"https:\/\/api.w.org\/{rel}","templated":true}]}}