{"id":1651,"date":"2015-07-17T18:10:31","date_gmt":"2015-07-17T18:10:31","guid":{"rendered":"https:\/\/www.bazarmerlin.com\/inicio\/?post_type=product&#038;p=1651"},"modified":"2022-12-07T23:28:50","modified_gmt":"2022-12-07T23:28:50","slug":"perfume-brujo-mayor-suerte-y-retira-cualquier-trabajo","status":"publish","type":"product","link":"https:\/\/www.bazarmerlin.com\/inicio\/producto\/perfume-brujo-mayor-suerte-y-retira-cualquier-trabajo\/","title":{"rendered":"Perfume Brujo Mayor &#8211; Suerte Y Retira Cualquier Trabajo"},"content":{"rendered":"<h3><strong>PERFUME BRUJO MAYOR<\/strong><br \/>\n<strong>USALO PARA RETIRAR CUALQUIER TRABAJO NEGRO.<\/strong><\/h3>\n<p>&nbsp;<\/p>\n<p>HECHO POR BRUJOS Y PROFESIONALES DE LA MAGIA DE ALTO PODER<\/p>\n<p>Este poderoso perfume esta fabricado con las ciencias b\u00e1sicas y m\u00e1gicas para desterrar ELIMINAR MALAS VIBRAS, MALA SUERTE, EMBRUJOS, HECHIZOS Y SALACIONES. Como cualquier otro trabajo negro por muy dif\u00edcil que sea.<\/p>\n<p>Este poderoso perfume es ritualizado para atraer la buena suerte y protecci\u00f3n.<br \/>\nEst\u00e1 elaborado con los m\u00e1s finos aceites y esencias para atraer el \u00e9xito en todo lo que emprendas.<\/p>\n<p>Hecho por verdaderos brujos y parapsic\u00f3logos de magia de alto poder.<\/p>\n<p>Te ayudar\u00e1 Para mayor protecci\u00f3n, suerte, prosperidad, limpias y despojos.<\/p>\n<p>&nbsp;<\/p>\n<p>&nbsp;<\/p>\n<p><strong>BAZAR MERLIN<\/strong><br \/>\n<strong>El Lugar M\u00e1s M\u00edstico de Guadalajara<\/strong><br \/>\n<strong>ENVIAMOS A TODO M\u00c9XICO<\/strong><\/p>\n<!-- AddThis Advanced Settings generic via filter on the_content --><!-- AddThis Share Buttons generic via filter on the_content -->","protected":false},"excerpt":{"rendered":"<p>PERFUME BRUJO MAYOR USALO PARA RETIRAR CUALQUIER TRABAJO NEGRO. &nbsp; HECHO POR BRUJOS Y PROFESIONALES DE LA MAGIA DE ALTO PODER Este poderoso perfume esta fabricado con las ciencias b\u00e1sicas y m\u00e1gicas para desterrar ELIMINAR MALAS VIBRAS, MALA SUERTE, EMBRUJOS, HECHIZOS Y SALACIONES. Como cualquier otro trabajo negro por muy dif\u00edcil que sea. Este poderoso&hellip;<!-- AddThis Advanced Settings generic via filter on get_the_excerpt --><!-- AddThis Share Buttons generic via filter on get_the_excerpt --><\/p>\n","protected":false},"featured_media":11007,"template":"","meta":[],"product_cat":[20],"product_tag":[1030,1031],"_links":{"self":[{"href":"https:\/\/www.bazarmerlin.com\/inicio\/wp-json\/wp\/v2\/product\/1651"}],"collection":[{"href":"https:\/\/www.bazarmerlin.com\/inicio\/wp-json\/wp\/v2\/product"}],"about":[{"href":"https:\/\/www.bazarmerlin.com\/inicio\/wp-json\/wp\/v2\/types\/product"}],"wp:featuredmedia":[{"embeddable":true,"href":"https:\/\/www.bazarmerlin.com\/inicio\/wp-json\/wp\/v2\/media\/11007"}],"wp:attachment":[{"href":"https:\/\/www.bazarmerlin.com\/inicio\/wp-json\/wp\/v2\/media?parent=1651"}],"wp:term":[{"taxonomy":"product_cat","embeddable":true,"href":"https:\/\/www.bazarmerlin.com\/inicio\/wp-json\/wp\/v2\/product_cat?post=1651"},{"taxonomy":"product_tag","embeddable":true,"href":"https:\/\/www.bazarmerlin.com\/inicio\/wp-json\/wp\/v2\/product_tag?post=1651"}],"curies":[{"name":"wp","href":"https:\/\/api.w.org\/{rel}","templated":true}]}}