{"id":166,"date":"2015-06-20T18:05:49","date_gmt":"2015-06-20T18:05:49","guid":{"rendered":"https:\/\/www.bazarmerlin.com\/inicio\/?post_type=product&#038;p=166"},"modified":"2022-12-26T23:54:00","modified_gmt":"2022-12-26T23:54:00","slug":"libro-sobre-el-pendulo-todo-acerca-de-el-y-como-manejarlo","status":"publish","type":"product","link":"https:\/\/www.bazarmerlin.com\/inicio\/producto\/libro-sobre-el-pendulo-todo-acerca-de-el-y-como-manejarlo\/","title":{"rendered":"Libro El P\u00e9ndulo &#8211; Todo Acerca De El Y Como Trabajarlo"},"content":{"rendered":"<p><strong>Libro El P\u00e9ndulo<\/strong><br \/>\n<strong>Todo Acerca De El Y Como Trabajarlo<\/strong><\/p>\n<p>&nbsp;<\/p>\n<p>El p\u00e9ndulo es un objeto ligero suspendido de una cuerda que se sostiene entre los dedos \u00edndice y pulgar. El movimiento del objeto indica energ\u00eda positiva o negativa. En este libro se describe una gran variedad de m\u00e9todos para usar el p\u00e9ndulo f\u00e1cilmente, con un poco de pr\u00e1ctica y esfuerzo se logran resultados sorprendentes y de largo alcance.<\/p>\n<p>Con el uso diario, el poder del p\u00e9ndulo otorga informaci\u00f3n precisa que puede llevarnos a tener una vida satisfactoria, m\u00e1s sana y sencilla.<\/p>\n<p>Con este libro te ense\u00f1ara todo lo que necesitas saber de los P\u00c9NDULO y VARILLAS ZAHORI O DE RADIESTESIA, ademas de:<br \/>\n* \u00bfQUE ES?<br \/>\n*\u00bfC\u00d3MO FUNCIONA?<br \/>\n*REGLAS DE USO<br \/>\n*M\u00c9TODOS PARA AFINARLO<br \/>\n*USOS AVANZADOS.<\/p>\n<p>Adem\u00e1s descubrir\u00e1 C\u00f3mo puedes salir de las dificultades que se le presenten, debido que El p\u00e9ndulo le puede proporcionar valiosa informaci\u00f3n que para usted tengo una vida llena de satisfacci\u00f3n, salud y felicidad. Todo esto de una manera f\u00e1cil sencilla y r\u00e1pida.<\/p>\n<p>&nbsp;<\/p>\n<p>&nbsp;<\/p>\n<p>&nbsp;<\/p>\n<p><strong>BAZAR MERLIN<\/strong><br \/>\n<strong>El Lugar M\u00e1s M\u00edstico de Guadalajara<\/strong><br \/>\n<strong>ENVIAMOS A TODO M\u00c9XICO\u00a0<\/strong><\/p>\n<!-- AddThis Advanced Settings generic via filter on the_content --><!-- AddThis Share Buttons generic via filter on the_content -->","protected":false},"excerpt":{"rendered":"<p>Libro El P\u00e9ndulo Todo Acerca De El Y Como Trabajarlo &nbsp; El p\u00e9ndulo es un objeto ligero suspendido de una cuerda que se sostiene entre los dedos \u00edndice y pulgar. El movimiento del objeto indica energ\u00eda positiva o negativa. En este libro se describe una gran variedad de m\u00e9todos para usar el p\u00e9ndulo f\u00e1cilmente, con&hellip;<!-- AddThis Advanced Settings generic via filter on get_the_excerpt --><!-- AddThis Share Buttons generic via filter on get_the_excerpt --><\/p>\n","protected":false},"featured_media":11254,"template":"","meta":[],"product_cat":[21],"product_tag":[439,440],"_links":{"self":[{"href":"https:\/\/www.bazarmerlin.com\/inicio\/wp-json\/wp\/v2\/product\/166"}],"collection":[{"href":"https:\/\/www.bazarmerlin.com\/inicio\/wp-json\/wp\/v2\/product"}],"about":[{"href":"https:\/\/www.bazarmerlin.com\/inicio\/wp-json\/wp\/v2\/types\/product"}],"wp:featuredmedia":[{"embeddable":true,"href":"https:\/\/www.bazarmerlin.com\/inicio\/wp-json\/wp\/v2\/media\/11254"}],"wp:attachment":[{"href":"https:\/\/www.bazarmerlin.com\/inicio\/wp-json\/wp\/v2\/media?parent=166"}],"wp:term":[{"taxonomy":"product_cat","embeddable":true,"href":"https:\/\/www.bazarmerlin.com\/inicio\/wp-json\/wp\/v2\/product_cat?post=166"},{"taxonomy":"product_tag","embeddable":true,"href":"https:\/\/www.bazarmerlin.com\/inicio\/wp-json\/wp\/v2\/product_tag?post=166"}],"curies":[{"name":"wp","href":"https:\/\/api.w.org\/{rel}","templated":true}]}}